{"id":9526,"date":"2021-10-14T09:51:34","date_gmt":"2021-10-14T09:51:34","guid":{"rendered":"https:\/\/otbb.org\/?page_id=9526"},"modified":"2024-02-29T12:38:33","modified_gmt":"2024-02-29T12:38:33","slug":"hotellerie","status":"publish","type":"page","link":"https:\/\/otbb.org\/en\/hotellerie\/","title":{"rendered":"Hospitality"},"content":{"rendered":"<div data-elementor-type=\"wp-page\" data-elementor-id=\"9526\" class=\"elementor elementor-9526\" data-elementor-post-type=\"page\">\n\t\t\t\t\t\t<section class=\"elementor-section elementor-top-section elementor-element elementor-element-ff9253b elementor-section-content-middle elementor-hidden-desktop elementor-hidden-tablet elementor-hidden-mobile elementor-section-boxed elementor-section-height-default elementor-section-height-default\" data-id=\"ff9253b\" data-element_type=\"section\" data-e-type=\"section\">\n\t\t\t\t\t\t<div class=\"elementor-container elementor-column-gap-default\">\n\t\t\t\t\t<div class=\"elementor-column elementor-col-100 elementor-top-column elementor-element elementor-element-d03c33b\" data-id=\"d03c33b\" data-element_type=\"column\" data-e-type=\"column\">\n\t\t\t<div class=\"elementor-widget-wrap elementor-element-populated\">\n\t\t\t\t\t\t<section class=\"elementor-section elementor-inner-section elementor-element elementor-element-23df561 elementor-section-boxed elementor-section-height-default elementor-section-height-default\" data-id=\"23df561\" data-element_type=\"section\" data-e-type=\"section\">\n\t\t\t\t\t\t<div class=\"elementor-container elementor-column-gap-default\">\n\t\t\t\t\t<div class=\"elementor-column elementor-col-50 elementor-inner-column elementor-element elementor-element-84b190e\" data-id=\"84b190e\" data-element_type=\"column\" data-e-type=\"column\">\n\t\t\t<div class=\"elementor-widget-wrap elementor-element-populated\">\n\t\t\t\t\t\t<div class=\"elementor-element elementor-element-b918523 elementor-widget elementor-widget-image\" data-id=\"b918523\" data-element_type=\"widget\" data-e-type=\"widget\" data-widget_type=\"image.default\">\n\t\t\t\t<div class=\"elementor-widget-container\">\n\t\t\t\t\t\t\t\t\t\t\t\t\t\t\t<img decoding=\"async\" width=\"121\" height=\"123\" data-src=\"https:\/\/otbb.org\/wp-content\/uploads\/2021\/08\/Ellipse-270.png\" class=\"attachment-large size-large wp-image-2777 lazyload\" alt=\"rond\" data-srcset=\"https:\/\/otbb.org\/wp-content\/uploads\/2021\/08\/Ellipse-270.png 121w, https:\/\/otbb.org\/wp-content\/uploads\/2021\/08\/Ellipse-270-12x12.png 12w\" data-sizes=\"(max-width: 121px) 100vw, 121px\" style=\"--smush-placeholder-width: 121px; --smush-placeholder-aspect-ratio: 121\/123;width:100%;height:101.65%;max-width:121px\" src=\"data:image\/svg+xml;base64,PHN2ZyB3aWR0aD0iMSIgaGVpZ2h0PSIxIiB4bWxucz0iaHR0cDovL3d3dy53My5vcmcvMjAwMC9zdmciPjwvc3ZnPg==\" \/>\t\t\t\t\t\t\t\t\t\t\t\t\t\t\t<\/div>\n\t\t\t\t<\/div>\n\t\t\t\t\t<\/div>\n\t\t<\/div>\n\t\t\t\t<div class=\"elementor-column elementor-col-50 elementor-inner-column elementor-element elementor-element-e13ad7b\" data-id=\"e13ad7b\" data-element_type=\"column\" data-e-type=\"column\">\n\t\t\t<div class=\"elementor-widget-wrap elementor-element-populated\">\n\t\t\t\t\t\t<div class=\"elementor-element elementor-element-096214a titre-mobile elementor-widget elementor-widget-text-editor\" data-id=\"096214a\" data-element_type=\"widget\" data-e-type=\"widget\" data-widget_type=\"text-editor.default\">\n\t\t\t\t<div class=\"elementor-widget-container\">\n\t\t\t\t\t\t\t\t\t<h1>HOSPITALITY<\/h1>\t\t\t\t\t\t\t\t<\/div>\n\t\t\t\t<\/div>\n\t\t\t\t\t<\/div>\n\t\t<\/div>\n\t\t\t\t\t<\/div>\n\t\t<\/section>\n\t\t\t\t\t<\/div>\n\t\t<\/div>\n\t\t\t\t\t<\/div>\n\t\t<\/section>\n\t\t\t\t<section class=\"elementor-section elementor-top-section elementor-element elementor-element-9573201 elementor-section-boxed elementor-section-height-default elementor-section-height-default\" data-id=\"9573201\" data-element_type=\"section\" data-e-type=\"section\">\n\t\t\t\t\t\t<div class=\"elementor-container elementor-column-gap-default\">\n\t\t\t\t\t<div class=\"elementor-column elementor-col-100 elementor-top-column elementor-element elementor-element-7cc02a1\" data-id=\"7cc02a1\" data-element_type=\"column\" data-e-type=\"column\">\n\t\t\t<div class=\"elementor-widget-wrap elementor-element-populated\">\n\t\t\t\t\t\t<div class=\"elementor-element elementor-element-ab43ad9 elementor-widget elementor-widget-shortcode\" data-id=\"ab43ad9\" data-element_type=\"widget\" data-e-type=\"widget\" data-widget_type=\"shortcode.default\">\n\t\t\t\t<div class=\"elementor-widget-container\">\n\t\t\t\t\t\t\t<div class=\"elementor-shortcode\"><div class=\"custom-title-pages-container default-container\"><h2 id=\"default\" class=\"custom-title-pages-blue custom-title-pages\">hospitality<\/h2><\/div><\/div>\n\t\t\t\t\t\t<\/div>\n\t\t\t\t<\/div>\n\t\t\t\t\t<\/div>\n\t\t<\/div>\n\t\t\t\t\t<\/div>\n\t\t<\/section>\n\t\t\t\t<section class=\"elementor-section elementor-top-section elementor-element elementor-element-aa6fc76 elementor-section-stretched elementor-section-height-full elementor-section-boxed elementor-section-height-default elementor-section-items-middle\" data-id=\"aa6fc76\" data-element_type=\"section\" data-e-type=\"section\" data-settings=\"{&quot;stretch_section&quot;:&quot;section-stretched&quot;}\">\n\t\t\t\t\t\t<div class=\"elementor-container elementor-column-gap-default\">\n\t\t\t\t\t<div class=\"elementor-column elementor-col-100 elementor-top-column elementor-element elementor-element-dd02784\" data-id=\"dd02784\" data-element_type=\"column\" data-e-type=\"column\">\n\t\t\t<div class=\"elementor-widget-wrap elementor-element-populated\">\n\t\t\t\t\t\t<div class=\"elementor-element elementor-element-60f62a2 elementor-widget elementor-widget-html\" data-id=\"60f62a2\" data-element_type=\"widget\" data-e-type=\"widget\" data-widget_type=\"html.default\">\n\t\t\t\t<div class=\"elementor-widget-container\">\n\t\t\t\t\t<iframe width=\"100%\" height=\"100%\" marginheight=\"10\"  data-src=\"https:\/\/livemap.getwemap.com\/embed.html?emmid=14439&token=Z7QXGDOCKTIW9WHZTOOZM7ZA4\" frameborder=\"0\" style=\"max-width:100%\" allowfullscreen allowtransparency allow=\"geolocation; camera; accelerometer; gyroscope; magnetometer; fullscreen\" src=\"data:image\/svg+xml;base64,PHN2ZyB3aWR0aD0iMSIgaGVpZ2h0PSIxIiB4bWxucz0iaHR0cDovL3d3dy53My5vcmcvMjAwMC9zdmciPjwvc3ZnPg==\" class=\"lazyload\" data-load-mode=\"1\"><\/iframe>\r\n\r\n\r\n\t\t\t\t<\/div>\n\t\t\t\t<\/div>\n\t\t\t\t\t<\/div>\n\t\t<\/div>\n\t\t\t\t\t<\/div>\n\t\t<\/section>\n\t\t\t\t<section class=\"elementor-section elementor-top-section elementor-element elementor-element-203e43e elementor-section-boxed elementor-section-height-default elementor-section-height-default\" data-id=\"203e43e\" data-element_type=\"section\" data-e-type=\"section\">\n\t\t\t\t\t\t<div class=\"elementor-container elementor-column-gap-default\">\n\t\t\t\t\t<div class=\"elementor-column elementor-col-100 elementor-top-column elementor-element elementor-element-09dd683\" data-id=\"09dd683\" data-element_type=\"column\" data-e-type=\"column\">\n\t\t\t<div class=\"elementor-widget-wrap elementor-element-populated\">\n\t\t\t\t\t\t<div class=\"elementor-element elementor-element-3d29539 elementor-widget elementor-widget-text-editor\" data-id=\"3d29539\" data-element_type=\"widget\" data-e-type=\"widget\" data-widget_type=\"text-editor.default\">\n\t\t\t\t<div class=\"elementor-widget-container\">\n\t\t\t\t\t\t\t\t\t<h5 style=\"text-align: center;\"><span style=\"font-size: 18pt;\">Do you wish to register a tourist accommodation? <a href=\"https:\/\/www.boulognebillancourt.com\/mes-demarches\/particuliers\/declaration-dhebergement-touristique\"><span style=\"font-size: 18pt;\">CLICK HERE<\/span><\/a><\/span><\/h5><p style=\"text-align: center;\">\u00a0<\/p><h5 style=\"text-align: center;\"><span style=\"font-size: 18pt;\">\u00a0<\/span><\/h5><h5 style=\"text-align: center;\"><span style=\"font-size: 18pt;\">Would you like more information<\/span><\/h5><h5 style=\"text-align: center;\"><span style=\"font-size: 18pt;\">regarding the tourist tax ?<\/span><\/h5><h5 style=\"text-align: center;\"><a href=\"https:\/\/www.boulognebillancourt.com\/mes-demarches\/particuliers\/taxe-de-sejour\"><span style=\"font-size: 18pt;\">CLICK HERE<\/span><\/a><\/h5>\t\t\t\t\t\t\t\t<\/div>\n\t\t\t\t<\/div>\n\t\t\t\t\t<\/div>\n\t\t<\/div>\n\t\t\t\t\t<\/div>\n\t\t<\/section>\n\t\t\t\t<\/div>","protected":false},"excerpt":{"rendered":"<p>HOTELLERIE Vous souhaitez d\u00e9clarer un h\u00e9bergement touristique ? CLIQUEZ ICI \u00a0 \u00a0 Vous souhaitez plus d&rsquo;information concernant la taxe de s\u00e9jour ? CLIQUEZ ICI<\/p>","protected":false},"author":171,"featured_media":0,"parent":0,"menu_order":0,"comment_status":"closed","ping_status":"closed","template":"","meta":{"_acf_changed":false,"om_disable_all_campaigns":false,"_monsterinsights_skip_tracking":false,"_monsterinsights_sitenote_active":false,"_monsterinsights_sitenote_note":"","_monsterinsights_sitenote_category":0,"_uf_show_specific_survey":0,"_uf_disable_surveys":false,"_themeisle_gutenberg_block_has_review":false,"footnotes":""},"class_list":["post-9526","page","type-page","status-publish","hentry","entry"],"acf":[],"yoast_head":"<!-- This site is optimized with the Yoast SEO plugin v27.4 - https:\/\/yoast.com\/product\/yoast-seo-wordpress\/ -->\n<title>OTBB H\u00f4tellerie : la carte des h\u00f4tels \u00e0 Boulogne-Billancourt<\/title>\n<meta name=\"description\" content=\"H\u00f4tellerie Boulogne-Billancourt : l&#039;OTBB vous pr\u00e9sente une map interactive qui r\u00e9pertorie tous les \u00e9tablissement h\u00f4telier.\" \/>\n<meta name=\"robots\" content=\"index, follow, max-snippet:-1, max-image-preview:large, max-video-preview:-1\" \/>\n<link rel=\"canonical\" href=\"https:\/\/otbb.org\/en\/hotellerie\/\" \/>\n<meta property=\"og:locale\" content=\"en_GB\" \/>\n<meta property=\"og:type\" content=\"article\" \/>\n<meta property=\"og:title\" content=\"OTBB H\u00f4tellerie : la carte des h\u00f4tels \u00e0 Boulogne-Billancourt\" \/>\n<meta property=\"og:description\" content=\"H\u00f4tellerie Boulogne-Billancourt : l&#039;OTBB vous pr\u00e9sente une map interactive qui r\u00e9pertorie tous les \u00e9tablissement h\u00f4telier.\" \/>\n<meta property=\"og:url\" content=\"https:\/\/otbb.org\/en\/hotellerie\/\" \/>\n<meta property=\"og:site_name\" content=\"OTBB\" \/>\n<meta property=\"article:publisher\" content=\"https:\/\/www.facebook.com\/OTBB92\/\" \/>\n<meta property=\"article:modified_time\" content=\"2024-02-29T12:38:33+00:00\" \/>\n<meta property=\"og:image\" content=\"https:\/\/otbb.org\/wp-content\/uploads\/2021\/08\/Ellipse-270.png\" \/>\n<meta name=\"twitter:card\" content=\"summary_large_image\" \/>\n<meta name=\"twitter:site\" content=\"@OTBB92\" \/>\n<meta name=\"twitter:label1\" content=\"Estimated reading time\" \/>\n\t<meta name=\"twitter:data1\" content=\"1 minute\" \/>\n<script type=\"application\/ld+json\" class=\"yoast-schema-graph\">{\"@context\":\"https:\\\/\\\/schema.org\",\"@graph\":[{\"@type\":\"WebPage\",\"@id\":\"https:\\\/\\\/otbb.org\\\/hotellerie\\\/\",\"url\":\"https:\\\/\\\/otbb.org\\\/hotellerie\\\/\",\"name\":\"OTBB H\u00f4tellerie : la carte des h\u00f4tels \u00e0 Boulogne-Billancourt\",\"isPartOf\":{\"@id\":\"https:\\\/\\\/otbb.org\\\/#website\"},\"primaryImageOfPage\":{\"@id\":\"https:\\\/\\\/otbb.org\\\/hotellerie\\\/#primaryimage\"},\"image\":{\"@id\":\"https:\\\/\\\/otbb.org\\\/hotellerie\\\/#primaryimage\"},\"thumbnailUrl\":\"https:\\\/\\\/otbb.org\\\/wp-content\\\/uploads\\\/2021\\\/08\\\/Ellipse-270.png\",\"datePublished\":\"2021-10-14T09:51:34+00:00\",\"dateModified\":\"2024-02-29T12:38:33+00:00\",\"description\":\"H\u00f4tellerie Boulogne-Billancourt : l'OTBB vous pr\u00e9sente une map interactive qui r\u00e9pertorie tous les \u00e9tablissement h\u00f4telier.\",\"breadcrumb\":{\"@id\":\"https:\\\/\\\/otbb.org\\\/hotellerie\\\/#breadcrumb\"},\"inLanguage\":\"en-GB\",\"potentialAction\":[{\"@type\":\"ReadAction\",\"target\":[\"https:\\\/\\\/otbb.org\\\/hotellerie\\\/\"]}]},{\"@type\":\"ImageObject\",\"inLanguage\":\"en-GB\",\"@id\":\"https:\\\/\\\/otbb.org\\\/hotellerie\\\/#primaryimage\",\"url\":\"https:\\\/\\\/otbb.org\\\/wp-content\\\/uploads\\\/2021\\\/08\\\/Ellipse-270.png\",\"contentUrl\":\"https:\\\/\\\/otbb.org\\\/wp-content\\\/uploads\\\/2021\\\/08\\\/Ellipse-270.png\"},{\"@type\":\"BreadcrumbList\",\"@id\":\"https:\\\/\\\/otbb.org\\\/hotellerie\\\/#breadcrumb\",\"itemListElement\":[{\"@type\":\"ListItem\",\"position\":1,\"name\":\"Accueil\",\"item\":\"https:\\\/\\\/otbb.org\\\/\"},{\"@type\":\"ListItem\",\"position\":2,\"name\":\"Hotellerie\"}]},{\"@type\":\"WebSite\",\"@id\":\"https:\\\/\\\/otbb.org\\\/#website\",\"url\":\"https:\\\/\\\/otbb.org\\\/\",\"name\":\"OTBB\",\"description\":\"Bienvenue sur le site de l\u2019office du tourisme de Boulogne Billancourt\",\"publisher\":{\"@id\":\"https:\\\/\\\/otbb.org\\\/#organization\"},\"potentialAction\":[{\"@type\":\"SearchAction\",\"target\":{\"@type\":\"EntryPoint\",\"urlTemplate\":\"https:\\\/\\\/otbb.org\\\/?s={search_term_string}\"},\"query-input\":{\"@type\":\"PropertyValueSpecification\",\"valueRequired\":true,\"valueName\":\"search_term_string\"}}],\"inLanguage\":\"en-GB\"},{\"@type\":\"Organization\",\"@id\":\"https:\\\/\\\/otbb.org\\\/#organization\",\"name\":\"OTBB\",\"url\":\"https:\\\/\\\/otbb.org\\\/\",\"logo\":{\"@type\":\"ImageObject\",\"inLanguage\":\"en-GB\",\"@id\":\"https:\\\/\\\/otbb.org\\\/#\\\/schema\\\/logo\\\/image\\\/\",\"url\":\"https:\\\/\\\/otbb.org\\\/wp-content\\\/uploads\\\/2024\\\/04\\\/cropped-logo_OTBB_horiz_QUADRI.webp\",\"contentUrl\":\"https:\\\/\\\/otbb.org\\\/wp-content\\\/uploads\\\/2024\\\/04\\\/cropped-logo_OTBB_horiz_QUADRI.webp\",\"width\":1035,\"height\":345,\"caption\":\"OTBB\"},\"image\":{\"@id\":\"https:\\\/\\\/otbb.org\\\/#\\\/schema\\\/logo\\\/image\\\/\"},\"sameAs\":[\"https:\\\/\\\/www.facebook.com\\\/OTBB92\\\/\",\"https:\\\/\\\/x.com\\\/OTBB92\",\"https:\\\/\\\/www.instagram.com\\\/otbb92\\\/\"]}]}<\/script>\n<!-- \/ Yoast SEO plugin. -->","yoast_head_json":{"title":"OTBB H\u00f4tellerie : la carte des h\u00f4tels \u00e0 Boulogne-Billancourt","description":"H\u00f4tellerie Boulogne-Billancourt : l'OTBB vous pr\u00e9sente une map interactive qui r\u00e9pertorie tous les \u00e9tablissement h\u00f4telier.","robots":{"index":"index","follow":"follow","max-snippet":"max-snippet:-1","max-image-preview":"max-image-preview:large","max-video-preview":"max-video-preview:-1"},"canonical":"https:\/\/otbb.org\/en\/hotellerie\/","og_locale":"en_GB","og_type":"article","og_title":"OTBB H\u00f4tellerie : la carte des h\u00f4tels \u00e0 Boulogne-Billancourt","og_description":"H\u00f4tellerie Boulogne-Billancourt : l'OTBB vous pr\u00e9sente une map interactive qui r\u00e9pertorie tous les \u00e9tablissement h\u00f4telier.","og_url":"https:\/\/otbb.org\/en\/hotellerie\/","og_site_name":"OTBB","article_publisher":"https:\/\/www.facebook.com\/OTBB92\/","article_modified_time":"2024-02-29T12:38:33+00:00","og_image":[{"url":"https:\/\/otbb.org\/wp-content\/uploads\/2021\/08\/Ellipse-270.png","type":"","width":"","height":""}],"twitter_card":"summary_large_image","twitter_site":"@OTBB92","twitter_misc":{"Estimated reading time":"1 minute"},"schema":{"@context":"https:\/\/schema.org","@graph":[{"@type":"WebPage","@id":"https:\/\/otbb.org\/hotellerie\/","url":"https:\/\/otbb.org\/hotellerie\/","name":"OTBB H\u00f4tellerie : la carte des h\u00f4tels \u00e0 Boulogne-Billancourt","isPartOf":{"@id":"https:\/\/otbb.org\/#website"},"primaryImageOfPage":{"@id":"https:\/\/otbb.org\/hotellerie\/#primaryimage"},"image":{"@id":"https:\/\/otbb.org\/hotellerie\/#primaryimage"},"thumbnailUrl":"https:\/\/otbb.org\/wp-content\/uploads\/2021\/08\/Ellipse-270.png","datePublished":"2021-10-14T09:51:34+00:00","dateModified":"2024-02-29T12:38:33+00:00","description":"H\u00f4tellerie Boulogne-Billancourt : l'OTBB vous pr\u00e9sente une map interactive qui r\u00e9pertorie tous les \u00e9tablissement h\u00f4telier.","breadcrumb":{"@id":"https:\/\/otbb.org\/hotellerie\/#breadcrumb"},"inLanguage":"en-GB","potentialAction":[{"@type":"ReadAction","target":["https:\/\/otbb.org\/hotellerie\/"]}]},{"@type":"ImageObject","inLanguage":"en-GB","@id":"https:\/\/otbb.org\/hotellerie\/#primaryimage","url":"https:\/\/otbb.org\/wp-content\/uploads\/2021\/08\/Ellipse-270.png","contentUrl":"https:\/\/otbb.org\/wp-content\/uploads\/2021\/08\/Ellipse-270.png"},{"@type":"BreadcrumbList","@id":"https:\/\/otbb.org\/hotellerie\/#breadcrumb","itemListElement":[{"@type":"ListItem","position":1,"name":"Accueil","item":"https:\/\/otbb.org\/"},{"@type":"ListItem","position":2,"name":"Hotellerie"}]},{"@type":"WebSite","@id":"https:\/\/otbb.org\/#website","url":"https:\/\/otbb.org\/","name":"OTBB","description":"Bienvenue sur le site de l\u2019office du tourisme de Boulogne Billancourt","publisher":{"@id":"https:\/\/otbb.org\/#organization"},"potentialAction":[{"@type":"SearchAction","target":{"@type":"EntryPoint","urlTemplate":"https:\/\/otbb.org\/?s={search_term_string}"},"query-input":{"@type":"PropertyValueSpecification","valueRequired":true,"valueName":"search_term_string"}}],"inLanguage":"en-GB"},{"@type":"Organization","@id":"https:\/\/otbb.org\/#organization","name":"OTBB","url":"https:\/\/otbb.org\/","logo":{"@type":"ImageObject","inLanguage":"en-GB","@id":"https:\/\/otbb.org\/#\/schema\/logo\/image\/","url":"https:\/\/otbb.org\/wp-content\/uploads\/2024\/04\/cropped-logo_OTBB_horiz_QUADRI.webp","contentUrl":"https:\/\/otbb.org\/wp-content\/uploads\/2024\/04\/cropped-logo_OTBB_horiz_QUADRI.webp","width":1035,"height":345,"caption":"OTBB"},"image":{"@id":"https:\/\/otbb.org\/#\/schema\/logo\/image\/"},"sameAs":["https:\/\/www.facebook.com\/OTBB92\/","https:\/\/x.com\/OTBB92","https:\/\/www.instagram.com\/otbb92\/"]}]}},"_links":{"self":[{"href":"https:\/\/otbb.org\/en\/wp-json\/wp\/v2\/pages\/9526","targetHints":{"allow":["GET"]}}],"collection":[{"href":"https:\/\/otbb.org\/en\/wp-json\/wp\/v2\/pages"}],"about":[{"href":"https:\/\/otbb.org\/en\/wp-json\/wp\/v2\/types\/page"}],"author":[{"embeddable":true,"href":"https:\/\/otbb.org\/en\/wp-json\/wp\/v2\/users\/171"}],"replies":[{"embeddable":true,"href":"https:\/\/otbb.org\/en\/wp-json\/wp\/v2\/comments?post=9526"}],"version-history":[{"count":102,"href":"https:\/\/otbb.org\/en\/wp-json\/wp\/v2\/pages\/9526\/revisions"}],"predecessor-version":[{"id":32053,"href":"https:\/\/otbb.org\/en\/wp-json\/wp\/v2\/pages\/9526\/revisions\/32053"}],"wp:attachment":[{"href":"https:\/\/otbb.org\/en\/wp-json\/wp\/v2\/media?parent=9526"}],"curies":[{"name":"wp","href":"https:\/\/api.w.org\/{rel}","templated":true}]}}