{"id":19821,"date":"2022-03-14T15:06:41","date_gmt":"2022-03-14T15:06:41","guid":{"rendered":"https:\/\/otbb.org\/?post_type=product&#038;p=19821"},"modified":"2025-02-25T10:39:38","modified_gmt":"2025-02-25T10:39:38","slug":"livre-jean-gabin","status":"publish","type":"product","link":"https:\/\/otbb.org\/en\/product\/livre-jean-gabin\/","title":{"rendered":"Livre <br> Jean Gabin"},"content":{"rendered":"<p style=\"text-align: justify;\">Plus qu&rsquo;un monstre sacr\u00e9, Jean Gabin est un mythe du cin\u00e9ma, mais aussi un mythe du XXe si\u00e8cle, qu&rsquo;il a travers\u00e9 en plan large et en gros plan. Il pouvait tout jouer et il a tout jou\u00e9. Toujours cr\u00e9dible, toujours juste, qu&rsquo;il soit ouvrier, militaire, artiste, clochard ou qu&rsquo;il pr\u00e9side aux destin\u00e9es de la R\u00e9publique. Le livre est pr\u00e9fac\u00e9 par Alexis Moncerg\u00e9, com\u00e9dien et petit-fils de Jean Gabin.<\/p>","protected":false},"excerpt":{"rendered":"<p><strong>\u00c9ditions de La Martini\u00e8re<\/strong><\/p>\n<p>Ouvrage \u00e9dit\u00e9 dans le cadre de <strong>\u00ab\u00a0Jean Gabin. L&rsquo;exposition\u00a0\u00bb<\/strong>. Co\u00e9crit par Patrick Gl\u00e2tre et Mathias Moncong\u00e9 fils de Jean Gabin, mais aussi \u00e9leveur de chevaux, une passion transmise par son p\u00e8re.<\/p>\n<p>Ce produit a \u00e9t\u00e9 cr\u00e9\u00e9 \u00e0 l&rsquo;occasion de <strong>\u00ab\u00a0Jean Gabin. L&rsquo;exposition\u00a0\u00bb\u00a0<\/strong>du <strong>mercredi 9 mars 2022<\/strong> au <strong>dimanche 10 juillet 2022<\/strong>.<br \/>\n<strong>Disponible \u00e0 l&rsquo;Office de Tourisme de Boulogne-Billancourt et au Mus\u00e9e des Ann\u00e9es 30.<\/strong><\/p>\n<p>&nbsp;<\/p>\n<p>&nbsp;<\/p>","protected":false},"featured_media":19827,"comment_status":"open","ping_status":"closed","template":"","meta":{"_acf_changed":false,"om_disable_all_campaigns":false,"_monsterinsights_skip_tracking":false,"_monsterinsights_sitenote_active":false,"_monsterinsights_sitenote_note":"","_monsterinsights_sitenote_category":0,"_uf_show_specific_survey":0,"_uf_disable_surveys":false,"_themeisle_gutenberg_block_has_review":false},"product_brand":[],"product_cat":[39],"product_tag":[],"class_list":{"0":"post-19821","1":"product","2":"type-product","3":"status-publish","4":"has-post-thumbnail","6":"product_cat-livres-et-guides","7":"entry","9":"first","10":"instock","11":"taxable","12":"shipping-taxable","13":"purchasable","14":"product-type-simple"},"acf":[],"yoast_head":"<!-- This site is optimized with the Yoast SEO plugin v27.4 - https:\/\/yoast.com\/product\/yoast-seo-wordpress\/ -->\n<title>Livre  Jean Gabin - OTBB<\/title>\n<meta name=\"description\" content=\"Ouvrage \u00e9dit\u00e9 dans le cadre de &quot;Jean Gabin. L&#039;exposition&quot;.Co\u00e9crit par Patrick Gl\u00e2tre et Mathias Moncong\u00e9 fils de Jean Gabin.\" \/>\n<meta name=\"robots\" content=\"index, follow, max-snippet:-1, max-image-preview:large, max-video-preview:-1\" \/>\n<link rel=\"canonical\" href=\"https:\/\/otbb.org\/en\/product\/livre-jean-gabin\/\" \/>\n<meta property=\"og:locale\" content=\"en_GB\" \/>\n<meta property=\"og:type\" content=\"article\" \/>\n<meta property=\"og:title\" content=\"Livre  Jean Gabin - OTBB\" \/>\n<meta property=\"og:description\" content=\"Ouvrage \u00e9dit\u00e9 dans le cadre de &quot;Jean Gabin. L&#039;exposition&quot;.Co\u00e9crit par Patrick Gl\u00e2tre et Mathias Moncong\u00e9 fils de Jean Gabin.\" \/>\n<meta property=\"og:url\" content=\"https:\/\/otbb.org\/en\/product\/livre-jean-gabin\/\" \/>\n<meta property=\"og:site_name\" content=\"OTBB\" \/>\n<meta property=\"article:publisher\" content=\"https:\/\/www.facebook.com\/OTBB92\/\" \/>\n<meta property=\"article:modified_time\" content=\"2025-02-25T10:39:38+00:00\" \/>\n<meta property=\"og:image\" content=\"https:\/\/otbb.org\/wp-content\/uploads\/2022\/03\/DSC_0051.png\" \/>\n\t<meta property=\"og:image:width\" content=\"1200\" \/>\n\t<meta property=\"og:image:height\" content=\"797\" \/>\n\t<meta property=\"og:image:type\" content=\"image\/png\" \/>\n<meta name=\"twitter:card\" content=\"summary_large_image\" \/>\n<meta name=\"twitter:site\" content=\"@OTBB92\" \/>\n<meta name=\"twitter:label1\" content=\"Estimated reading time\" \/>\n\t<meta name=\"twitter:data1\" content=\"1 minute\" \/>\n<script type=\"application\/ld+json\" class=\"yoast-schema-graph\">{\"@context\":\"https:\\\/\\\/schema.org\",\"@graph\":[{\"@type\":\"WebPage\",\"@id\":\"https:\\\/\\\/otbb.org\\\/produit\\\/livre-jean-gabin\\\/\",\"url\":\"https:\\\/\\\/otbb.org\\\/produit\\\/livre-jean-gabin\\\/\",\"name\":\"Livre Jean Gabin - OTBB\",\"isPartOf\":{\"@id\":\"https:\\\/\\\/otbb.org\\\/#website\"},\"primaryImageOfPage\":{\"@id\":\"https:\\\/\\\/otbb.org\\\/produit\\\/livre-jean-gabin\\\/#primaryimage\"},\"image\":{\"@id\":\"https:\\\/\\\/otbb.org\\\/produit\\\/livre-jean-gabin\\\/#primaryimage\"},\"thumbnailUrl\":\"https:\\\/\\\/otbb.org\\\/wp-content\\\/uploads\\\/2022\\\/03\\\/DSC_0051.png\",\"datePublished\":\"2022-03-14T15:06:41+00:00\",\"dateModified\":\"2025-02-25T10:39:38+00:00\",\"description\":\"Ouvrage \u00e9dit\u00e9 dans le cadre de \\\"Jean Gabin. L'exposition\\\".Co\u00e9crit par Patrick Gl\u00e2tre et Mathias Moncong\u00e9 fils de Jean Gabin.\",\"breadcrumb\":{\"@id\":\"https:\\\/\\\/otbb.org\\\/produit\\\/livre-jean-gabin\\\/#breadcrumb\"},\"inLanguage\":\"en-GB\",\"potentialAction\":[{\"@type\":\"ReadAction\",\"target\":[\"https:\\\/\\\/otbb.org\\\/produit\\\/livre-jean-gabin\\\/\"]}]},{\"@type\":\"ImageObject\",\"inLanguage\":\"en-GB\",\"@id\":\"https:\\\/\\\/otbb.org\\\/produit\\\/livre-jean-gabin\\\/#primaryimage\",\"url\":\"https:\\\/\\\/otbb.org\\\/wp-content\\\/uploads\\\/2022\\\/03\\\/DSC_0051.png\",\"contentUrl\":\"https:\\\/\\\/otbb.org\\\/wp-content\\\/uploads\\\/2022\\\/03\\\/DSC_0051.png\",\"width\":1200,\"height\":797},{\"@type\":\"BreadcrumbList\",\"@id\":\"https:\\\/\\\/otbb.org\\\/produit\\\/livre-jean-gabin\\\/#breadcrumb\",\"itemListElement\":[{\"@type\":\"ListItem\",\"position\":1,\"name\":\"Accueil\",\"item\":\"https:\\\/\\\/otbb.org\\\/\"},{\"@type\":\"ListItem\",\"position\":2,\"name\":\"Boutique\",\"item\":\"https:\\\/\\\/otbb.org\\\/boutique-et-livres\\\/\"},{\"@type\":\"ListItem\",\"position\":3,\"name\":\"Livre Jean Gabin\"}]},{\"@type\":\"WebSite\",\"@id\":\"https:\\\/\\\/otbb.org\\\/#website\",\"url\":\"https:\\\/\\\/otbb.org\\\/\",\"name\":\"OTBB\",\"description\":\"Bienvenue sur le site de l\u2019office du tourisme de Boulogne Billancourt\",\"publisher\":{\"@id\":\"https:\\\/\\\/otbb.org\\\/#organization\"},\"potentialAction\":[{\"@type\":\"SearchAction\",\"target\":{\"@type\":\"EntryPoint\",\"urlTemplate\":\"https:\\\/\\\/otbb.org\\\/?s={search_term_string}\"},\"query-input\":{\"@type\":\"PropertyValueSpecification\",\"valueRequired\":true,\"valueName\":\"search_term_string\"}}],\"inLanguage\":\"en-GB\"},{\"@type\":\"Organization\",\"@id\":\"https:\\\/\\\/otbb.org\\\/#organization\",\"name\":\"OTBB\",\"url\":\"https:\\\/\\\/otbb.org\\\/\",\"logo\":{\"@type\":\"ImageObject\",\"inLanguage\":\"en-GB\",\"@id\":\"https:\\\/\\\/otbb.org\\\/#\\\/schema\\\/logo\\\/image\\\/\",\"url\":\"https:\\\/\\\/otbb.org\\\/wp-content\\\/uploads\\\/2024\\\/04\\\/cropped-logo_OTBB_horiz_QUADRI.webp\",\"contentUrl\":\"https:\\\/\\\/otbb.org\\\/wp-content\\\/uploads\\\/2024\\\/04\\\/cropped-logo_OTBB_horiz_QUADRI.webp\",\"width\":1035,\"height\":345,\"caption\":\"OTBB\"},\"image\":{\"@id\":\"https:\\\/\\\/otbb.org\\\/#\\\/schema\\\/logo\\\/image\\\/\"},\"sameAs\":[\"https:\\\/\\\/www.facebook.com\\\/OTBB92\\\/\",\"https:\\\/\\\/x.com\\\/OTBB92\",\"https:\\\/\\\/www.instagram.com\\\/otbb92\\\/\"]}]}<\/script>\n<!-- \/ Yoast SEO plugin. -->","yoast_head_json":{"title":"Livre  Jean Gabin - OTBB","description":"Ouvrage \u00e9dit\u00e9 dans le cadre de \"Jean Gabin. L'exposition\".Co\u00e9crit par Patrick Gl\u00e2tre et Mathias Moncong\u00e9 fils de Jean Gabin.","robots":{"index":"index","follow":"follow","max-snippet":"max-snippet:-1","max-image-preview":"max-image-preview:large","max-video-preview":"max-video-preview:-1"},"canonical":"https:\/\/otbb.org\/en\/product\/livre-jean-gabin\/","og_locale":"en_GB","og_type":"article","og_title":"Livre  Jean Gabin - OTBB","og_description":"Ouvrage \u00e9dit\u00e9 dans le cadre de \"Jean Gabin. L'exposition\".Co\u00e9crit par Patrick Gl\u00e2tre et Mathias Moncong\u00e9 fils de Jean Gabin.","og_url":"https:\/\/otbb.org\/en\/product\/livre-jean-gabin\/","og_site_name":"OTBB","article_publisher":"https:\/\/www.facebook.com\/OTBB92\/","article_modified_time":"2025-02-25T10:39:38+00:00","og_image":[{"width":1200,"height":797,"url":"https:\/\/otbb.org\/wp-content\/uploads\/2022\/03\/DSC_0051.png","type":"image\/png"}],"twitter_card":"summary_large_image","twitter_site":"@OTBB92","twitter_misc":{"Estimated reading time":"1 minute"},"schema":{"@context":"https:\/\/schema.org","@graph":[{"@type":"WebPage","@id":"https:\/\/otbb.org\/produit\/livre-jean-gabin\/","url":"https:\/\/otbb.org\/produit\/livre-jean-gabin\/","name":"Livre Jean Gabin - OTBB","isPartOf":{"@id":"https:\/\/otbb.org\/#website"},"primaryImageOfPage":{"@id":"https:\/\/otbb.org\/produit\/livre-jean-gabin\/#primaryimage"},"image":{"@id":"https:\/\/otbb.org\/produit\/livre-jean-gabin\/#primaryimage"},"thumbnailUrl":"https:\/\/otbb.org\/wp-content\/uploads\/2022\/03\/DSC_0051.png","datePublished":"2022-03-14T15:06:41+00:00","dateModified":"2025-02-25T10:39:38+00:00","description":"Ouvrage \u00e9dit\u00e9 dans le cadre de \"Jean Gabin. L'exposition\".Co\u00e9crit par Patrick Gl\u00e2tre et Mathias Moncong\u00e9 fils de Jean Gabin.","breadcrumb":{"@id":"https:\/\/otbb.org\/produit\/livre-jean-gabin\/#breadcrumb"},"inLanguage":"en-GB","potentialAction":[{"@type":"ReadAction","target":["https:\/\/otbb.org\/produit\/livre-jean-gabin\/"]}]},{"@type":"ImageObject","inLanguage":"en-GB","@id":"https:\/\/otbb.org\/produit\/livre-jean-gabin\/#primaryimage","url":"https:\/\/otbb.org\/wp-content\/uploads\/2022\/03\/DSC_0051.png","contentUrl":"https:\/\/otbb.org\/wp-content\/uploads\/2022\/03\/DSC_0051.png","width":1200,"height":797},{"@type":"BreadcrumbList","@id":"https:\/\/otbb.org\/produit\/livre-jean-gabin\/#breadcrumb","itemListElement":[{"@type":"ListItem","position":1,"name":"Accueil","item":"https:\/\/otbb.org\/"},{"@type":"ListItem","position":2,"name":"Boutique","item":"https:\/\/otbb.org\/boutique-et-livres\/"},{"@type":"ListItem","position":3,"name":"Livre Jean Gabin"}]},{"@type":"WebSite","@id":"https:\/\/otbb.org\/#website","url":"https:\/\/otbb.org\/","name":"OTBB","description":"Bienvenue sur le site de l\u2019office du tourisme de Boulogne Billancourt","publisher":{"@id":"https:\/\/otbb.org\/#organization"},"potentialAction":[{"@type":"SearchAction","target":{"@type":"EntryPoint","urlTemplate":"https:\/\/otbb.org\/?s={search_term_string}"},"query-input":{"@type":"PropertyValueSpecification","valueRequired":true,"valueName":"search_term_string"}}],"inLanguage":"en-GB"},{"@type":"Organization","@id":"https:\/\/otbb.org\/#organization","name":"OTBB","url":"https:\/\/otbb.org\/","logo":{"@type":"ImageObject","inLanguage":"en-GB","@id":"https:\/\/otbb.org\/#\/schema\/logo\/image\/","url":"https:\/\/otbb.org\/wp-content\/uploads\/2024\/04\/cropped-logo_OTBB_horiz_QUADRI.webp","contentUrl":"https:\/\/otbb.org\/wp-content\/uploads\/2024\/04\/cropped-logo_OTBB_horiz_QUADRI.webp","width":1035,"height":345,"caption":"OTBB"},"image":{"@id":"https:\/\/otbb.org\/#\/schema\/logo\/image\/"},"sameAs":["https:\/\/www.facebook.com\/OTBB92\/","https:\/\/x.com\/OTBB92","https:\/\/www.instagram.com\/otbb92\/"]}]}},"_links":{"self":[{"href":"https:\/\/otbb.org\/en\/wp-json\/wp\/v2\/product\/19821","targetHints":{"allow":["GET"]}}],"collection":[{"href":"https:\/\/otbb.org\/en\/wp-json\/wp\/v2\/product"}],"about":[{"href":"https:\/\/otbb.org\/en\/wp-json\/wp\/v2\/types\/product"}],"replies":[{"embeddable":true,"href":"https:\/\/otbb.org\/en\/wp-json\/wp\/v2\/comments?post=19821"}],"version-history":[{"count":1,"href":"https:\/\/otbb.org\/en\/wp-json\/wp\/v2\/product\/19821\/revisions"}],"predecessor-version":[{"id":38037,"href":"https:\/\/otbb.org\/en\/wp-json\/wp\/v2\/product\/19821\/revisions\/38037"}],"wp:featuredmedia":[{"embeddable":true,"href":"https:\/\/otbb.org\/en\/wp-json\/wp\/v2\/media\/19827"}],"wp:attachment":[{"href":"https:\/\/otbb.org\/en\/wp-json\/wp\/v2\/media?parent=19821"}],"wp:term":[{"taxonomy":"product_brand","embeddable":true,"href":"https:\/\/otbb.org\/en\/wp-json\/wp\/v2\/product_brand?post=19821"},{"taxonomy":"product_cat","embeddable":true,"href":"https:\/\/otbb.org\/en\/wp-json\/wp\/v2\/product_cat?post=19821"},{"taxonomy":"product_tag","embeddable":true,"href":"https:\/\/otbb.org\/en\/wp-json\/wp\/v2\/product_tag?post=19821"}],"curies":[{"name":"wp","href":"https:\/\/api.w.org\/{rel}","templated":true}]}}