{"id":19844,"date":"2022-03-14T09:12:42","date_gmt":"2022-03-14T09:12:42","guid":{"rendered":"https:\/\/otbb.org\/?post_type=product&#038;p=19844"},"modified":"2025-02-25T10:39:13","modified_gmt":"2025-02-25T10:39:13","slug":"carnet-studio-de-boulogne","status":"publish","type":"product","link":"https:\/\/otbb.org\/en\/product\/carnet-studio-de-boulogne\/","title":{"rendered":"Carnet <br> Studio de Boulogne"},"content":{"rendered":"<p>Avant le cin\u00e9ma\u2026la photo\u00a0! C\u2019est \u00e0 Boulogne-Billancourt, en 1882, que le savant Etienne-Jules Marey invente le \u00ab\u00a0fusil photographique\u00a0\u00bb permettant d\u2019enregistrer le vol des oiseaux. Les bases techniques du cin\u00e9ma \u00e9taient n\u00e9es. En 1926, Henri Diamant-Berger cr\u00e9e le Studio de Billancourt (Quai du Point du Jour), puis d\u2019autres suivront, rue de Silly et rue Jean-Baptiste Cl\u00e9ment. Les r\u00e9alisateurs font aussi\u00a0 construire des d\u00e9cors gigantesques \u00e0 ciel ouvert. Entre 1930 et 1960 ont \u00e9t\u00e9 tourn\u00e9s \u00e0 Boulogne-Billancourt nombre de films qui marquent \u00e0 jamais l\u2019histoire du cin\u00e9ma mondial<\/p>","protected":false},"excerpt":{"rendered":"<p>Carnet A6 sur le th\u00e8me <strong>\u00ab\u00a0Studio de Boulogne\u00a0\u00bb<\/strong> sur le dot\u00e9 d\u2018une fermeture \u00e9lastique et d\u2018un marque-page assortis id\u00e9al pour les prises de notes !<\/p>\n<p>Ce produit a \u00e9t\u00e9 cr\u00e9\u00e9 \u00e0 l&rsquo;occasion de\u00a0<strong>\u00ab\u00a0Jean Gabin. L&rsquo;exposition\u00a0\u00bb<\/strong><br \/>\ndu <em><strong>mercredi 9 mars 2022<\/strong> <\/em>au <em><strong>dimanche 10 juillet 2022<\/strong><\/em>.<\/p>","protected":false},"featured_media":19845,"comment_status":"open","ping_status":"closed","template":"","meta":{"_acf_changed":false,"om_disable_all_campaigns":false,"_monsterinsights_skip_tracking":false,"_monsterinsights_sitenote_active":false,"_monsterinsights_sitenote_note":"","_monsterinsights_sitenote_category":0,"_uf_show_specific_survey":0,"_uf_disable_surveys":false,"_themeisle_gutenberg_block_has_review":false},"product_brand":[],"product_cat":[35,40],"product_tag":[],"class_list":{"0":"post-19844","1":"product","2":"type-product","3":"status-publish","4":"has-post-thumbnail","6":"product_cat-non-classe","7":"product_cat-papeterie-et-philatelie","8":"entry","10":"first","11":"instock","12":"taxable","13":"shipping-taxable","14":"purchasable","15":"product-type-simple"},"acf":[],"yoast_head":"<!-- This site is optimized with the Yoast SEO plugin v27.3 - https:\/\/yoast.com\/product\/yoast-seo-wordpress\/ -->\n<title>Carnet  Studio de Boulogne - OTBB<\/title>\n<meta name=\"robots\" content=\"index, follow, max-snippet:-1, max-image-preview:large, max-video-preview:-1\" \/>\n<link rel=\"canonical\" href=\"https:\/\/otbb.org\/en\/product\/carnet-studio-de-boulogne\/\" \/>\n<meta property=\"og:locale\" content=\"en_GB\" \/>\n<meta property=\"og:type\" content=\"article\" \/>\n<meta property=\"og:title\" content=\"Carnet  Studio de Boulogne - OTBB\" \/>\n<meta property=\"og:description\" content=\"Carnet A6 sur le th\u00e8me &quot;Studio de Boulogne&quot; sur le dot\u00e9 d\u2018une fermeture \u00e9lastique et d\u2018un marque-page assortis id\u00e9al pour les prises de notes !  Ce produit a \u00e9t\u00e9 cr\u00e9\u00e9 \u00e0 l&#039;occasion de\u00a0&quot;Jean Gabin. L&#039;exposition&quot; du mercredi 9 mars 2022 au dimanche 10 juillet 2022.\" \/>\n<meta property=\"og:url\" content=\"https:\/\/otbb.org\/en\/product\/carnet-studio-de-boulogne\/\" \/>\n<meta property=\"og:site_name\" content=\"OTBB\" \/>\n<meta property=\"article:publisher\" content=\"https:\/\/www.facebook.com\/OTBB92\/\" \/>\n<meta property=\"article:modified_time\" content=\"2025-02-25T10:39:13+00:00\" \/>\n<meta property=\"og:image\" content=\"https:\/\/otbb.org\/wp-content\/uploads\/2022\/03\/Carnet-studio-de-boulogne-ferme\u0301.png\" \/>\n\t<meta property=\"og:image:width\" content=\"1200\" \/>\n\t<meta property=\"og:image:height\" content=\"797\" \/>\n\t<meta property=\"og:image:type\" content=\"image\/png\" \/>\n<meta name=\"twitter:card\" content=\"summary_large_image\" \/>\n<meta name=\"twitter:site\" content=\"@OTBB92\" \/>\n<meta name=\"twitter:label1\" content=\"Estimated reading time\" \/>\n\t<meta name=\"twitter:data1\" content=\"1 minute\" \/>\n<script type=\"application\/ld+json\" class=\"yoast-schema-graph\">{\"@context\":\"https:\\\/\\\/schema.org\",\"@graph\":[{\"@type\":\"WebPage\",\"@id\":\"https:\\\/\\\/otbb.org\\\/produit\\\/carnet-studio-de-boulogne\\\/\",\"url\":\"https:\\\/\\\/otbb.org\\\/produit\\\/carnet-studio-de-boulogne\\\/\",\"name\":\"Carnet Studio de Boulogne - OTBB\",\"isPartOf\":{\"@id\":\"https:\\\/\\\/otbb.org\\\/#website\"},\"primaryImageOfPage\":{\"@id\":\"https:\\\/\\\/otbb.org\\\/produit\\\/carnet-studio-de-boulogne\\\/#primaryimage\"},\"image\":{\"@id\":\"https:\\\/\\\/otbb.org\\\/produit\\\/carnet-studio-de-boulogne\\\/#primaryimage\"},\"thumbnailUrl\":\"https:\\\/\\\/otbb.org\\\/wp-content\\\/uploads\\\/2022\\\/03\\\/Carnet-studio-de-boulogne-ferme\u0301.png\",\"datePublished\":\"2022-03-14T09:12:42+00:00\",\"dateModified\":\"2025-02-25T10:39:13+00:00\",\"breadcrumb\":{\"@id\":\"https:\\\/\\\/otbb.org\\\/produit\\\/carnet-studio-de-boulogne\\\/#breadcrumb\"},\"inLanguage\":\"en-GB\",\"potentialAction\":[{\"@type\":\"ReadAction\",\"target\":[\"https:\\\/\\\/otbb.org\\\/produit\\\/carnet-studio-de-boulogne\\\/\"]}]},{\"@type\":\"ImageObject\",\"inLanguage\":\"en-GB\",\"@id\":\"https:\\\/\\\/otbb.org\\\/produit\\\/carnet-studio-de-boulogne\\\/#primaryimage\",\"url\":\"https:\\\/\\\/otbb.org\\\/wp-content\\\/uploads\\\/2022\\\/03\\\/Carnet-studio-de-boulogne-ferme\u0301.png\",\"contentUrl\":\"https:\\\/\\\/otbb.org\\\/wp-content\\\/uploads\\\/2022\\\/03\\\/Carnet-studio-de-boulogne-ferme\u0301.png\",\"width\":1200,\"height\":797},{\"@type\":\"BreadcrumbList\",\"@id\":\"https:\\\/\\\/otbb.org\\\/produit\\\/carnet-studio-de-boulogne\\\/#breadcrumb\",\"itemListElement\":[{\"@type\":\"ListItem\",\"position\":1,\"name\":\"Accueil\",\"item\":\"https:\\\/\\\/otbb.org\\\/\"},{\"@type\":\"ListItem\",\"position\":2,\"name\":\"Boutique\",\"item\":\"https:\\\/\\\/otbb.org\\\/boutique-et-livres\\\/\"},{\"@type\":\"ListItem\",\"position\":3,\"name\":\"Carnet Studio de Boulogne\"}]},{\"@type\":\"WebSite\",\"@id\":\"https:\\\/\\\/otbb.org\\\/#website\",\"url\":\"https:\\\/\\\/otbb.org\\\/\",\"name\":\"OTBB\",\"description\":\"Bienvenue sur le site de l\u2019office du tourisme de Boulogne Billancourt\",\"publisher\":{\"@id\":\"https:\\\/\\\/otbb.org\\\/#organization\"},\"potentialAction\":[{\"@type\":\"SearchAction\",\"target\":{\"@type\":\"EntryPoint\",\"urlTemplate\":\"https:\\\/\\\/otbb.org\\\/?s={search_term_string}\"},\"query-input\":{\"@type\":\"PropertyValueSpecification\",\"valueRequired\":true,\"valueName\":\"search_term_string\"}}],\"inLanguage\":\"en-GB\"},{\"@type\":\"Organization\",\"@id\":\"https:\\\/\\\/otbb.org\\\/#organization\",\"name\":\"OTBB\",\"url\":\"https:\\\/\\\/otbb.org\\\/\",\"logo\":{\"@type\":\"ImageObject\",\"inLanguage\":\"en-GB\",\"@id\":\"https:\\\/\\\/otbb.org\\\/#\\\/schema\\\/logo\\\/image\\\/\",\"url\":\"https:\\\/\\\/otbb.org\\\/wp-content\\\/uploads\\\/2024\\\/04\\\/cropped-logo_OTBB_horiz_QUADRI.webp\",\"contentUrl\":\"https:\\\/\\\/otbb.org\\\/wp-content\\\/uploads\\\/2024\\\/04\\\/cropped-logo_OTBB_horiz_QUADRI.webp\",\"width\":1035,\"height\":345,\"caption\":\"OTBB\"},\"image\":{\"@id\":\"https:\\\/\\\/otbb.org\\\/#\\\/schema\\\/logo\\\/image\\\/\"},\"sameAs\":[\"https:\\\/\\\/www.facebook.com\\\/OTBB92\\\/\",\"https:\\\/\\\/x.com\\\/OTBB92\",\"https:\\\/\\\/www.instagram.com\\\/otbb92\\\/\"]}]}<\/script>\n<!-- \/ Yoast SEO plugin. -->","yoast_head_json":{"title":"Carnet  Studio de Boulogne - OTBB","robots":{"index":"index","follow":"follow","max-snippet":"max-snippet:-1","max-image-preview":"max-image-preview:large","max-video-preview":"max-video-preview:-1"},"canonical":"https:\/\/otbb.org\/en\/product\/carnet-studio-de-boulogne\/","og_locale":"en_GB","og_type":"article","og_title":"Carnet  Studio de Boulogne - OTBB","og_description":"Carnet A6 sur le th\u00e8me \"Studio de Boulogne\" sur le dot\u00e9 d\u2018une fermeture \u00e9lastique et d\u2018un marque-page assortis id\u00e9al pour les prises de notes !  Ce produit a \u00e9t\u00e9 cr\u00e9\u00e9 \u00e0 l'occasion de\u00a0\"Jean Gabin. L'exposition\" du mercredi 9 mars 2022 au dimanche 10 juillet 2022.","og_url":"https:\/\/otbb.org\/en\/product\/carnet-studio-de-boulogne\/","og_site_name":"OTBB","article_publisher":"https:\/\/www.facebook.com\/OTBB92\/","article_modified_time":"2025-02-25T10:39:13+00:00","og_image":[{"width":1200,"height":797,"url":"https:\/\/otbb.org\/wp-content\/uploads\/2022\/03\/Carnet-studio-de-boulogne-ferme\u0301.png","type":"image\/png"}],"twitter_card":"summary_large_image","twitter_site":"@OTBB92","twitter_misc":{"Estimated reading time":"1 minute"},"schema":{"@context":"https:\/\/schema.org","@graph":[{"@type":"WebPage","@id":"https:\/\/otbb.org\/produit\/carnet-studio-de-boulogne\/","url":"https:\/\/otbb.org\/produit\/carnet-studio-de-boulogne\/","name":"Carnet Studio de Boulogne - OTBB","isPartOf":{"@id":"https:\/\/otbb.org\/#website"},"primaryImageOfPage":{"@id":"https:\/\/otbb.org\/produit\/carnet-studio-de-boulogne\/#primaryimage"},"image":{"@id":"https:\/\/otbb.org\/produit\/carnet-studio-de-boulogne\/#primaryimage"},"thumbnailUrl":"https:\/\/otbb.org\/wp-content\/uploads\/2022\/03\/Carnet-studio-de-boulogne-ferme\u0301.png","datePublished":"2022-03-14T09:12:42+00:00","dateModified":"2025-02-25T10:39:13+00:00","breadcrumb":{"@id":"https:\/\/otbb.org\/produit\/carnet-studio-de-boulogne\/#breadcrumb"},"inLanguage":"en-GB","potentialAction":[{"@type":"ReadAction","target":["https:\/\/otbb.org\/produit\/carnet-studio-de-boulogne\/"]}]},{"@type":"ImageObject","inLanguage":"en-GB","@id":"https:\/\/otbb.org\/produit\/carnet-studio-de-boulogne\/#primaryimage","url":"https:\/\/otbb.org\/wp-content\/uploads\/2022\/03\/Carnet-studio-de-boulogne-ferme\u0301.png","contentUrl":"https:\/\/otbb.org\/wp-content\/uploads\/2022\/03\/Carnet-studio-de-boulogne-ferme\u0301.png","width":1200,"height":797},{"@type":"BreadcrumbList","@id":"https:\/\/otbb.org\/produit\/carnet-studio-de-boulogne\/#breadcrumb","itemListElement":[{"@type":"ListItem","position":1,"name":"Accueil","item":"https:\/\/otbb.org\/"},{"@type":"ListItem","position":2,"name":"Boutique","item":"https:\/\/otbb.org\/boutique-et-livres\/"},{"@type":"ListItem","position":3,"name":"Carnet Studio de Boulogne"}]},{"@type":"WebSite","@id":"https:\/\/otbb.org\/#website","url":"https:\/\/otbb.org\/","name":"OTBB","description":"Bienvenue sur le site de l\u2019office du tourisme de Boulogne Billancourt","publisher":{"@id":"https:\/\/otbb.org\/#organization"},"potentialAction":[{"@type":"SearchAction","target":{"@type":"EntryPoint","urlTemplate":"https:\/\/otbb.org\/?s={search_term_string}"},"query-input":{"@type":"PropertyValueSpecification","valueRequired":true,"valueName":"search_term_string"}}],"inLanguage":"en-GB"},{"@type":"Organization","@id":"https:\/\/otbb.org\/#organization","name":"OTBB","url":"https:\/\/otbb.org\/","logo":{"@type":"ImageObject","inLanguage":"en-GB","@id":"https:\/\/otbb.org\/#\/schema\/logo\/image\/","url":"https:\/\/otbb.org\/wp-content\/uploads\/2024\/04\/cropped-logo_OTBB_horiz_QUADRI.webp","contentUrl":"https:\/\/otbb.org\/wp-content\/uploads\/2024\/04\/cropped-logo_OTBB_horiz_QUADRI.webp","width":1035,"height":345,"caption":"OTBB"},"image":{"@id":"https:\/\/otbb.org\/#\/schema\/logo\/image\/"},"sameAs":["https:\/\/www.facebook.com\/OTBB92\/","https:\/\/x.com\/OTBB92","https:\/\/www.instagram.com\/otbb92\/"]}]}},"_links":{"self":[{"href":"https:\/\/otbb.org\/en\/wp-json\/wp\/v2\/product\/19844","targetHints":{"allow":["GET"]}}],"collection":[{"href":"https:\/\/otbb.org\/en\/wp-json\/wp\/v2\/product"}],"about":[{"href":"https:\/\/otbb.org\/en\/wp-json\/wp\/v2\/types\/product"}],"replies":[{"embeddable":true,"href":"https:\/\/otbb.org\/en\/wp-json\/wp\/v2\/comments?post=19844"}],"version-history":[{"count":2,"href":"https:\/\/otbb.org\/en\/wp-json\/wp\/v2\/product\/19844\/revisions"}],"predecessor-version":[{"id":38036,"href":"https:\/\/otbb.org\/en\/wp-json\/wp\/v2\/product\/19844\/revisions\/38036"}],"wp:featuredmedia":[{"embeddable":true,"href":"https:\/\/otbb.org\/en\/wp-json\/wp\/v2\/media\/19845"}],"wp:attachment":[{"href":"https:\/\/otbb.org\/en\/wp-json\/wp\/v2\/media?parent=19844"}],"wp:term":[{"taxonomy":"product_brand","embeddable":true,"href":"https:\/\/otbb.org\/en\/wp-json\/wp\/v2\/product_brand?post=19844"},{"taxonomy":"product_cat","embeddable":true,"href":"https:\/\/otbb.org\/en\/wp-json\/wp\/v2\/product_cat?post=19844"},{"taxonomy":"product_tag","embeddable":true,"href":"https:\/\/otbb.org\/en\/wp-json\/wp\/v2\/product_tag?post=19844"}],"curies":[{"name":"wp","href":"https:\/\/api.w.org\/{rel}","templated":true}]}}