{"id":19853,"date":"2022-03-14T09:12:41","date_gmt":"2022-03-14T09:12:41","guid":{"rendered":"https:\/\/otbb.org\/?post_type=product&#038;p=19853"},"modified":"2025-02-25T10:40:54","modified_gmt":"2025-02-25T10:40:54","slug":"tote-bag-jean-gabin","status":"publish","type":"product","link":"https:\/\/otbb.org\/en\/product\/tote-bag-jean-gabin\/","title":{"rendered":"Tote bag <br>Jean Gabin"},"content":{"rendered":"","protected":false},"excerpt":{"rendered":"<p>Tote bag sur le th\u00e8me <strong>\u00ab\u00a0Jean Gabin. L&rsquo;exposition\u00a0\u00bb<\/strong> 100% coton bio organique.<\/p>\n<p>Ce produit a \u00e9t\u00e9 cr\u00e9\u00e9 \u00e0 l\u2019occasion de\u00a0<strong>\u201cJean Gabin. L\u2019exposition\u201d<\/strong><br \/>\ndu <em><strong>mercredi 9 mars 2022<\/strong><\/em> au <em><strong>dimanche 10 juillet 2022<\/strong><\/em>.<\/p>","protected":false},"featured_media":19854,"comment_status":"open","ping_status":"closed","template":"","meta":{"_acf_changed":false,"om_disable_all_campaigns":false,"_monsterinsights_skip_tracking":false,"_monsterinsights_sitenote_active":false,"_monsterinsights_sitenote_note":"","_monsterinsights_sitenote_category":0,"_uf_show_specific_survey":0,"_uf_disable_surveys":false,"_themeisle_gutenberg_block_has_review":false},"product_brand":[],"product_cat":[71],"product_tag":[],"class_list":{"0":"post-19853","1":"product","2":"type-product","3":"status-publish","4":"has-post-thumbnail","6":"product_cat-accessoires","7":"entry","9":"first","10":"instock","11":"taxable","12":"shipping-taxable","13":"purchasable","14":"product-type-simple"},"acf":[],"yoast_head":"<!-- This site is optimized with the Yoast SEO plugin v27.3 - https:\/\/yoast.com\/product\/yoast-seo-wordpress\/ -->\n<title>Tote bag Jean Gabin - OTBB<\/title>\n<meta name=\"robots\" content=\"index, follow, max-snippet:-1, max-image-preview:large, max-video-preview:-1\" \/>\n<link rel=\"canonical\" href=\"https:\/\/otbb.org\/en\/product\/tote-bag-jean-gabin\/\" \/>\n<meta property=\"og:locale\" content=\"en_GB\" \/>\n<meta property=\"og:type\" content=\"article\" \/>\n<meta property=\"og:title\" content=\"Tote bag Jean Gabin - OTBB\" \/>\n<meta property=\"og:description\" content=\"Tote bag sur le th\u00e8me &quot;Jean Gabin. L&#039;exposition&quot; 100% coton bio organique.  Ce produit a \u00e9t\u00e9 cr\u00e9\u00e9 \u00e0 l\u2019occasion de\u00a0\u201cJean Gabin. L\u2019exposition\u201d du mercredi 9 mars 2022 au dimanche 10 juillet 2022.\" \/>\n<meta property=\"og:url\" content=\"https:\/\/otbb.org\/en\/product\/tote-bag-jean-gabin\/\" \/>\n<meta property=\"og:site_name\" content=\"OTBB\" \/>\n<meta property=\"article:publisher\" content=\"https:\/\/www.facebook.com\/OTBB92\/\" \/>\n<meta property=\"article:modified_time\" content=\"2025-02-25T10:40:54+00:00\" \/>\n<meta property=\"og:image\" content=\"https:\/\/otbb.org\/wp-content\/uploads\/2022\/03\/tote-bag-jean-gabin-1.png\" \/>\n\t<meta property=\"og:image:width\" content=\"1195\" \/>\n\t<meta property=\"og:image:height\" content=\"1196\" \/>\n\t<meta property=\"og:image:type\" content=\"image\/png\" \/>\n<meta name=\"twitter:card\" content=\"summary_large_image\" \/>\n<meta name=\"twitter:site\" content=\"@OTBB92\" \/>\n<script type=\"application\/ld+json\" class=\"yoast-schema-graph\">{\"@context\":\"https:\\\/\\\/schema.org\",\"@graph\":[{\"@type\":\"WebPage\",\"@id\":\"https:\\\/\\\/otbb.org\\\/produit\\\/tote-bag-jean-gabin\\\/\",\"url\":\"https:\\\/\\\/otbb.org\\\/produit\\\/tote-bag-jean-gabin\\\/\",\"name\":\"Tote bag Jean Gabin - OTBB\",\"isPartOf\":{\"@id\":\"https:\\\/\\\/otbb.org\\\/#website\"},\"primaryImageOfPage\":{\"@id\":\"https:\\\/\\\/otbb.org\\\/produit\\\/tote-bag-jean-gabin\\\/#primaryimage\"},\"image\":{\"@id\":\"https:\\\/\\\/otbb.org\\\/produit\\\/tote-bag-jean-gabin\\\/#primaryimage\"},\"thumbnailUrl\":\"https:\\\/\\\/otbb.org\\\/wp-content\\\/uploads\\\/2022\\\/03\\\/tote-bag-jean-gabin-1.png\",\"datePublished\":\"2022-03-14T09:12:41+00:00\",\"dateModified\":\"2025-02-25T10:40:54+00:00\",\"breadcrumb\":{\"@id\":\"https:\\\/\\\/otbb.org\\\/produit\\\/tote-bag-jean-gabin\\\/#breadcrumb\"},\"inLanguage\":\"en-GB\",\"potentialAction\":[{\"@type\":\"ReadAction\",\"target\":[\"https:\\\/\\\/otbb.org\\\/produit\\\/tote-bag-jean-gabin\\\/\"]}]},{\"@type\":\"ImageObject\",\"inLanguage\":\"en-GB\",\"@id\":\"https:\\\/\\\/otbb.org\\\/produit\\\/tote-bag-jean-gabin\\\/#primaryimage\",\"url\":\"https:\\\/\\\/otbb.org\\\/wp-content\\\/uploads\\\/2022\\\/03\\\/tote-bag-jean-gabin-1.png\",\"contentUrl\":\"https:\\\/\\\/otbb.org\\\/wp-content\\\/uploads\\\/2022\\\/03\\\/tote-bag-jean-gabin-1.png\",\"width\":1195,\"height\":1196},{\"@type\":\"BreadcrumbList\",\"@id\":\"https:\\\/\\\/otbb.org\\\/produit\\\/tote-bag-jean-gabin\\\/#breadcrumb\",\"itemListElement\":[{\"@type\":\"ListItem\",\"position\":1,\"name\":\"Accueil\",\"item\":\"https:\\\/\\\/otbb.org\\\/\"},{\"@type\":\"ListItem\",\"position\":2,\"name\":\"Boutique\",\"item\":\"https:\\\/\\\/otbb.org\\\/boutique-et-livres\\\/\"},{\"@type\":\"ListItem\",\"position\":3,\"name\":\"Tote bag Jean Gabin\"}]},{\"@type\":\"WebSite\",\"@id\":\"https:\\\/\\\/otbb.org\\\/#website\",\"url\":\"https:\\\/\\\/otbb.org\\\/\",\"name\":\"OTBB\",\"description\":\"Bienvenue sur le site de l\u2019office du tourisme de Boulogne Billancourt\",\"publisher\":{\"@id\":\"https:\\\/\\\/otbb.org\\\/#organization\"},\"potentialAction\":[{\"@type\":\"SearchAction\",\"target\":{\"@type\":\"EntryPoint\",\"urlTemplate\":\"https:\\\/\\\/otbb.org\\\/?s={search_term_string}\"},\"query-input\":{\"@type\":\"PropertyValueSpecification\",\"valueRequired\":true,\"valueName\":\"search_term_string\"}}],\"inLanguage\":\"en-GB\"},{\"@type\":\"Organization\",\"@id\":\"https:\\\/\\\/otbb.org\\\/#organization\",\"name\":\"OTBB\",\"url\":\"https:\\\/\\\/otbb.org\\\/\",\"logo\":{\"@type\":\"ImageObject\",\"inLanguage\":\"en-GB\",\"@id\":\"https:\\\/\\\/otbb.org\\\/#\\\/schema\\\/logo\\\/image\\\/\",\"url\":\"https:\\\/\\\/otbb.org\\\/wp-content\\\/uploads\\\/2024\\\/04\\\/cropped-logo_OTBB_horiz_QUADRI.webp\",\"contentUrl\":\"https:\\\/\\\/otbb.org\\\/wp-content\\\/uploads\\\/2024\\\/04\\\/cropped-logo_OTBB_horiz_QUADRI.webp\",\"width\":1035,\"height\":345,\"caption\":\"OTBB\"},\"image\":{\"@id\":\"https:\\\/\\\/otbb.org\\\/#\\\/schema\\\/logo\\\/image\\\/\"},\"sameAs\":[\"https:\\\/\\\/www.facebook.com\\\/OTBB92\\\/\",\"https:\\\/\\\/x.com\\\/OTBB92\",\"https:\\\/\\\/www.instagram.com\\\/otbb92\\\/\"]}]}<\/script>\n<!-- \/ Yoast SEO plugin. -->","yoast_head_json":{"title":"Tote bag Jean Gabin - OTBB","robots":{"index":"index","follow":"follow","max-snippet":"max-snippet:-1","max-image-preview":"max-image-preview:large","max-video-preview":"max-video-preview:-1"},"canonical":"https:\/\/otbb.org\/en\/product\/tote-bag-jean-gabin\/","og_locale":"en_GB","og_type":"article","og_title":"Tote bag Jean Gabin - OTBB","og_description":"Tote bag sur le th\u00e8me \"Jean Gabin. L'exposition\" 100% coton bio organique.  Ce produit a \u00e9t\u00e9 cr\u00e9\u00e9 \u00e0 l\u2019occasion de\u00a0\u201cJean Gabin. L\u2019exposition\u201d du mercredi 9 mars 2022 au dimanche 10 juillet 2022.","og_url":"https:\/\/otbb.org\/en\/product\/tote-bag-jean-gabin\/","og_site_name":"OTBB","article_publisher":"https:\/\/www.facebook.com\/OTBB92\/","article_modified_time":"2025-02-25T10:40:54+00:00","og_image":[{"width":1195,"height":1196,"url":"https:\/\/otbb.org\/wp-content\/uploads\/2022\/03\/tote-bag-jean-gabin-1.png","type":"image\/png"}],"twitter_card":"summary_large_image","twitter_site":"@OTBB92","schema":{"@context":"https:\/\/schema.org","@graph":[{"@type":"WebPage","@id":"https:\/\/otbb.org\/produit\/tote-bag-jean-gabin\/","url":"https:\/\/otbb.org\/produit\/tote-bag-jean-gabin\/","name":"Tote bag Jean Gabin - OTBB","isPartOf":{"@id":"https:\/\/otbb.org\/#website"},"primaryImageOfPage":{"@id":"https:\/\/otbb.org\/produit\/tote-bag-jean-gabin\/#primaryimage"},"image":{"@id":"https:\/\/otbb.org\/produit\/tote-bag-jean-gabin\/#primaryimage"},"thumbnailUrl":"https:\/\/otbb.org\/wp-content\/uploads\/2022\/03\/tote-bag-jean-gabin-1.png","datePublished":"2022-03-14T09:12:41+00:00","dateModified":"2025-02-25T10:40:54+00:00","breadcrumb":{"@id":"https:\/\/otbb.org\/produit\/tote-bag-jean-gabin\/#breadcrumb"},"inLanguage":"en-GB","potentialAction":[{"@type":"ReadAction","target":["https:\/\/otbb.org\/produit\/tote-bag-jean-gabin\/"]}]},{"@type":"ImageObject","inLanguage":"en-GB","@id":"https:\/\/otbb.org\/produit\/tote-bag-jean-gabin\/#primaryimage","url":"https:\/\/otbb.org\/wp-content\/uploads\/2022\/03\/tote-bag-jean-gabin-1.png","contentUrl":"https:\/\/otbb.org\/wp-content\/uploads\/2022\/03\/tote-bag-jean-gabin-1.png","width":1195,"height":1196},{"@type":"BreadcrumbList","@id":"https:\/\/otbb.org\/produit\/tote-bag-jean-gabin\/#breadcrumb","itemListElement":[{"@type":"ListItem","position":1,"name":"Accueil","item":"https:\/\/otbb.org\/"},{"@type":"ListItem","position":2,"name":"Boutique","item":"https:\/\/otbb.org\/boutique-et-livres\/"},{"@type":"ListItem","position":3,"name":"Tote bag Jean Gabin"}]},{"@type":"WebSite","@id":"https:\/\/otbb.org\/#website","url":"https:\/\/otbb.org\/","name":"OTBB","description":"Bienvenue sur le site de l\u2019office du tourisme de Boulogne Billancourt","publisher":{"@id":"https:\/\/otbb.org\/#organization"},"potentialAction":[{"@type":"SearchAction","target":{"@type":"EntryPoint","urlTemplate":"https:\/\/otbb.org\/?s={search_term_string}"},"query-input":{"@type":"PropertyValueSpecification","valueRequired":true,"valueName":"search_term_string"}}],"inLanguage":"en-GB"},{"@type":"Organization","@id":"https:\/\/otbb.org\/#organization","name":"OTBB","url":"https:\/\/otbb.org\/","logo":{"@type":"ImageObject","inLanguage":"en-GB","@id":"https:\/\/otbb.org\/#\/schema\/logo\/image\/","url":"https:\/\/otbb.org\/wp-content\/uploads\/2024\/04\/cropped-logo_OTBB_horiz_QUADRI.webp","contentUrl":"https:\/\/otbb.org\/wp-content\/uploads\/2024\/04\/cropped-logo_OTBB_horiz_QUADRI.webp","width":1035,"height":345,"caption":"OTBB"},"image":{"@id":"https:\/\/otbb.org\/#\/schema\/logo\/image\/"},"sameAs":["https:\/\/www.facebook.com\/OTBB92\/","https:\/\/x.com\/OTBB92","https:\/\/www.instagram.com\/otbb92\/"]}]}},"_links":{"self":[{"href":"https:\/\/otbb.org\/en\/wp-json\/wp\/v2\/product\/19853","targetHints":{"allow":["GET"]}}],"collection":[{"href":"https:\/\/otbb.org\/en\/wp-json\/wp\/v2\/product"}],"about":[{"href":"https:\/\/otbb.org\/en\/wp-json\/wp\/v2\/types\/product"}],"replies":[{"embeddable":true,"href":"https:\/\/otbb.org\/en\/wp-json\/wp\/v2\/comments?post=19853"}],"version-history":[{"count":1,"href":"https:\/\/otbb.org\/en\/wp-json\/wp\/v2\/product\/19853\/revisions"}],"predecessor-version":[{"id":38038,"href":"https:\/\/otbb.org\/en\/wp-json\/wp\/v2\/product\/19853\/revisions\/38038"}],"wp:featuredmedia":[{"embeddable":true,"href":"https:\/\/otbb.org\/en\/wp-json\/wp\/v2\/media\/19854"}],"wp:attachment":[{"href":"https:\/\/otbb.org\/en\/wp-json\/wp\/v2\/media?parent=19853"}],"wp:term":[{"taxonomy":"product_brand","embeddable":true,"href":"https:\/\/otbb.org\/en\/wp-json\/wp\/v2\/product_brand?post=19853"},{"taxonomy":"product_cat","embeddable":true,"href":"https:\/\/otbb.org\/en\/wp-json\/wp\/v2\/product_cat?post=19853"},{"taxonomy":"product_tag","embeddable":true,"href":"https:\/\/otbb.org\/en\/wp-json\/wp\/v2\/product_tag?post=19853"}],"curies":[{"name":"wp","href":"https:\/\/api.w.org\/{rel}","templated":true}]}}