{"id":23896,"date":"2022-09-16T09:47:18","date_gmt":"2022-09-16T09:47:18","guid":{"rendered":"https:\/\/otbb.org\/?post_type=product&#038;p=23896"},"modified":"2025-02-25T10:41:36","modified_gmt":"2025-02-25T10:41:36","slug":"le-guide-boulogne-billancourt","status":"publish","type":"product","link":"https:\/\/otbb.org\/en\/product\/le-guide-boulogne-billancourt\/","title":{"rendered":"Le Guide <br> Boulogne-Billancourt"},"content":{"rendered":"<p>Ce guide vous accompagne \u00e0 la d\u00e9couverte de l&rsquo;histoire et du patrimoine de la ville de Boulogne-Billancourt du XIVe au XXe si\u00e8cle avec une attention particuli\u00e8re sur la ville des Ann\u00e9es 30.<\/p>","protected":false},"excerpt":{"rendered":"<p><strong>Livre \u00e9dit\u00e9 conjointement par le minist\u00e8re de la Culture, la Ville de Boulogne-Billancourt et les \u00c9ditions du patrimoine<\/strong><\/p>\n<p>Dans la collection\u00a0 : Villes et Pays d&rsquo;Art et d&rsquo;Histoire<\/p>\n<p>Plus de 10 auteurs ont collabor\u00e9 \u00e0 la r\u00e9daction de ce guide : animateur du patrimoine, historiens et historiens d&rsquo;art ainsi que des conservateurs de mus\u00e9es et des biblioth\u00e8ques.<\/p>","protected":false},"featured_media":23941,"comment_status":"closed","ping_status":"closed","template":"","meta":{"_acf_changed":false,"om_disable_all_campaigns":false,"_monsterinsights_skip_tracking":false,"_monsterinsights_sitenote_active":false,"_monsterinsights_sitenote_note":"","_monsterinsights_sitenote_category":0,"_uf_show_specific_survey":0,"_uf_disable_surveys":false,"_themeisle_gutenberg_block_has_review":false},"product_brand":[],"product_cat":[39],"product_tag":[],"class_list":{"0":"post-23896","1":"product","2":"type-product","3":"status-publish","4":"has-post-thumbnail","6":"product_cat-livres-et-guides","7":"entry","9":"first","10":"instock","11":"taxable","12":"shipping-taxable","13":"purchasable","14":"product-type-simple"},"acf":[],"yoast_head":"<!-- This site is optimized with the Yoast SEO plugin v27.4 - https:\/\/yoast.com\/product\/yoast-seo-wordpress\/ -->\n<title>Le Guide  Boulogne-Billancourt - OTBB<\/title>\n<meta name=\"description\" content=\"Tant attendu, le voici enfin ! Boulogne-Billancourt, le guide fait sont retour apr\u00e8s une r\u00e9\u00e9dition. Retrouvez le \u00e0 l&#039;OTBB.\" \/>\n<meta name=\"robots\" content=\"index, follow, max-snippet:-1, max-image-preview:large, max-video-preview:-1\" \/>\n<link rel=\"canonical\" href=\"https:\/\/otbb.org\/en\/product\/le-guide-boulogne-billancourt\/\" \/>\n<meta property=\"og:locale\" content=\"en_GB\" \/>\n<meta property=\"og:type\" content=\"article\" \/>\n<meta property=\"og:title\" content=\"Le Guide  Boulogne-Billancourt - OTBB\" \/>\n<meta property=\"og:description\" content=\"Tant attendu, le voici enfin ! Boulogne-Billancourt, le guide fait sont retour apr\u00e8s une r\u00e9\u00e9dition. Retrouvez le \u00e0 l&#039;OTBB.\" \/>\n<meta property=\"og:url\" content=\"https:\/\/otbb.org\/en\/product\/le-guide-boulogne-billancourt\/\" \/>\n<meta property=\"og:site_name\" content=\"OTBB\" \/>\n<meta property=\"article:publisher\" content=\"https:\/\/www.facebook.com\/OTBB92\/\" \/>\n<meta property=\"article:modified_time\" content=\"2025-02-25T10:41:36+00:00\" \/>\n<meta property=\"og:image\" content=\"https:\/\/otbb.org\/wp-content\/uploads\/2022\/09\/DSC_0124-1.png\" \/>\n\t<meta property=\"og:image:width\" content=\"510\" \/>\n\t<meta property=\"og:image:height\" content=\"768\" \/>\n\t<meta property=\"og:image:type\" content=\"image\/png\" \/>\n<meta name=\"twitter:card\" content=\"summary_large_image\" \/>\n<meta name=\"twitter:site\" content=\"@OTBB92\" \/>\n<meta name=\"twitter:label1\" content=\"Estimated reading time\" \/>\n\t<meta name=\"twitter:data1\" content=\"1 minute\" \/>\n<script type=\"application\/ld+json\" class=\"yoast-schema-graph\">{\"@context\":\"https:\\\/\\\/schema.org\",\"@graph\":[{\"@type\":\"WebPage\",\"@id\":\"https:\\\/\\\/otbb.org\\\/produit\\\/le-guide-boulogne-billancourt\\\/\",\"url\":\"https:\\\/\\\/otbb.org\\\/produit\\\/le-guide-boulogne-billancourt\\\/\",\"name\":\"Le Guide Boulogne-Billancourt - OTBB\",\"isPartOf\":{\"@id\":\"https:\\\/\\\/otbb.org\\\/#website\"},\"primaryImageOfPage\":{\"@id\":\"https:\\\/\\\/otbb.org\\\/produit\\\/le-guide-boulogne-billancourt\\\/#primaryimage\"},\"image\":{\"@id\":\"https:\\\/\\\/otbb.org\\\/produit\\\/le-guide-boulogne-billancourt\\\/#primaryimage\"},\"thumbnailUrl\":\"https:\\\/\\\/otbb.org\\\/wp-content\\\/uploads\\\/2022\\\/09\\\/DSC_0124-1.png\",\"datePublished\":\"2022-09-16T09:47:18+00:00\",\"dateModified\":\"2025-02-25T10:41:36+00:00\",\"description\":\"Tant attendu, le voici enfin ! Boulogne-Billancourt, le guide fait sont retour apr\u00e8s une r\u00e9\u00e9dition. Retrouvez le \u00e0 l'OTBB.\",\"breadcrumb\":{\"@id\":\"https:\\\/\\\/otbb.org\\\/produit\\\/le-guide-boulogne-billancourt\\\/#breadcrumb\"},\"inLanguage\":\"en-GB\",\"potentialAction\":[{\"@type\":\"ReadAction\",\"target\":[\"https:\\\/\\\/otbb.org\\\/produit\\\/le-guide-boulogne-billancourt\\\/\"]}]},{\"@type\":\"ImageObject\",\"inLanguage\":\"en-GB\",\"@id\":\"https:\\\/\\\/otbb.org\\\/produit\\\/le-guide-boulogne-billancourt\\\/#primaryimage\",\"url\":\"https:\\\/\\\/otbb.org\\\/wp-content\\\/uploads\\\/2022\\\/09\\\/DSC_0124-1.png\",\"contentUrl\":\"https:\\\/\\\/otbb.org\\\/wp-content\\\/uploads\\\/2022\\\/09\\\/DSC_0124-1.png\",\"width\":510,\"height\":768,\"caption\":\"Aper\u00e7u guide de Boulogne-Billancourt\"},{\"@type\":\"BreadcrumbList\",\"@id\":\"https:\\\/\\\/otbb.org\\\/produit\\\/le-guide-boulogne-billancourt\\\/#breadcrumb\",\"itemListElement\":[{\"@type\":\"ListItem\",\"position\":1,\"name\":\"Accueil\",\"item\":\"https:\\\/\\\/otbb.org\\\/\"},{\"@type\":\"ListItem\",\"position\":2,\"name\":\"Boutique\",\"item\":\"https:\\\/\\\/otbb.org\\\/boutique-et-livres\\\/\"},{\"@type\":\"ListItem\",\"position\":3,\"name\":\"Le Guide Boulogne-Billancourt\"}]},{\"@type\":\"WebSite\",\"@id\":\"https:\\\/\\\/otbb.org\\\/#website\",\"url\":\"https:\\\/\\\/otbb.org\\\/\",\"name\":\"OTBB\",\"description\":\"Bienvenue sur le site de l\u2019office du tourisme de Boulogne Billancourt\",\"publisher\":{\"@id\":\"https:\\\/\\\/otbb.org\\\/#organization\"},\"potentialAction\":[{\"@type\":\"SearchAction\",\"target\":{\"@type\":\"EntryPoint\",\"urlTemplate\":\"https:\\\/\\\/otbb.org\\\/?s={search_term_string}\"},\"query-input\":{\"@type\":\"PropertyValueSpecification\",\"valueRequired\":true,\"valueName\":\"search_term_string\"}}],\"inLanguage\":\"en-GB\"},{\"@type\":\"Organization\",\"@id\":\"https:\\\/\\\/otbb.org\\\/#organization\",\"name\":\"OTBB\",\"url\":\"https:\\\/\\\/otbb.org\\\/\",\"logo\":{\"@type\":\"ImageObject\",\"inLanguage\":\"en-GB\",\"@id\":\"https:\\\/\\\/otbb.org\\\/#\\\/schema\\\/logo\\\/image\\\/\",\"url\":\"https:\\\/\\\/otbb.org\\\/wp-content\\\/uploads\\\/2024\\\/04\\\/cropped-logo_OTBB_horiz_QUADRI.webp\",\"contentUrl\":\"https:\\\/\\\/otbb.org\\\/wp-content\\\/uploads\\\/2024\\\/04\\\/cropped-logo_OTBB_horiz_QUADRI.webp\",\"width\":1035,\"height\":345,\"caption\":\"OTBB\"},\"image\":{\"@id\":\"https:\\\/\\\/otbb.org\\\/#\\\/schema\\\/logo\\\/image\\\/\"},\"sameAs\":[\"https:\\\/\\\/www.facebook.com\\\/OTBB92\\\/\",\"https:\\\/\\\/x.com\\\/OTBB92\",\"https:\\\/\\\/www.instagram.com\\\/otbb92\\\/\"]}]}<\/script>\n<!-- \/ Yoast SEO plugin. -->","yoast_head_json":{"title":"Le Guide  Boulogne-Billancourt - OTBB","description":"Tant attendu, le voici enfin ! Boulogne-Billancourt, le guide fait sont retour apr\u00e8s une r\u00e9\u00e9dition. Retrouvez le \u00e0 l'OTBB.","robots":{"index":"index","follow":"follow","max-snippet":"max-snippet:-1","max-image-preview":"max-image-preview:large","max-video-preview":"max-video-preview:-1"},"canonical":"https:\/\/otbb.org\/en\/product\/le-guide-boulogne-billancourt\/","og_locale":"en_GB","og_type":"article","og_title":"Le Guide  Boulogne-Billancourt - OTBB","og_description":"Tant attendu, le voici enfin ! Boulogne-Billancourt, le guide fait sont retour apr\u00e8s une r\u00e9\u00e9dition. Retrouvez le \u00e0 l'OTBB.","og_url":"https:\/\/otbb.org\/en\/product\/le-guide-boulogne-billancourt\/","og_site_name":"OTBB","article_publisher":"https:\/\/www.facebook.com\/OTBB92\/","article_modified_time":"2025-02-25T10:41:36+00:00","og_image":[{"width":510,"height":768,"url":"https:\/\/otbb.org\/wp-content\/uploads\/2022\/09\/DSC_0124-1.png","type":"image\/png"}],"twitter_card":"summary_large_image","twitter_site":"@OTBB92","twitter_misc":{"Estimated reading time":"1 minute"},"schema":{"@context":"https:\/\/schema.org","@graph":[{"@type":"WebPage","@id":"https:\/\/otbb.org\/produit\/le-guide-boulogne-billancourt\/","url":"https:\/\/otbb.org\/produit\/le-guide-boulogne-billancourt\/","name":"Le Guide Boulogne-Billancourt - OTBB","isPartOf":{"@id":"https:\/\/otbb.org\/#website"},"primaryImageOfPage":{"@id":"https:\/\/otbb.org\/produit\/le-guide-boulogne-billancourt\/#primaryimage"},"image":{"@id":"https:\/\/otbb.org\/produit\/le-guide-boulogne-billancourt\/#primaryimage"},"thumbnailUrl":"https:\/\/otbb.org\/wp-content\/uploads\/2022\/09\/DSC_0124-1.png","datePublished":"2022-09-16T09:47:18+00:00","dateModified":"2025-02-25T10:41:36+00:00","description":"Tant attendu, le voici enfin ! Boulogne-Billancourt, le guide fait sont retour apr\u00e8s une r\u00e9\u00e9dition. Retrouvez le \u00e0 l'OTBB.","breadcrumb":{"@id":"https:\/\/otbb.org\/produit\/le-guide-boulogne-billancourt\/#breadcrumb"},"inLanguage":"en-GB","potentialAction":[{"@type":"ReadAction","target":["https:\/\/otbb.org\/produit\/le-guide-boulogne-billancourt\/"]}]},{"@type":"ImageObject","inLanguage":"en-GB","@id":"https:\/\/otbb.org\/produit\/le-guide-boulogne-billancourt\/#primaryimage","url":"https:\/\/otbb.org\/wp-content\/uploads\/2022\/09\/DSC_0124-1.png","contentUrl":"https:\/\/otbb.org\/wp-content\/uploads\/2022\/09\/DSC_0124-1.png","width":510,"height":768,"caption":"Aper\u00e7u guide de Boulogne-Billancourt"},{"@type":"BreadcrumbList","@id":"https:\/\/otbb.org\/produit\/le-guide-boulogne-billancourt\/#breadcrumb","itemListElement":[{"@type":"ListItem","position":1,"name":"Accueil","item":"https:\/\/otbb.org\/"},{"@type":"ListItem","position":2,"name":"Boutique","item":"https:\/\/otbb.org\/boutique-et-livres\/"},{"@type":"ListItem","position":3,"name":"Le Guide Boulogne-Billancourt"}]},{"@type":"WebSite","@id":"https:\/\/otbb.org\/#website","url":"https:\/\/otbb.org\/","name":"OTBB","description":"Bienvenue sur le site de l\u2019office du tourisme de Boulogne Billancourt","publisher":{"@id":"https:\/\/otbb.org\/#organization"},"potentialAction":[{"@type":"SearchAction","target":{"@type":"EntryPoint","urlTemplate":"https:\/\/otbb.org\/?s={search_term_string}"},"query-input":{"@type":"PropertyValueSpecification","valueRequired":true,"valueName":"search_term_string"}}],"inLanguage":"en-GB"},{"@type":"Organization","@id":"https:\/\/otbb.org\/#organization","name":"OTBB","url":"https:\/\/otbb.org\/","logo":{"@type":"ImageObject","inLanguage":"en-GB","@id":"https:\/\/otbb.org\/#\/schema\/logo\/image\/","url":"https:\/\/otbb.org\/wp-content\/uploads\/2024\/04\/cropped-logo_OTBB_horiz_QUADRI.webp","contentUrl":"https:\/\/otbb.org\/wp-content\/uploads\/2024\/04\/cropped-logo_OTBB_horiz_QUADRI.webp","width":1035,"height":345,"caption":"OTBB"},"image":{"@id":"https:\/\/otbb.org\/#\/schema\/logo\/image\/"},"sameAs":["https:\/\/www.facebook.com\/OTBB92\/","https:\/\/x.com\/OTBB92","https:\/\/www.instagram.com\/otbb92\/"]}]}},"_links":{"self":[{"href":"https:\/\/otbb.org\/en\/wp-json\/wp\/v2\/product\/23896","targetHints":{"allow":["GET"]}}],"collection":[{"href":"https:\/\/otbb.org\/en\/wp-json\/wp\/v2\/product"}],"about":[{"href":"https:\/\/otbb.org\/en\/wp-json\/wp\/v2\/types\/product"}],"replies":[{"embeddable":true,"href":"https:\/\/otbb.org\/en\/wp-json\/wp\/v2\/comments?post=23896"}],"version-history":[{"count":1,"href":"https:\/\/otbb.org\/en\/wp-json\/wp\/v2\/product\/23896\/revisions"}],"predecessor-version":[{"id":38039,"href":"https:\/\/otbb.org\/en\/wp-json\/wp\/v2\/product\/23896\/revisions\/38039"}],"wp:featuredmedia":[{"embeddable":true,"href":"https:\/\/otbb.org\/en\/wp-json\/wp\/v2\/media\/23941"}],"wp:attachment":[{"href":"https:\/\/otbb.org\/en\/wp-json\/wp\/v2\/media?parent=23896"}],"wp:term":[{"taxonomy":"product_brand","embeddable":true,"href":"https:\/\/otbb.org\/en\/wp-json\/wp\/v2\/product_brand?post=23896"},{"taxonomy":"product_cat","embeddable":true,"href":"https:\/\/otbb.org\/en\/wp-json\/wp\/v2\/product_cat?post=23896"},{"taxonomy":"product_tag","embeddable":true,"href":"https:\/\/otbb.org\/en\/wp-json\/wp\/v2\/product_tag?post=23896"}],"curies":[{"name":"wp","href":"https:\/\/api.w.org\/{rel}","templated":true}]}}