{"id":30080,"date":"2023-09-19T13:52:48","date_gmt":"2023-09-19T13:52:48","guid":{"rendered":"https:\/\/otbb.org\/?post_type=product&#038;p=30080"},"modified":"2025-02-25T10:42:11","modified_gmt":"2025-02-25T10:42:11","slug":"musee-des-annees-30chefs-doeuvre-art-deco","status":"publish","type":"product","link":"https:\/\/otbb.org\/en\/product\/musee-des-annees-30chefs-doeuvre-art-deco\/","title":{"rendered":"Museum of the 1930s<br>Chefs d&rsquo;oeuvre Art D\u00e9co"},"content":{"rendered":"<p style=\"text-align: center;\">Tandis que l&rsquo;Art d\u00e9co, admir\u00e9 de tous \u00e0 l&rsquo;Exposition internationale des arts d\u00e9coratifs de 1925, continue \u00e0 se diffuser, de nombreux artistes de l&rsquo;entre-deux-guerres tels que Boutet de Monvel,\u00a0Courmes, La Patelli\u00e8re, Souverbie ou Despiau s&rsquo;attachent \u00a0\u00e0 redonner au r\u00e9alisme un nouveau visage, en phase avec son temps.<\/p>\n<p>&nbsp;<\/p>\n<p style=\"text-align: center;\">T\u00e9moin privil\u00e9gi\u00e9 de cette \u00e9poque foisonnante, le mus\u00e9e des Ann\u00e9es 30 conserve dans ses collections plusieurs centaines de chefs-d&rsquo;\u0153uvre, dans des domaines aussi vari\u00e9s que la peinture, la sculpture.<\/p>\n<p>&nbsp;<\/p>\n<p style=\"text-align: center;\">A rebours d&rsquo;une modernit\u00e9 trop longtemps cantonn\u00e9e au cubisme et \u00e0 l&rsquo;abstraction, il offre un regard singulier sur cette p\u00e9riode encore\u00a0m\u00e9connue.<\/p>","protected":false},"excerpt":{"rendered":"<p>Tandis que l&rsquo;Art d\u00e9co, admir\u00e9 de tous \u00e0 l&rsquo;Exposition internationale des arts d\u00e9coratifs de 1925, continue \u00e0 se diffuser, de nombreux artistes de l&rsquo;entre-deux-guerres tels que Boutet de Monvel,\u00a0Courmes, La Patelli\u00e8re, Souverbie ou Despiau s&rsquo;attachent \u00a0\u00e0 redonner au r\u00e9alisme un nouveau visage, en phase avec son temps. &nbsp; T\u00e9moin privil\u00e9gi\u00e9 de cette \u00e9poque foisonnante, le&hellip; <a class=\"more-link\" href=\"https:\/\/otbb.org\/en\/product\/musee-des-annees-30chefs-doeuvre-art-deco\/\">Continue reading <span class=\"screen-reader-text\">Museum of the 1930s<br \/>Chefs d&rsquo;oeuvre Art D\u00e9co<\/span><\/a><\/p>","protected":false},"featured_media":30082,"comment_status":"closed","ping_status":"closed","template":"","meta":{"_acf_changed":false,"om_disable_all_campaigns":false,"_monsterinsights_skip_tracking":false,"_monsterinsights_sitenote_active":false,"_monsterinsights_sitenote_note":"","_monsterinsights_sitenote_category":0,"_uf_show_specific_survey":0,"_uf_disable_surveys":false,"_themeisle_gutenberg_block_has_review":false},"product_brand":[],"product_cat":[39],"product_tag":[],"class_list":{"0":"post-30080","1":"product","2":"type-product","3":"status-publish","4":"has-post-thumbnail","6":"product_cat-livres-et-guides","7":"entry","9":"first","10":"instock","11":"taxable","12":"shipping-taxable","13":"purchasable","14":"product-type-simple"},"acf":[],"yoast_head":"<!-- This site is optimized with the Yoast SEO plugin v27.4 - https:\/\/yoast.com\/product\/yoast-seo-wordpress\/ -->\n<title>Mus\u00e9e des Ann\u00e9es 30Chefs d&#039;oeuvre Art D\u00e9co - OTBB<\/title>\n<meta name=\"description\" content=\"Tandis que l&#039;Art d\u00e9co, admir\u00e9 de tous \u00e0 l&#039;Exposition internationale des arts d\u00e9coratifs de 1925, continue \u00e0 se diffuser, de nombreux artistes de l&#039;entre-deux-guerres tels que Boutet de Monvel\" \/>\n<meta name=\"robots\" content=\"index, follow, max-snippet:-1, max-image-preview:large, max-video-preview:-1\" \/>\n<link rel=\"canonical\" href=\"https:\/\/otbb.org\/en\/product\/musee-des-annees-30chefs-doeuvre-art-deco\/\" \/>\n<meta property=\"og:locale\" content=\"en_GB\" \/>\n<meta property=\"og:type\" content=\"article\" \/>\n<meta property=\"og:title\" content=\"Mus\u00e9e des Ann\u00e9es 30Chefs d&#039;oeuvre Art D\u00e9co - OTBB\" \/>\n<meta property=\"og:description\" content=\"Tandis que l&#039;Art d\u00e9co, admir\u00e9 de tous \u00e0 l&#039;Exposition internationale des arts d\u00e9coratifs de 1925, continue \u00e0 se diffuser, de nombreux artistes de l&#039;entre-deux-guerres tels que Boutet de Monvel\" \/>\n<meta property=\"og:url\" content=\"https:\/\/otbb.org\/en\/product\/musee-des-annees-30chefs-doeuvre-art-deco\/\" \/>\n<meta property=\"og:site_name\" content=\"OTBB\" \/>\n<meta property=\"article:publisher\" content=\"https:\/\/www.facebook.com\/OTBB92\/\" \/>\n<meta property=\"article:modified_time\" content=\"2025-02-25T10:42:11+00:00\" \/>\n<meta property=\"og:image\" content=\"https:\/\/otbb.org\/wp-content\/uploads\/2023\/09\/Chef-doeuvre-Art-Deco.jpg\" \/>\n\t<meta property=\"og:image:width\" content=\"600\" \/>\n\t<meta property=\"og:image:height\" content=\"530\" \/>\n\t<meta property=\"og:image:type\" content=\"image\/jpeg\" \/>\n<meta name=\"twitter:card\" content=\"summary_large_image\" \/>\n<meta name=\"twitter:site\" content=\"@OTBB92\" \/>\n<meta name=\"twitter:label1\" content=\"Estimated reading time\" \/>\n\t<meta name=\"twitter:data1\" content=\"1 minute\" \/>\n<script type=\"application\/ld+json\" class=\"yoast-schema-graph\">{\"@context\":\"https:\\\/\\\/schema.org\",\"@graph\":[{\"@type\":\"WebPage\",\"@id\":\"https:\\\/\\\/otbb.org\\\/produit\\\/musee-des-annees-30chefs-doeuvre-art-deco\\\/\",\"url\":\"https:\\\/\\\/otbb.org\\\/produit\\\/musee-des-annees-30chefs-doeuvre-art-deco\\\/\",\"name\":\"Mus\u00e9e des Ann\u00e9es 30 Chefs d'oeuvre Art D\u00e9co - OTBB\",\"isPartOf\":{\"@id\":\"https:\\\/\\\/otbb.org\\\/#website\"},\"primaryImageOfPage\":{\"@id\":\"https:\\\/\\\/otbb.org\\\/produit\\\/musee-des-annees-30chefs-doeuvre-art-deco\\\/#primaryimage\"},\"image\":{\"@id\":\"https:\\\/\\\/otbb.org\\\/produit\\\/musee-des-annees-30chefs-doeuvre-art-deco\\\/#primaryimage\"},\"thumbnailUrl\":\"https:\\\/\\\/otbb.org\\\/wp-content\\\/uploads\\\/2023\\\/09\\\/Chef-doeuvre-Art-Deco.jpg\",\"datePublished\":\"2023-09-19T13:52:48+00:00\",\"dateModified\":\"2025-02-25T10:42:11+00:00\",\"description\":\"Tandis que l'Art d\u00e9co, admir\u00e9 de tous \u00e0 l'Exposition internationale des arts d\u00e9coratifs de 1925, continue \u00e0 se diffuser, de nombreux artistes de l'entre-deux-guerres tels que Boutet de Monvel\",\"breadcrumb\":{\"@id\":\"https:\\\/\\\/otbb.org\\\/produit\\\/musee-des-annees-30chefs-doeuvre-art-deco\\\/#breadcrumb\"},\"inLanguage\":\"en-GB\",\"potentialAction\":[{\"@type\":\"ReadAction\",\"target\":[\"https:\\\/\\\/otbb.org\\\/produit\\\/musee-des-annees-30chefs-doeuvre-art-deco\\\/\"]}]},{\"@type\":\"ImageObject\",\"inLanguage\":\"en-GB\",\"@id\":\"https:\\\/\\\/otbb.org\\\/produit\\\/musee-des-annees-30chefs-doeuvre-art-deco\\\/#primaryimage\",\"url\":\"https:\\\/\\\/otbb.org\\\/wp-content\\\/uploads\\\/2023\\\/09\\\/Chef-doeuvre-Art-Deco.jpg\",\"contentUrl\":\"https:\\\/\\\/otbb.org\\\/wp-content\\\/uploads\\\/2023\\\/09\\\/Chef-doeuvre-Art-Deco.jpg\",\"width\":600,\"height\":530,\"caption\":\"boutique livre\"},{\"@type\":\"BreadcrumbList\",\"@id\":\"https:\\\/\\\/otbb.org\\\/produit\\\/musee-des-annees-30chefs-doeuvre-art-deco\\\/#breadcrumb\",\"itemListElement\":[{\"@type\":\"ListItem\",\"position\":1,\"name\":\"Accueil\",\"item\":\"https:\\\/\\\/otbb.org\\\/\"},{\"@type\":\"ListItem\",\"position\":2,\"name\":\"Boutique\",\"item\":\"https:\\\/\\\/otbb.org\\\/boutique-et-livres\\\/\"},{\"@type\":\"ListItem\",\"position\":3,\"name\":\"Mus\u00e9e des Ann\u00e9es 30Chefs d&rsquo;oeuvre Art D\u00e9co\"}]},{\"@type\":\"WebSite\",\"@id\":\"https:\\\/\\\/otbb.org\\\/#website\",\"url\":\"https:\\\/\\\/otbb.org\\\/\",\"name\":\"OTBB\",\"description\":\"Bienvenue sur le site de l\u2019office du tourisme de Boulogne Billancourt\",\"publisher\":{\"@id\":\"https:\\\/\\\/otbb.org\\\/#organization\"},\"potentialAction\":[{\"@type\":\"SearchAction\",\"target\":{\"@type\":\"EntryPoint\",\"urlTemplate\":\"https:\\\/\\\/otbb.org\\\/?s={search_term_string}\"},\"query-input\":{\"@type\":\"PropertyValueSpecification\",\"valueRequired\":true,\"valueName\":\"search_term_string\"}}],\"inLanguage\":\"en-GB\"},{\"@type\":\"Organization\",\"@id\":\"https:\\\/\\\/otbb.org\\\/#organization\",\"name\":\"OTBB\",\"url\":\"https:\\\/\\\/otbb.org\\\/\",\"logo\":{\"@type\":\"ImageObject\",\"inLanguage\":\"en-GB\",\"@id\":\"https:\\\/\\\/otbb.org\\\/#\\\/schema\\\/logo\\\/image\\\/\",\"url\":\"https:\\\/\\\/otbb.org\\\/wp-content\\\/uploads\\\/2024\\\/04\\\/cropped-logo_OTBB_horiz_QUADRI.webp\",\"contentUrl\":\"https:\\\/\\\/otbb.org\\\/wp-content\\\/uploads\\\/2024\\\/04\\\/cropped-logo_OTBB_horiz_QUADRI.webp\",\"width\":1035,\"height\":345,\"caption\":\"OTBB\"},\"image\":{\"@id\":\"https:\\\/\\\/otbb.org\\\/#\\\/schema\\\/logo\\\/image\\\/\"},\"sameAs\":[\"https:\\\/\\\/www.facebook.com\\\/OTBB92\\\/\",\"https:\\\/\\\/x.com\\\/OTBB92\",\"https:\\\/\\\/www.instagram.com\\\/otbb92\\\/\"]}]}<\/script>\n<!-- \/ Yoast SEO plugin. -->","yoast_head_json":{"title":"Mus\u00e9e des Ann\u00e9es 30Chefs d'oeuvre Art D\u00e9co - OTBB","description":"Tandis que l'Art d\u00e9co, admir\u00e9 de tous \u00e0 l'Exposition internationale des arts d\u00e9coratifs de 1925, continue \u00e0 se diffuser, de nombreux artistes de l'entre-deux-guerres tels que Boutet de Monvel","robots":{"index":"index","follow":"follow","max-snippet":"max-snippet:-1","max-image-preview":"max-image-preview:large","max-video-preview":"max-video-preview:-1"},"canonical":"https:\/\/otbb.org\/en\/product\/musee-des-annees-30chefs-doeuvre-art-deco\/","og_locale":"en_GB","og_type":"article","og_title":"Mus\u00e9e des Ann\u00e9es 30Chefs d'oeuvre Art D\u00e9co - OTBB","og_description":"Tandis que l'Art d\u00e9co, admir\u00e9 de tous \u00e0 l'Exposition internationale des arts d\u00e9coratifs de 1925, continue \u00e0 se diffuser, de nombreux artistes de l'entre-deux-guerres tels que Boutet de Monvel","og_url":"https:\/\/otbb.org\/en\/product\/musee-des-annees-30chefs-doeuvre-art-deco\/","og_site_name":"OTBB","article_publisher":"https:\/\/www.facebook.com\/OTBB92\/","article_modified_time":"2025-02-25T10:42:11+00:00","og_image":[{"width":600,"height":530,"url":"https:\/\/otbb.org\/wp-content\/uploads\/2023\/09\/Chef-doeuvre-Art-Deco.jpg","type":"image\/jpeg"}],"twitter_card":"summary_large_image","twitter_site":"@OTBB92","twitter_misc":{"Estimated reading time":"1 minute"},"schema":{"@context":"https:\/\/schema.org","@graph":[{"@type":"WebPage","@id":"https:\/\/otbb.org\/produit\/musee-des-annees-30chefs-doeuvre-art-deco\/","url":"https:\/\/otbb.org\/produit\/musee-des-annees-30chefs-doeuvre-art-deco\/","name":"Mus\u00e9e des Ann\u00e9es 30 Chefs d'oeuvre Art D\u00e9co - OTBB","isPartOf":{"@id":"https:\/\/otbb.org\/#website"},"primaryImageOfPage":{"@id":"https:\/\/otbb.org\/produit\/musee-des-annees-30chefs-doeuvre-art-deco\/#primaryimage"},"image":{"@id":"https:\/\/otbb.org\/produit\/musee-des-annees-30chefs-doeuvre-art-deco\/#primaryimage"},"thumbnailUrl":"https:\/\/otbb.org\/wp-content\/uploads\/2023\/09\/Chef-doeuvre-Art-Deco.jpg","datePublished":"2023-09-19T13:52:48+00:00","dateModified":"2025-02-25T10:42:11+00:00","description":"Tandis que l'Art d\u00e9co, admir\u00e9 de tous \u00e0 l'Exposition internationale des arts d\u00e9coratifs de 1925, continue \u00e0 se diffuser, de nombreux artistes de l'entre-deux-guerres tels que Boutet de Monvel","breadcrumb":{"@id":"https:\/\/otbb.org\/produit\/musee-des-annees-30chefs-doeuvre-art-deco\/#breadcrumb"},"inLanguage":"en-GB","potentialAction":[{"@type":"ReadAction","target":["https:\/\/otbb.org\/produit\/musee-des-annees-30chefs-doeuvre-art-deco\/"]}]},{"@type":"ImageObject","inLanguage":"en-GB","@id":"https:\/\/otbb.org\/produit\/musee-des-annees-30chefs-doeuvre-art-deco\/#primaryimage","url":"https:\/\/otbb.org\/wp-content\/uploads\/2023\/09\/Chef-doeuvre-Art-Deco.jpg","contentUrl":"https:\/\/otbb.org\/wp-content\/uploads\/2023\/09\/Chef-doeuvre-Art-Deco.jpg","width":600,"height":530,"caption":"boutique livre"},{"@type":"BreadcrumbList","@id":"https:\/\/otbb.org\/produit\/musee-des-annees-30chefs-doeuvre-art-deco\/#breadcrumb","itemListElement":[{"@type":"ListItem","position":1,"name":"Accueil","item":"https:\/\/otbb.org\/"},{"@type":"ListItem","position":2,"name":"Boutique","item":"https:\/\/otbb.org\/boutique-et-livres\/"},{"@type":"ListItem","position":3,"name":"Mus\u00e9e des Ann\u00e9es 30Chefs d&rsquo;oeuvre Art D\u00e9co"}]},{"@type":"WebSite","@id":"https:\/\/otbb.org\/#website","url":"https:\/\/otbb.org\/","name":"OTBB","description":"Bienvenue sur le site de l\u2019office du tourisme de Boulogne Billancourt","publisher":{"@id":"https:\/\/otbb.org\/#organization"},"potentialAction":[{"@type":"SearchAction","target":{"@type":"EntryPoint","urlTemplate":"https:\/\/otbb.org\/?s={search_term_string}"},"query-input":{"@type":"PropertyValueSpecification","valueRequired":true,"valueName":"search_term_string"}}],"inLanguage":"en-GB"},{"@type":"Organization","@id":"https:\/\/otbb.org\/#organization","name":"OTBB","url":"https:\/\/otbb.org\/","logo":{"@type":"ImageObject","inLanguage":"en-GB","@id":"https:\/\/otbb.org\/#\/schema\/logo\/image\/","url":"https:\/\/otbb.org\/wp-content\/uploads\/2024\/04\/cropped-logo_OTBB_horiz_QUADRI.webp","contentUrl":"https:\/\/otbb.org\/wp-content\/uploads\/2024\/04\/cropped-logo_OTBB_horiz_QUADRI.webp","width":1035,"height":345,"caption":"OTBB"},"image":{"@id":"https:\/\/otbb.org\/#\/schema\/logo\/image\/"},"sameAs":["https:\/\/www.facebook.com\/OTBB92\/","https:\/\/x.com\/OTBB92","https:\/\/www.instagram.com\/otbb92\/"]}]}},"_links":{"self":[{"href":"https:\/\/otbb.org\/en\/wp-json\/wp\/v2\/product\/30080","targetHints":{"allow":["GET"]}}],"collection":[{"href":"https:\/\/otbb.org\/en\/wp-json\/wp\/v2\/product"}],"about":[{"href":"https:\/\/otbb.org\/en\/wp-json\/wp\/v2\/types\/product"}],"replies":[{"embeddable":true,"href":"https:\/\/otbb.org\/en\/wp-json\/wp\/v2\/comments?post=30080"}],"version-history":[{"count":6,"href":"https:\/\/otbb.org\/en\/wp-json\/wp\/v2\/product\/30080\/revisions"}],"predecessor-version":[{"id":38040,"href":"https:\/\/otbb.org\/en\/wp-json\/wp\/v2\/product\/30080\/revisions\/38040"}],"wp:featuredmedia":[{"embeddable":true,"href":"https:\/\/otbb.org\/en\/wp-json\/wp\/v2\/media\/30082"}],"wp:attachment":[{"href":"https:\/\/otbb.org\/en\/wp-json\/wp\/v2\/media?parent=30080"}],"wp:term":[{"taxonomy":"product_brand","embeddable":true,"href":"https:\/\/otbb.org\/en\/wp-json\/wp\/v2\/product_brand?post=30080"},{"taxonomy":"product_cat","embeddable":true,"href":"https:\/\/otbb.org\/en\/wp-json\/wp\/v2\/product_cat?post=30080"},{"taxonomy":"product_tag","embeddable":true,"href":"https:\/\/otbb.org\/en\/wp-json\/wp\/v2\/product_tag?post=30080"}],"curies":[{"name":"wp","href":"https:\/\/api.w.org\/{rel}","templated":true}]}}