{"id":31863,"date":"2024-01-11T14:15:39","date_gmt":"2024-01-11T14:15:39","guid":{"rendered":"https:\/\/otbb.org\/?post_type=product&#038;p=31863"},"modified":"2026-03-13T08:42:12","modified_gmt":"2026-03-13T08:42:12","slug":"l-histoire-des-russes-a-boulogne-billancourt","status":"publish","type":"product","link":"https:\/\/otbb.org\/en\/product\/l-histoire-des-russes-a-boulogne-billancourt\/","title":{"rendered":"L\u2019histoire des Russes blancs \u00e0 Boulogne-Billancourt"},"content":{"rendered":"<p><strong>L\u2019histoire des Russes blancs \u00e0 Boulogne-Billancourt<\/strong>\u00a0: <em>voyage incroyable \u00e0 travers les si\u00e8cles et les destins<\/em><\/p>\n<p>&nbsp;<\/p>\n<p>Pendant cette balade, vous en d\u00e9couvrirez plus sur la culture russe, sa gastronomie, ses traditions et ses habitudes qui existent toujours depuis l\u2019arriv\u00e9e des Russes blancs sur le sol fran\u00e7ais.<\/p>\n<p>Vous visiterez bri\u00e8vement l\u2019\u00e9glise orthodoxe de Saint-Nicolas-le-Thaumaturge tout en parlant des particularit\u00e9s, diff\u00e9rences et similitudes entre la religion orthodoxe et catholique.<\/p>\n<p>D\u2019autant plus que les Russes blancs ont aussi jou\u00e9 un r\u00f4le important dans le domaine artistique comme le cin\u00e9ma, la danse ou la litt\u00e9rature. Ils ont en m\u00eame temps pu enrichir la culture fran\u00e7aise par ce qu\u2019ils \u00e9taient, en s\u2019assimilant et en restant eux-m\u00eames.<\/p>\n<p>Tout en devenant Fran\u00e7ais, ils n\u2019ont rien abdiqu\u00e9 de leur culture, de leur patrimoine, de leur histoire et de leur langue. Ils ont r\u00e9ussi ce mariage extr\u00eamement rare dans l\u2019histoire des soci\u00e9t\u00e9s humaines, entre la fid\u00e9lit\u00e9 \u00e0 la patrie d\u2019origine, la Russie et l\u2019attachement \u00e0 la patrie d\u2019\u00e9lection\u00a0: la France<\/p>","protected":false},"excerpt":{"rendered":"<p><strong>10h30 \u2013 12h<\/strong><\/p>\n<p>Conf\u00e9renci\u00e8re : Charlotte PROTARD<\/p>\n<p>R\u00e9servation obligatoire \u00e0 l\u2019Office de Tourisme\u00a0: 01 41 41 54 54 ou <a href=\"https:\/\/otbb.org\/en\/\">www.otbb.org<\/a><\/p>","protected":false},"featured_media":19115,"comment_status":"closed","ping_status":"closed","template":"","meta":{"_acf_changed":false,"om_disable_all_campaigns":false,"_monsterinsights_skip_tracking":false,"_monsterinsights_sitenote_active":false,"_monsterinsights_sitenote_note":"","_monsterinsights_sitenote_category":0,"_uf_show_specific_survey":0,"_uf_disable_surveys":false,"_themeisle_gutenberg_block_has_review":false},"product_brand":[],"product_cat":[69],"product_tag":[],"class_list":{"0":"post-31863","1":"product","2":"type-product","3":"status-publish","4":"has-post-thumbnail","6":"product_cat-agenda-events","7":"entry","9":"first","10":"instock","11":"taxable","12":"shipping-taxable","13":"purchasable","14":"product-type-variable"},"acf":[],"yoast_head":"<!-- This site is optimized with the Yoast SEO plugin v27.4 - https:\/\/yoast.com\/product\/yoast-seo-wordpress\/ -->\n<title>L\u2019histoire des Russes blancs \u00e0 Boulogne-Billancourt - OTBB<\/title>\n<meta name=\"description\" content=\"Pendant cette balade, vous en d\u00e9couvrirez plus sur la culture russe, sa gastronomie, ses traditions et ses habitudes qui existent toujours.\" \/>\n<meta name=\"robots\" content=\"index, follow, max-snippet:-1, max-image-preview:large, max-video-preview:-1\" \/>\n<link rel=\"canonical\" href=\"https:\/\/otbb.org\/en\/product\/l-histoire-des-russes-a-boulogne-billancourt\/\" \/>\n<meta property=\"og:locale\" content=\"en_GB\" \/>\n<meta property=\"og:type\" content=\"article\" \/>\n<meta property=\"og:title\" content=\"L\u2019histoire des Russes blancs \u00e0 Boulogne-Billancourt - OTBB\" \/>\n<meta property=\"og:description\" content=\"Pendant cette balade, vous en d\u00e9couvrirez plus sur la culture russe, sa gastronomie, ses traditions et ses habitudes qui existent toujours.\" \/>\n<meta property=\"og:url\" content=\"https:\/\/otbb.org\/en\/product\/l-histoire-des-russes-a-boulogne-billancourt\/\" \/>\n<meta property=\"og:site_name\" content=\"OTBB\" \/>\n<meta property=\"article:publisher\" content=\"https:\/\/www.facebook.com\/OTBB92\/\" \/>\n<meta property=\"article:modified_time\" content=\"2026-03-13T08:42:12+00:00\" \/>\n<meta property=\"og:image\" content=\"https:\/\/otbb.org\/wp-content\/uploads\/2022\/02\/Russes-Blancs.jpg\" \/>\n\t<meta property=\"og:image:width\" content=\"1280\" \/>\n\t<meta property=\"og:image:height\" content=\"920\" \/>\n\t<meta property=\"og:image:type\" content=\"image\/jpeg\" \/>\n<meta name=\"twitter:card\" content=\"summary_large_image\" \/>\n<meta name=\"twitter:site\" content=\"@OTBB92\" \/>\n<meta name=\"twitter:label1\" content=\"Estimated reading time\" \/>\n\t<meta name=\"twitter:data1\" content=\"1 minute\" \/>\n<script type=\"application\/ld+json\" class=\"yoast-schema-graph\">{\"@context\":\"https:\\\/\\\/schema.org\",\"@graph\":[{\"@type\":\"WebPage\",\"@id\":\"https:\\\/\\\/otbb.org\\\/produit\\\/l-histoire-des-russes-a-boulogne-billancourt\\\/\",\"url\":\"https:\\\/\\\/otbb.org\\\/produit\\\/l-histoire-des-russes-a-boulogne-billancourt\\\/\",\"name\":\"L\u2019histoire des Russes blancs \u00e0 Boulogne-Billancourt - OTBB\",\"isPartOf\":{\"@id\":\"https:\\\/\\\/otbb.org\\\/#website\"},\"primaryImageOfPage\":{\"@id\":\"https:\\\/\\\/otbb.org\\\/produit\\\/l-histoire-des-russes-a-boulogne-billancourt\\\/#primaryimage\"},\"image\":{\"@id\":\"https:\\\/\\\/otbb.org\\\/produit\\\/l-histoire-des-russes-a-boulogne-billancourt\\\/#primaryimage\"},\"thumbnailUrl\":\"https:\\\/\\\/otbb.org\\\/wp-content\\\/uploads\\\/2022\\\/02\\\/Russes-Blancs.jpg\",\"datePublished\":\"2024-01-11T14:15:39+00:00\",\"dateModified\":\"2026-03-13T08:42:12+00:00\",\"description\":\"Pendant cette balade, vous en d\u00e9couvrirez plus sur la culture russe, sa gastronomie, ses traditions et ses habitudes qui existent toujours.\",\"breadcrumb\":{\"@id\":\"https:\\\/\\\/otbb.org\\\/produit\\\/l-histoire-des-russes-a-boulogne-billancourt\\\/#breadcrumb\"},\"inLanguage\":\"en-GB\",\"potentialAction\":[{\"@type\":\"ReadAction\",\"target\":[\"https:\\\/\\\/otbb.org\\\/produit\\\/l-histoire-des-russes-a-boulogne-billancourt\\\/\"]}]},{\"@type\":\"ImageObject\",\"inLanguage\":\"en-GB\",\"@id\":\"https:\\\/\\\/otbb.org\\\/produit\\\/l-histoire-des-russes-a-boulogne-billancourt\\\/#primaryimage\",\"url\":\"https:\\\/\\\/otbb.org\\\/wp-content\\\/uploads\\\/2022\\\/02\\\/Russes-Blancs.jpg\",\"contentUrl\":\"https:\\\/\\\/otbb.org\\\/wp-content\\\/uploads\\\/2022\\\/02\\\/Russes-Blancs.jpg\",\"width\":1280,\"height\":920,\"caption\":\"Illustration : Visite guid\u00e9e Russes blancs\"},{\"@type\":\"BreadcrumbList\",\"@id\":\"https:\\\/\\\/otbb.org\\\/produit\\\/l-histoire-des-russes-a-boulogne-billancourt\\\/#breadcrumb\",\"itemListElement\":[{\"@type\":\"ListItem\",\"position\":1,\"name\":\"Accueil\",\"item\":\"https:\\\/\\\/otbb.org\\\/\"},{\"@type\":\"ListItem\",\"position\":2,\"name\":\"Boutique\",\"item\":\"https:\\\/\\\/otbb.org\\\/boutique-et-livres\\\/\"},{\"@type\":\"ListItem\",\"position\":3,\"name\":\"L\u2019histoire des Russes blancs \u00e0 Boulogne-Billancourt\"}]},{\"@type\":\"WebSite\",\"@id\":\"https:\\\/\\\/otbb.org\\\/#website\",\"url\":\"https:\\\/\\\/otbb.org\\\/\",\"name\":\"OTBB\",\"description\":\"Bienvenue sur le site de l\u2019office du tourisme de Boulogne Billancourt\",\"publisher\":{\"@id\":\"https:\\\/\\\/otbb.org\\\/#organization\"},\"potentialAction\":[{\"@type\":\"SearchAction\",\"target\":{\"@type\":\"EntryPoint\",\"urlTemplate\":\"https:\\\/\\\/otbb.org\\\/?s={search_term_string}\"},\"query-input\":{\"@type\":\"PropertyValueSpecification\",\"valueRequired\":true,\"valueName\":\"search_term_string\"}}],\"inLanguage\":\"en-GB\"},{\"@type\":\"Organization\",\"@id\":\"https:\\\/\\\/otbb.org\\\/#organization\",\"name\":\"OTBB\",\"url\":\"https:\\\/\\\/otbb.org\\\/\",\"logo\":{\"@type\":\"ImageObject\",\"inLanguage\":\"en-GB\",\"@id\":\"https:\\\/\\\/otbb.org\\\/#\\\/schema\\\/logo\\\/image\\\/\",\"url\":\"https:\\\/\\\/otbb.org\\\/wp-content\\\/uploads\\\/2024\\\/04\\\/cropped-logo_OTBB_horiz_QUADRI.webp\",\"contentUrl\":\"https:\\\/\\\/otbb.org\\\/wp-content\\\/uploads\\\/2024\\\/04\\\/cropped-logo_OTBB_horiz_QUADRI.webp\",\"width\":1035,\"height\":345,\"caption\":\"OTBB\"},\"image\":{\"@id\":\"https:\\\/\\\/otbb.org\\\/#\\\/schema\\\/logo\\\/image\\\/\"},\"sameAs\":[\"https:\\\/\\\/www.facebook.com\\\/OTBB92\\\/\",\"https:\\\/\\\/x.com\\\/OTBB92\",\"https:\\\/\\\/www.instagram.com\\\/otbb92\\\/\"]}]}<\/script>\n<!-- \/ Yoast SEO plugin. -->","yoast_head_json":{"title":"L\u2019histoire des Russes blancs \u00e0 Boulogne-Billancourt - OTBB","description":"Pendant cette balade, vous en d\u00e9couvrirez plus sur la culture russe, sa gastronomie, ses traditions et ses habitudes qui existent toujours.","robots":{"index":"index","follow":"follow","max-snippet":"max-snippet:-1","max-image-preview":"max-image-preview:large","max-video-preview":"max-video-preview:-1"},"canonical":"https:\/\/otbb.org\/en\/product\/l-histoire-des-russes-a-boulogne-billancourt\/","og_locale":"en_GB","og_type":"article","og_title":"L\u2019histoire des Russes blancs \u00e0 Boulogne-Billancourt - OTBB","og_description":"Pendant cette balade, vous en d\u00e9couvrirez plus sur la culture russe, sa gastronomie, ses traditions et ses habitudes qui existent toujours.","og_url":"https:\/\/otbb.org\/en\/product\/l-histoire-des-russes-a-boulogne-billancourt\/","og_site_name":"OTBB","article_publisher":"https:\/\/www.facebook.com\/OTBB92\/","article_modified_time":"2026-03-13T08:42:12+00:00","og_image":[{"width":1280,"height":920,"url":"https:\/\/otbb.org\/wp-content\/uploads\/2022\/02\/Russes-Blancs.jpg","type":"image\/jpeg"}],"twitter_card":"summary_large_image","twitter_site":"@OTBB92","twitter_misc":{"Estimated reading time":"1 minute"},"schema":{"@context":"https:\/\/schema.org","@graph":[{"@type":"WebPage","@id":"https:\/\/otbb.org\/produit\/l-histoire-des-russes-a-boulogne-billancourt\/","url":"https:\/\/otbb.org\/produit\/l-histoire-des-russes-a-boulogne-billancourt\/","name":"L\u2019histoire des Russes blancs \u00e0 Boulogne-Billancourt - OTBB","isPartOf":{"@id":"https:\/\/otbb.org\/#website"},"primaryImageOfPage":{"@id":"https:\/\/otbb.org\/produit\/l-histoire-des-russes-a-boulogne-billancourt\/#primaryimage"},"image":{"@id":"https:\/\/otbb.org\/produit\/l-histoire-des-russes-a-boulogne-billancourt\/#primaryimage"},"thumbnailUrl":"https:\/\/otbb.org\/wp-content\/uploads\/2022\/02\/Russes-Blancs.jpg","datePublished":"2024-01-11T14:15:39+00:00","dateModified":"2026-03-13T08:42:12+00:00","description":"Pendant cette balade, vous en d\u00e9couvrirez plus sur la culture russe, sa gastronomie, ses traditions et ses habitudes qui existent toujours.","breadcrumb":{"@id":"https:\/\/otbb.org\/produit\/l-histoire-des-russes-a-boulogne-billancourt\/#breadcrumb"},"inLanguage":"en-GB","potentialAction":[{"@type":"ReadAction","target":["https:\/\/otbb.org\/produit\/l-histoire-des-russes-a-boulogne-billancourt\/"]}]},{"@type":"ImageObject","inLanguage":"en-GB","@id":"https:\/\/otbb.org\/produit\/l-histoire-des-russes-a-boulogne-billancourt\/#primaryimage","url":"https:\/\/otbb.org\/wp-content\/uploads\/2022\/02\/Russes-Blancs.jpg","contentUrl":"https:\/\/otbb.org\/wp-content\/uploads\/2022\/02\/Russes-Blancs.jpg","width":1280,"height":920,"caption":"Illustration : Visite guid\u00e9e Russes blancs"},{"@type":"BreadcrumbList","@id":"https:\/\/otbb.org\/produit\/l-histoire-des-russes-a-boulogne-billancourt\/#breadcrumb","itemListElement":[{"@type":"ListItem","position":1,"name":"Accueil","item":"https:\/\/otbb.org\/"},{"@type":"ListItem","position":2,"name":"Boutique","item":"https:\/\/otbb.org\/boutique-et-livres\/"},{"@type":"ListItem","position":3,"name":"L\u2019histoire des Russes blancs \u00e0 Boulogne-Billancourt"}]},{"@type":"WebSite","@id":"https:\/\/otbb.org\/#website","url":"https:\/\/otbb.org\/","name":"OTBB","description":"Bienvenue sur le site de l\u2019office du tourisme de Boulogne Billancourt","publisher":{"@id":"https:\/\/otbb.org\/#organization"},"potentialAction":[{"@type":"SearchAction","target":{"@type":"EntryPoint","urlTemplate":"https:\/\/otbb.org\/?s={search_term_string}"},"query-input":{"@type":"PropertyValueSpecification","valueRequired":true,"valueName":"search_term_string"}}],"inLanguage":"en-GB"},{"@type":"Organization","@id":"https:\/\/otbb.org\/#organization","name":"OTBB","url":"https:\/\/otbb.org\/","logo":{"@type":"ImageObject","inLanguage":"en-GB","@id":"https:\/\/otbb.org\/#\/schema\/logo\/image\/","url":"https:\/\/otbb.org\/wp-content\/uploads\/2024\/04\/cropped-logo_OTBB_horiz_QUADRI.webp","contentUrl":"https:\/\/otbb.org\/wp-content\/uploads\/2024\/04\/cropped-logo_OTBB_horiz_QUADRI.webp","width":1035,"height":345,"caption":"OTBB"},"image":{"@id":"https:\/\/otbb.org\/#\/schema\/logo\/image\/"},"sameAs":["https:\/\/www.facebook.com\/OTBB92\/","https:\/\/x.com\/OTBB92","https:\/\/www.instagram.com\/otbb92\/"]}]}},"_links":{"self":[{"href":"https:\/\/otbb.org\/en\/wp-json\/wp\/v2\/product\/31863","targetHints":{"allow":["GET"]}}],"collection":[{"href":"https:\/\/otbb.org\/en\/wp-json\/wp\/v2\/product"}],"about":[{"href":"https:\/\/otbb.org\/en\/wp-json\/wp\/v2\/types\/product"}],"replies":[{"embeddable":true,"href":"https:\/\/otbb.org\/en\/wp-json\/wp\/v2\/comments?post=31863"}],"version-history":[{"count":6,"href":"https:\/\/otbb.org\/en\/wp-json\/wp\/v2\/product\/31863\/revisions"}],"predecessor-version":[{"id":42608,"href":"https:\/\/otbb.org\/en\/wp-json\/wp\/v2\/product\/31863\/revisions\/42608"}],"wp:featuredmedia":[{"embeddable":true,"href":"https:\/\/otbb.org\/en\/wp-json\/wp\/v2\/media\/19115"}],"wp:attachment":[{"href":"https:\/\/otbb.org\/en\/wp-json\/wp\/v2\/media?parent=31863"}],"wp:term":[{"taxonomy":"product_brand","embeddable":true,"href":"https:\/\/otbb.org\/en\/wp-json\/wp\/v2\/product_brand?post=31863"},{"taxonomy":"product_cat","embeddable":true,"href":"https:\/\/otbb.org\/en\/wp-json\/wp\/v2\/product_cat?post=31863"},{"taxonomy":"product_tag","embeddable":true,"href":"https:\/\/otbb.org\/en\/wp-json\/wp\/v2\/product_tag?post=31863"}],"curies":[{"name":"wp","href":"https:\/\/api.w.org\/{rel}","templated":true}]}}