{"id":37340,"date":"2025-01-14T16:29:46","date_gmt":"2025-01-14T16:29:46","guid":{"rendered":"https:\/\/otbb.org\/?post_type=product&#038;p=37340"},"modified":"2026-01-09T16:32:02","modified_gmt":"2026-01-09T16:32:02","slug":"la-residence-fernand-pouillon","status":"publish","type":"product","link":"https:\/\/otbb.org\/en\/product\/la-residence-fernand-pouillon\/","title":{"rendered":"La R\u00e9sidence Fernand Pouillon"},"content":{"rendered":"<p>\u00c0 l\u2019emplacement des anciennes usines Salmson, Fernand Pouillon (1912-1986) construit plus de 2 200 logements \u00e0 l\u2019architecture remarquable.<\/p>\n<p>&nbsp;<\/p>\n<p>Situ\u00e9e dans le quartier du Point-du-Jour, la r\u00e9sidence Fernand Pouillon t\u00e9moigne de cette vision si particuli\u00e8re de leur auteur qui cherchait \u00e0 offrir de \u00ab la beaut\u00e9 pour tous \u00bb et o\u00f9 l\u2019harmonie r\u00e8gne entre les b\u00e2timents et les espaces verts.<\/p>\n<p>&nbsp;<\/p>\n<p>L\u2019ensemble des immeubles a re\u00e7u le label \u00ab Patrimoine du XX\u00e8me si\u00e8cle \u00bb d\u00e9cern\u00e9 par l\u2019\u00c9tat.<\/p>","protected":false},"excerpt":{"rendered":"<p><strong>Un chef-d\u2019oeuvre de l\u2019architecture moderniste des ann\u00e9es 60<\/strong><\/p>\n<p>&nbsp;<\/p>\n<p><strong>10h30-12h00<\/strong><\/p>\n<p>&nbsp;<\/p>\n<p><strong>Conf\u00e9renci\u00e8re :<\/strong> Helen BACHMANN<\/p>\n<p>&nbsp;<\/p>\n<p><strong>R\u00e9servation obligatoire \u00e0 l\u2019Office de Tourisme :<\/strong> 01 41 41 54 54 ou otbb.org<\/p>\n<p>&nbsp;<\/p>\n<p>Dans la limite de 20 places disponibles.<\/p>\n<p>&nbsp;<\/p>","protected":false},"featured_media":37341,"comment_status":"closed","ping_status":"closed","template":"","meta":{"_acf_changed":false,"om_disable_all_campaigns":false,"_monsterinsights_skip_tracking":false,"_monsterinsights_sitenote_active":false,"_monsterinsights_sitenote_note":"","_monsterinsights_sitenote_category":0,"_uf_show_specific_survey":0,"_uf_disable_surveys":false,"_themeisle_gutenberg_block_has_review":false},"product_brand":[],"product_cat":[69],"product_tag":[],"class_list":{"0":"post-37340","1":"product","2":"type-product","3":"status-publish","4":"has-post-thumbnail","6":"product_cat-agenda-events","7":"entry","9":"first","10":"instock","11":"taxable","12":"shipping-taxable","13":"purchasable","14":"product-type-variable"},"acf":[],"yoast_head":"<!-- This site is optimized with the Yoast SEO plugin v27.4 - https:\/\/yoast.com\/product\/yoast-seo-wordpress\/ -->\n<title>La R\u00e9sidence Fernand Pouillon - OTBB<\/title>\n<meta name=\"description\" content=\"La R\u00e9sidence Fernand Pouillon :un chef-d\u2019oeuvre de l\u2019architecture moderniste des ann\u00e9es 60. Rendez-vous le samedi 13 juin 2026 \u00e0 10h30.\" \/>\n<meta name=\"robots\" content=\"index, follow, max-snippet:-1, max-image-preview:large, max-video-preview:-1\" \/>\n<link rel=\"canonical\" href=\"https:\/\/otbb.org\/en\/product\/la-residence-fernand-pouillon\/\" \/>\n<meta property=\"og:locale\" content=\"en_GB\" \/>\n<meta property=\"og:type\" content=\"article\" \/>\n<meta property=\"og:title\" content=\"La R\u00e9sidence Fernand Pouillon - OTBB\" \/>\n<meta property=\"og:description\" content=\"La R\u00e9sidence Fernand Pouillon :un chef-d\u2019oeuvre de l\u2019architecture moderniste des ann\u00e9es 60. Rendez-vous le samedi 13 juin 2026 \u00e0 10h30.\" \/>\n<meta property=\"og:url\" content=\"https:\/\/otbb.org\/en\/product\/la-residence-fernand-pouillon\/\" \/>\n<meta property=\"og:site_name\" content=\"OTBB\" \/>\n<meta property=\"article:publisher\" content=\"https:\/\/www.facebook.com\/OTBB92\/\" \/>\n<meta property=\"article:modified_time\" content=\"2026-01-09T16:32:02+00:00\" \/>\n<meta property=\"og:image\" content=\"https:\/\/otbb.org\/wp-content\/uploads\/2025\/01\/20.-Residence-Pouillon\u00a9-Alain-de-Baudus-SMALL.jpg\" \/>\n\t<meta property=\"og:image:width\" content=\"1282\" \/>\n\t<meta property=\"og:image:height\" content=\"790\" \/>\n\t<meta property=\"og:image:type\" content=\"image\/jpeg\" \/>\n<meta name=\"twitter:card\" content=\"summary_large_image\" \/>\n<meta name=\"twitter:site\" content=\"@OTBB92\" \/>\n<script type=\"application\/ld+json\" class=\"yoast-schema-graph\">{\"@context\":\"https:\\\/\\\/schema.org\",\"@graph\":[{\"@type\":\"WebPage\",\"@id\":\"https:\\\/\\\/otbb.org\\\/produit\\\/la-residence-fernand-pouillon\\\/\",\"url\":\"https:\\\/\\\/otbb.org\\\/produit\\\/la-residence-fernand-pouillon\\\/\",\"name\":\"La R\u00e9sidence Fernand Pouillon - OTBB\",\"isPartOf\":{\"@id\":\"https:\\\/\\\/otbb.org\\\/#website\"},\"primaryImageOfPage\":{\"@id\":\"https:\\\/\\\/otbb.org\\\/produit\\\/la-residence-fernand-pouillon\\\/#primaryimage\"},\"image\":{\"@id\":\"https:\\\/\\\/otbb.org\\\/produit\\\/la-residence-fernand-pouillon\\\/#primaryimage\"},\"thumbnailUrl\":\"https:\\\/\\\/otbb.org\\\/wp-content\\\/uploads\\\/2025\\\/01\\\/20.-Residence-Pouillon\u00a9-Alain-de-Baudus-SMALL.jpg\",\"datePublished\":\"2025-01-14T16:29:46+00:00\",\"dateModified\":\"2026-01-09T16:32:02+00:00\",\"description\":\"La R\u00e9sidence Fernand Pouillon :un chef-d\u2019oeuvre de l\u2019architecture moderniste des ann\u00e9es 60. Rendez-vous le samedi 13 juin 2026 \u00e0 10h30.\",\"breadcrumb\":{\"@id\":\"https:\\\/\\\/otbb.org\\\/produit\\\/la-residence-fernand-pouillon\\\/#breadcrumb\"},\"inLanguage\":\"en-GB\",\"potentialAction\":[{\"@type\":\"ReadAction\",\"target\":[\"https:\\\/\\\/otbb.org\\\/produit\\\/la-residence-fernand-pouillon\\\/\"]}]},{\"@type\":\"ImageObject\",\"inLanguage\":\"en-GB\",\"@id\":\"https:\\\/\\\/otbb.org\\\/produit\\\/la-residence-fernand-pouillon\\\/#primaryimage\",\"url\":\"https:\\\/\\\/otbb.org\\\/wp-content\\\/uploads\\\/2025\\\/01\\\/20.-Residence-Pouillon\u00a9-Alain-de-Baudus-SMALL.jpg\",\"contentUrl\":\"https:\\\/\\\/otbb.org\\\/wp-content\\\/uploads\\\/2025\\\/01\\\/20.-Residence-Pouillon\u00a9-Alain-de-Baudus-SMALL.jpg\",\"width\":1282,\"height\":790},{\"@type\":\"BreadcrumbList\",\"@id\":\"https:\\\/\\\/otbb.org\\\/produit\\\/la-residence-fernand-pouillon\\\/#breadcrumb\",\"itemListElement\":[{\"@type\":\"ListItem\",\"position\":1,\"name\":\"Accueil\",\"item\":\"https:\\\/\\\/otbb.org\\\/\"},{\"@type\":\"ListItem\",\"position\":2,\"name\":\"Boutique\",\"item\":\"https:\\\/\\\/otbb.org\\\/boutique-et-livres\\\/\"},{\"@type\":\"ListItem\",\"position\":3,\"name\":\"La R\u00e9sidence Fernand Pouillon\"}]},{\"@type\":\"WebSite\",\"@id\":\"https:\\\/\\\/otbb.org\\\/#website\",\"url\":\"https:\\\/\\\/otbb.org\\\/\",\"name\":\"OTBB\",\"description\":\"Bienvenue sur le site de l\u2019office du tourisme de Boulogne Billancourt\",\"publisher\":{\"@id\":\"https:\\\/\\\/otbb.org\\\/#organization\"},\"potentialAction\":[{\"@type\":\"SearchAction\",\"target\":{\"@type\":\"EntryPoint\",\"urlTemplate\":\"https:\\\/\\\/otbb.org\\\/?s={search_term_string}\"},\"query-input\":{\"@type\":\"PropertyValueSpecification\",\"valueRequired\":true,\"valueName\":\"search_term_string\"}}],\"inLanguage\":\"en-GB\"},{\"@type\":\"Organization\",\"@id\":\"https:\\\/\\\/otbb.org\\\/#organization\",\"name\":\"OTBB\",\"url\":\"https:\\\/\\\/otbb.org\\\/\",\"logo\":{\"@type\":\"ImageObject\",\"inLanguage\":\"en-GB\",\"@id\":\"https:\\\/\\\/otbb.org\\\/#\\\/schema\\\/logo\\\/image\\\/\",\"url\":\"https:\\\/\\\/otbb.org\\\/wp-content\\\/uploads\\\/2024\\\/04\\\/cropped-logo_OTBB_horiz_QUADRI.webp\",\"contentUrl\":\"https:\\\/\\\/otbb.org\\\/wp-content\\\/uploads\\\/2024\\\/04\\\/cropped-logo_OTBB_horiz_QUADRI.webp\",\"width\":1035,\"height\":345,\"caption\":\"OTBB\"},\"image\":{\"@id\":\"https:\\\/\\\/otbb.org\\\/#\\\/schema\\\/logo\\\/image\\\/\"},\"sameAs\":[\"https:\\\/\\\/www.facebook.com\\\/OTBB92\\\/\",\"https:\\\/\\\/x.com\\\/OTBB92\",\"https:\\\/\\\/www.instagram.com\\\/otbb92\\\/\"]}]}<\/script>\n<!-- \/ Yoast SEO plugin. -->","yoast_head_json":{"title":"La R\u00e9sidence Fernand Pouillon - OTBB","description":"La R\u00e9sidence Fernand Pouillon :un chef-d\u2019oeuvre de l\u2019architecture moderniste des ann\u00e9es 60. Rendez-vous le samedi 13 juin 2026 \u00e0 10h30.","robots":{"index":"index","follow":"follow","max-snippet":"max-snippet:-1","max-image-preview":"max-image-preview:large","max-video-preview":"max-video-preview:-1"},"canonical":"https:\/\/otbb.org\/en\/product\/la-residence-fernand-pouillon\/","og_locale":"en_GB","og_type":"article","og_title":"La R\u00e9sidence Fernand Pouillon - OTBB","og_description":"La R\u00e9sidence Fernand Pouillon :un chef-d\u2019oeuvre de l\u2019architecture moderniste des ann\u00e9es 60. Rendez-vous le samedi 13 juin 2026 \u00e0 10h30.","og_url":"https:\/\/otbb.org\/en\/product\/la-residence-fernand-pouillon\/","og_site_name":"OTBB","article_publisher":"https:\/\/www.facebook.com\/OTBB92\/","article_modified_time":"2026-01-09T16:32:02+00:00","og_image":[{"width":1282,"height":790,"url":"https:\/\/otbb.org\/wp-content\/uploads\/2025\/01\/20.-Residence-Pouillon\u00a9-Alain-de-Baudus-SMALL.jpg","type":"image\/jpeg"}],"twitter_card":"summary_large_image","twitter_site":"@OTBB92","schema":{"@context":"https:\/\/schema.org","@graph":[{"@type":"WebPage","@id":"https:\/\/otbb.org\/produit\/la-residence-fernand-pouillon\/","url":"https:\/\/otbb.org\/produit\/la-residence-fernand-pouillon\/","name":"La R\u00e9sidence Fernand Pouillon - OTBB","isPartOf":{"@id":"https:\/\/otbb.org\/#website"},"primaryImageOfPage":{"@id":"https:\/\/otbb.org\/produit\/la-residence-fernand-pouillon\/#primaryimage"},"image":{"@id":"https:\/\/otbb.org\/produit\/la-residence-fernand-pouillon\/#primaryimage"},"thumbnailUrl":"https:\/\/otbb.org\/wp-content\/uploads\/2025\/01\/20.-Residence-Pouillon\u00a9-Alain-de-Baudus-SMALL.jpg","datePublished":"2025-01-14T16:29:46+00:00","dateModified":"2026-01-09T16:32:02+00:00","description":"La R\u00e9sidence Fernand Pouillon :un chef-d\u2019oeuvre de l\u2019architecture moderniste des ann\u00e9es 60. Rendez-vous le samedi 13 juin 2026 \u00e0 10h30.","breadcrumb":{"@id":"https:\/\/otbb.org\/produit\/la-residence-fernand-pouillon\/#breadcrumb"},"inLanguage":"en-GB","potentialAction":[{"@type":"ReadAction","target":["https:\/\/otbb.org\/produit\/la-residence-fernand-pouillon\/"]}]},{"@type":"ImageObject","inLanguage":"en-GB","@id":"https:\/\/otbb.org\/produit\/la-residence-fernand-pouillon\/#primaryimage","url":"https:\/\/otbb.org\/wp-content\/uploads\/2025\/01\/20.-Residence-Pouillon\u00a9-Alain-de-Baudus-SMALL.jpg","contentUrl":"https:\/\/otbb.org\/wp-content\/uploads\/2025\/01\/20.-Residence-Pouillon\u00a9-Alain-de-Baudus-SMALL.jpg","width":1282,"height":790},{"@type":"BreadcrumbList","@id":"https:\/\/otbb.org\/produit\/la-residence-fernand-pouillon\/#breadcrumb","itemListElement":[{"@type":"ListItem","position":1,"name":"Accueil","item":"https:\/\/otbb.org\/"},{"@type":"ListItem","position":2,"name":"Boutique","item":"https:\/\/otbb.org\/boutique-et-livres\/"},{"@type":"ListItem","position":3,"name":"La R\u00e9sidence Fernand Pouillon"}]},{"@type":"WebSite","@id":"https:\/\/otbb.org\/#website","url":"https:\/\/otbb.org\/","name":"OTBB","description":"Bienvenue sur le site de l\u2019office du tourisme de Boulogne Billancourt","publisher":{"@id":"https:\/\/otbb.org\/#organization"},"potentialAction":[{"@type":"SearchAction","target":{"@type":"EntryPoint","urlTemplate":"https:\/\/otbb.org\/?s={search_term_string}"},"query-input":{"@type":"PropertyValueSpecification","valueRequired":true,"valueName":"search_term_string"}}],"inLanguage":"en-GB"},{"@type":"Organization","@id":"https:\/\/otbb.org\/#organization","name":"OTBB","url":"https:\/\/otbb.org\/","logo":{"@type":"ImageObject","inLanguage":"en-GB","@id":"https:\/\/otbb.org\/#\/schema\/logo\/image\/","url":"https:\/\/otbb.org\/wp-content\/uploads\/2024\/04\/cropped-logo_OTBB_horiz_QUADRI.webp","contentUrl":"https:\/\/otbb.org\/wp-content\/uploads\/2024\/04\/cropped-logo_OTBB_horiz_QUADRI.webp","width":1035,"height":345,"caption":"OTBB"},"image":{"@id":"https:\/\/otbb.org\/#\/schema\/logo\/image\/"},"sameAs":["https:\/\/www.facebook.com\/OTBB92\/","https:\/\/x.com\/OTBB92","https:\/\/www.instagram.com\/otbb92\/"]}]}},"_links":{"self":[{"href":"https:\/\/otbb.org\/en\/wp-json\/wp\/v2\/product\/37340","targetHints":{"allow":["GET"]}}],"collection":[{"href":"https:\/\/otbb.org\/en\/wp-json\/wp\/v2\/product"}],"about":[{"href":"https:\/\/otbb.org\/en\/wp-json\/wp\/v2\/types\/product"}],"replies":[{"embeddable":true,"href":"https:\/\/otbb.org\/en\/wp-json\/wp\/v2\/comments?post=37340"}],"version-history":[{"count":4,"href":"https:\/\/otbb.org\/en\/wp-json\/wp\/v2\/product\/37340\/revisions"}],"predecessor-version":[{"id":42434,"href":"https:\/\/otbb.org\/en\/wp-json\/wp\/v2\/product\/37340\/revisions\/42434"}],"wp:featuredmedia":[{"embeddable":true,"href":"https:\/\/otbb.org\/en\/wp-json\/wp\/v2\/media\/37341"}],"wp:attachment":[{"href":"https:\/\/otbb.org\/en\/wp-json\/wp\/v2\/media?parent=37340"}],"wp:term":[{"taxonomy":"product_brand","embeddable":true,"href":"https:\/\/otbb.org\/en\/wp-json\/wp\/v2\/product_brand?post=37340"},{"taxonomy":"product_cat","embeddable":true,"href":"https:\/\/otbb.org\/en\/wp-json\/wp\/v2\/product_cat?post=37340"},{"taxonomy":"product_tag","embeddable":true,"href":"https:\/\/otbb.org\/en\/wp-json\/wp\/v2\/product_tag?post=37340"}],"curies":[{"name":"wp","href":"https:\/\/api.w.org\/{rel}","templated":true}]}}