{"id":37345,"date":"2025-01-14T16:36:27","date_gmt":"2025-01-14T16:36:27","guid":{"rendered":"https:\/\/otbb.org\/?post_type=product&#038;p=37345"},"modified":"2026-04-07T12:32:07","modified_gmt":"2026-04-07T12:32:07","slug":"les-secrets-de-la-noblesse-et-des-aristocrates-russes-2","status":"publish","type":"product","link":"https:\/\/otbb.org\/en\/product\/les-secrets-de-la-noblesse-et-des-aristocrates-russes-2\/","title":{"rendered":"Les secrets de la Noblesse et des aristocrates Russes"},"content":{"rendered":"<p>Le nord de Boulogne-Billancourt garde toujours les vestiges de la pr\u00e9sence des membres de la famille imp\u00e9riale russe. Lors de la visite nous parlerons de l\u2019histoire de l\u2019une des dynasties les plus embl\u00e9matiques \u00ab les Romanov \u00bb, ainsi que de la noblesse et de l\u2019aristocratie russe qui se sont install\u00e9es \u00e0 Boulogne-Billancourt au d\u00e9but du si\u00e8cle dernier.<\/p>\n<p>&nbsp;<\/p>\n<p>Pourquoi ont-ils choisi Boulogne-Billancourt ? L\u2019\u00e9poque majestueuse des Romanov, comment \u00e9tait-elle ? Quels secrets cachaient l\u2019image brillante de la cour des tsars ? Quelle est l\u2019influence de l\u2019intelligentsia russe sur la France ? Et que reste-t-il actuellement de cette p\u00e9riode ?<\/p>","protected":false},"excerpt":{"rendered":"<p><strong>10h30 &#8211; 12h<\/strong><\/p>\n<p>&nbsp;<\/p>\n<p><strong>Conf\u00e9renci\u00e8re :<\/strong> Tatiana FOMINA<\/p>\n<p>&nbsp;<\/p>\n<p><strong>R\u00e9servation obligatoire \u00e0 l\u2019Office de Tourisme :<\/strong> 01 41 41 54 54 ou otbb.org<\/p>\n<p>&nbsp;<\/p>\n<p>Dans la limite de 20 places disponibles.<\/p>","protected":false},"featured_media":37266,"comment_status":"closed","ping_status":"closed","template":"","meta":{"_acf_changed":false,"om_disable_all_campaigns":false,"_monsterinsights_skip_tracking":false,"_monsterinsights_sitenote_active":false,"_monsterinsights_sitenote_note":"","_monsterinsights_sitenote_category":0,"_uf_show_specific_survey":0,"_uf_disable_surveys":false,"_themeisle_gutenberg_block_has_review":false},"product_brand":[],"product_cat":[69],"product_tag":[],"class_list":{"0":"post-37345","1":"product","2":"type-product","3":"status-publish","4":"has-post-thumbnail","6":"product_cat-agenda-events","7":"entry","9":"first","10":"outofstock","11":"taxable","12":"shipping-taxable","13":"purchasable","14":"product-type-variable"},"acf":[],"yoast_head":"<!-- This site is optimized with the Yoast SEO plugin v27.4 - https:\/\/yoast.com\/product\/yoast-seo-wordpress\/ -->\n<title>Les secrets de la Noblesse et des aristocrates Russes - OTBB<\/title>\n<meta name=\"description\" content=\"Les secrets de la Noblesse et des aristocrates Russes \u00e0 Boulogne-Billancourt. Rendez-vous le dimanche 11 avril 2025 \u00e0 10h30.\" \/>\n<meta name=\"robots\" content=\"index, follow, max-snippet:-1, max-image-preview:large, max-video-preview:-1\" \/>\n<link rel=\"canonical\" href=\"https:\/\/otbb.org\/en\/product\/les-secrets-de-la-noblesse-et-des-aristocrates-russes-2\/\" \/>\n<meta property=\"og:locale\" content=\"en_GB\" \/>\n<meta property=\"og:type\" content=\"article\" \/>\n<meta property=\"og:title\" content=\"Les secrets de la Noblesse et des aristocrates Russes - OTBB\" \/>\n<meta property=\"og:description\" content=\"Les secrets de la Noblesse et des aristocrates Russes \u00e0 Boulogne-Billancourt. Rendez-vous le dimanche 11 avril 2025 \u00e0 10h30.\" \/>\n<meta property=\"og:url\" content=\"https:\/\/otbb.org\/en\/product\/les-secrets-de-la-noblesse-et-des-aristocrates-russes-2\/\" \/>\n<meta property=\"og:site_name\" content=\"OTBB\" \/>\n<meta property=\"article:publisher\" content=\"https:\/\/www.facebook.com\/OTBB92\/\" \/>\n<meta property=\"article:modified_time\" content=\"2026-04-07T12:32:07+00:00\" \/>\n<meta property=\"og:image\" content=\"https:\/\/otbb.org\/wp-content\/uploads\/2025\/01\/8.-LES-SECRETS-DE-LA-NOBLESSE-ET-DES-ARISTOCRATES-RUSSES-1-\u00a9-DG-OTBB-Copie.jpg\" \/>\n\t<meta property=\"og:image:width\" content=\"1600\" \/>\n\t<meta property=\"og:image:height\" content=\"1200\" \/>\n\t<meta property=\"og:image:type\" content=\"image\/jpeg\" \/>\n<meta name=\"twitter:card\" content=\"summary_large_image\" \/>\n<meta name=\"twitter:site\" content=\"@OTBB92\" \/>\n<meta name=\"twitter:label1\" content=\"Estimated reading time\" \/>\n\t<meta name=\"twitter:data1\" content=\"1 minute\" \/>\n<script type=\"application\/ld+json\" class=\"yoast-schema-graph\">{\"@context\":\"https:\\\/\\\/schema.org\",\"@graph\":[{\"@type\":\"WebPage\",\"@id\":\"https:\\\/\\\/otbb.org\\\/produit\\\/les-secrets-de-la-noblesse-et-des-aristocrates-russes-2\\\/\",\"url\":\"https:\\\/\\\/otbb.org\\\/produit\\\/les-secrets-de-la-noblesse-et-des-aristocrates-russes-2\\\/\",\"name\":\"Les secrets de la Noblesse et des aristocrates Russes - OTBB\",\"isPartOf\":{\"@id\":\"https:\\\/\\\/otbb.org\\\/#website\"},\"primaryImageOfPage\":{\"@id\":\"https:\\\/\\\/otbb.org\\\/produit\\\/les-secrets-de-la-noblesse-et-des-aristocrates-russes-2\\\/#primaryimage\"},\"image\":{\"@id\":\"https:\\\/\\\/otbb.org\\\/produit\\\/les-secrets-de-la-noblesse-et-des-aristocrates-russes-2\\\/#primaryimage\"},\"thumbnailUrl\":\"https:\\\/\\\/otbb.org\\\/wp-content\\\/uploads\\\/2025\\\/01\\\/8.-LES-SECRETS-DE-LA-NOBLESSE-ET-DES-ARISTOCRATES-RUSSES-1-\u00a9-DG-OTBB-Copie.jpg\",\"datePublished\":\"2025-01-14T16:36:27+00:00\",\"dateModified\":\"2026-04-07T12:32:07+00:00\",\"description\":\"Les secrets de la Noblesse et des aristocrates Russes \u00e0 Boulogne-Billancourt. Rendez-vous le dimanche 11 avril 2025 \u00e0 10h30.\",\"breadcrumb\":{\"@id\":\"https:\\\/\\\/otbb.org\\\/produit\\\/les-secrets-de-la-noblesse-et-des-aristocrates-russes-2\\\/#breadcrumb\"},\"inLanguage\":\"en-GB\",\"potentialAction\":[{\"@type\":\"ReadAction\",\"target\":[\"https:\\\/\\\/otbb.org\\\/produit\\\/les-secrets-de-la-noblesse-et-des-aristocrates-russes-2\\\/\"]}]},{\"@type\":\"ImageObject\",\"inLanguage\":\"en-GB\",\"@id\":\"https:\\\/\\\/otbb.org\\\/produit\\\/les-secrets-de-la-noblesse-et-des-aristocrates-russes-2\\\/#primaryimage\",\"url\":\"https:\\\/\\\/otbb.org\\\/wp-content\\\/uploads\\\/2025\\\/01\\\/8.-LES-SECRETS-DE-LA-NOBLESSE-ET-DES-ARISTOCRATES-RUSSES-1-\u00a9-DG-OTBB-Copie.jpg\",\"contentUrl\":\"https:\\\/\\\/otbb.org\\\/wp-content\\\/uploads\\\/2025\\\/01\\\/8.-LES-SECRETS-DE-LA-NOBLESSE-ET-DES-ARISTOCRATES-RUSSES-1-\u00a9-DG-OTBB-Copie.jpg\",\"width\":1600,\"height\":1200},{\"@type\":\"BreadcrumbList\",\"@id\":\"https:\\\/\\\/otbb.org\\\/produit\\\/les-secrets-de-la-noblesse-et-des-aristocrates-russes-2\\\/#breadcrumb\",\"itemListElement\":[{\"@type\":\"ListItem\",\"position\":1,\"name\":\"Accueil\",\"item\":\"https:\\\/\\\/otbb.org\\\/\"},{\"@type\":\"ListItem\",\"position\":2,\"name\":\"Boutique\",\"item\":\"https:\\\/\\\/otbb.org\\\/boutique-et-livres\\\/\"},{\"@type\":\"ListItem\",\"position\":3,\"name\":\"Les secrets de la Noblesse et des aristocrates Russes\"}]},{\"@type\":\"WebSite\",\"@id\":\"https:\\\/\\\/otbb.org\\\/#website\",\"url\":\"https:\\\/\\\/otbb.org\\\/\",\"name\":\"OTBB\",\"description\":\"Bienvenue sur le site de l\u2019office du tourisme de Boulogne Billancourt\",\"publisher\":{\"@id\":\"https:\\\/\\\/otbb.org\\\/#organization\"},\"potentialAction\":[{\"@type\":\"SearchAction\",\"target\":{\"@type\":\"EntryPoint\",\"urlTemplate\":\"https:\\\/\\\/otbb.org\\\/?s={search_term_string}\"},\"query-input\":{\"@type\":\"PropertyValueSpecification\",\"valueRequired\":true,\"valueName\":\"search_term_string\"}}],\"inLanguage\":\"en-GB\"},{\"@type\":\"Organization\",\"@id\":\"https:\\\/\\\/otbb.org\\\/#organization\",\"name\":\"OTBB\",\"url\":\"https:\\\/\\\/otbb.org\\\/\",\"logo\":{\"@type\":\"ImageObject\",\"inLanguage\":\"en-GB\",\"@id\":\"https:\\\/\\\/otbb.org\\\/#\\\/schema\\\/logo\\\/image\\\/\",\"url\":\"https:\\\/\\\/otbb.org\\\/wp-content\\\/uploads\\\/2024\\\/04\\\/cropped-logo_OTBB_horiz_QUADRI.webp\",\"contentUrl\":\"https:\\\/\\\/otbb.org\\\/wp-content\\\/uploads\\\/2024\\\/04\\\/cropped-logo_OTBB_horiz_QUADRI.webp\",\"width\":1035,\"height\":345,\"caption\":\"OTBB\"},\"image\":{\"@id\":\"https:\\\/\\\/otbb.org\\\/#\\\/schema\\\/logo\\\/image\\\/\"},\"sameAs\":[\"https:\\\/\\\/www.facebook.com\\\/OTBB92\\\/\",\"https:\\\/\\\/x.com\\\/OTBB92\",\"https:\\\/\\\/www.instagram.com\\\/otbb92\\\/\"]}]}<\/script>\n<!-- \/ Yoast SEO plugin. -->","yoast_head_json":{"title":"Les secrets de la Noblesse et des aristocrates Russes - OTBB","description":"Les secrets de la Noblesse et des aristocrates Russes \u00e0 Boulogne-Billancourt. Rendez-vous le dimanche 11 avril 2025 \u00e0 10h30.","robots":{"index":"index","follow":"follow","max-snippet":"max-snippet:-1","max-image-preview":"max-image-preview:large","max-video-preview":"max-video-preview:-1"},"canonical":"https:\/\/otbb.org\/en\/product\/les-secrets-de-la-noblesse-et-des-aristocrates-russes-2\/","og_locale":"en_GB","og_type":"article","og_title":"Les secrets de la Noblesse et des aristocrates Russes - OTBB","og_description":"Les secrets de la Noblesse et des aristocrates Russes \u00e0 Boulogne-Billancourt. Rendez-vous le dimanche 11 avril 2025 \u00e0 10h30.","og_url":"https:\/\/otbb.org\/en\/product\/les-secrets-de-la-noblesse-et-des-aristocrates-russes-2\/","og_site_name":"OTBB","article_publisher":"https:\/\/www.facebook.com\/OTBB92\/","article_modified_time":"2026-04-07T12:32:07+00:00","og_image":[{"width":1600,"height":1200,"url":"https:\/\/otbb.org\/wp-content\/uploads\/2025\/01\/8.-LES-SECRETS-DE-LA-NOBLESSE-ET-DES-ARISTOCRATES-RUSSES-1-\u00a9-DG-OTBB-Copie.jpg","type":"image\/jpeg"}],"twitter_card":"summary_large_image","twitter_site":"@OTBB92","twitter_misc":{"Estimated reading time":"1 minute"},"schema":{"@context":"https:\/\/schema.org","@graph":[{"@type":"WebPage","@id":"https:\/\/otbb.org\/produit\/les-secrets-de-la-noblesse-et-des-aristocrates-russes-2\/","url":"https:\/\/otbb.org\/produit\/les-secrets-de-la-noblesse-et-des-aristocrates-russes-2\/","name":"Les secrets de la Noblesse et des aristocrates Russes - OTBB","isPartOf":{"@id":"https:\/\/otbb.org\/#website"},"primaryImageOfPage":{"@id":"https:\/\/otbb.org\/produit\/les-secrets-de-la-noblesse-et-des-aristocrates-russes-2\/#primaryimage"},"image":{"@id":"https:\/\/otbb.org\/produit\/les-secrets-de-la-noblesse-et-des-aristocrates-russes-2\/#primaryimage"},"thumbnailUrl":"https:\/\/otbb.org\/wp-content\/uploads\/2025\/01\/8.-LES-SECRETS-DE-LA-NOBLESSE-ET-DES-ARISTOCRATES-RUSSES-1-\u00a9-DG-OTBB-Copie.jpg","datePublished":"2025-01-14T16:36:27+00:00","dateModified":"2026-04-07T12:32:07+00:00","description":"Les secrets de la Noblesse et des aristocrates Russes \u00e0 Boulogne-Billancourt. Rendez-vous le dimanche 11 avril 2025 \u00e0 10h30.","breadcrumb":{"@id":"https:\/\/otbb.org\/produit\/les-secrets-de-la-noblesse-et-des-aristocrates-russes-2\/#breadcrumb"},"inLanguage":"en-GB","potentialAction":[{"@type":"ReadAction","target":["https:\/\/otbb.org\/produit\/les-secrets-de-la-noblesse-et-des-aristocrates-russes-2\/"]}]},{"@type":"ImageObject","inLanguage":"en-GB","@id":"https:\/\/otbb.org\/produit\/les-secrets-de-la-noblesse-et-des-aristocrates-russes-2\/#primaryimage","url":"https:\/\/otbb.org\/wp-content\/uploads\/2025\/01\/8.-LES-SECRETS-DE-LA-NOBLESSE-ET-DES-ARISTOCRATES-RUSSES-1-\u00a9-DG-OTBB-Copie.jpg","contentUrl":"https:\/\/otbb.org\/wp-content\/uploads\/2025\/01\/8.-LES-SECRETS-DE-LA-NOBLESSE-ET-DES-ARISTOCRATES-RUSSES-1-\u00a9-DG-OTBB-Copie.jpg","width":1600,"height":1200},{"@type":"BreadcrumbList","@id":"https:\/\/otbb.org\/produit\/les-secrets-de-la-noblesse-et-des-aristocrates-russes-2\/#breadcrumb","itemListElement":[{"@type":"ListItem","position":1,"name":"Accueil","item":"https:\/\/otbb.org\/"},{"@type":"ListItem","position":2,"name":"Boutique","item":"https:\/\/otbb.org\/boutique-et-livres\/"},{"@type":"ListItem","position":3,"name":"Les secrets de la Noblesse et des aristocrates Russes"}]},{"@type":"WebSite","@id":"https:\/\/otbb.org\/#website","url":"https:\/\/otbb.org\/","name":"OTBB","description":"Bienvenue sur le site de l\u2019office du tourisme de Boulogne Billancourt","publisher":{"@id":"https:\/\/otbb.org\/#organization"},"potentialAction":[{"@type":"SearchAction","target":{"@type":"EntryPoint","urlTemplate":"https:\/\/otbb.org\/?s={search_term_string}"},"query-input":{"@type":"PropertyValueSpecification","valueRequired":true,"valueName":"search_term_string"}}],"inLanguage":"en-GB"},{"@type":"Organization","@id":"https:\/\/otbb.org\/#organization","name":"OTBB","url":"https:\/\/otbb.org\/","logo":{"@type":"ImageObject","inLanguage":"en-GB","@id":"https:\/\/otbb.org\/#\/schema\/logo\/image\/","url":"https:\/\/otbb.org\/wp-content\/uploads\/2024\/04\/cropped-logo_OTBB_horiz_QUADRI.webp","contentUrl":"https:\/\/otbb.org\/wp-content\/uploads\/2024\/04\/cropped-logo_OTBB_horiz_QUADRI.webp","width":1035,"height":345,"caption":"OTBB"},"image":{"@id":"https:\/\/otbb.org\/#\/schema\/logo\/image\/"},"sameAs":["https:\/\/www.facebook.com\/OTBB92\/","https:\/\/x.com\/OTBB92","https:\/\/www.instagram.com\/otbb92\/"]}]}},"_links":{"self":[{"href":"https:\/\/otbb.org\/en\/wp-json\/wp\/v2\/product\/37345","targetHints":{"allow":["GET"]}}],"collection":[{"href":"https:\/\/otbb.org\/en\/wp-json\/wp\/v2\/product"}],"about":[{"href":"https:\/\/otbb.org\/en\/wp-json\/wp\/v2\/types\/product"}],"replies":[{"embeddable":true,"href":"https:\/\/otbb.org\/en\/wp-json\/wp\/v2\/comments?post=37345"}],"version-history":[{"count":3,"href":"https:\/\/otbb.org\/en\/wp-json\/wp\/v2\/product\/37345\/revisions"}],"predecessor-version":[{"id":38127,"href":"https:\/\/otbb.org\/en\/wp-json\/wp\/v2\/product\/37345\/revisions\/38127"}],"wp:featuredmedia":[{"embeddable":true,"href":"https:\/\/otbb.org\/en\/wp-json\/wp\/v2\/media\/37266"}],"wp:attachment":[{"href":"https:\/\/otbb.org\/en\/wp-json\/wp\/v2\/media?parent=37345"}],"wp:term":[{"taxonomy":"product_brand","embeddable":true,"href":"https:\/\/otbb.org\/en\/wp-json\/wp\/v2\/product_brand?post=37345"},{"taxonomy":"product_cat","embeddable":true,"href":"https:\/\/otbb.org\/en\/wp-json\/wp\/v2\/product_cat?post=37345"},{"taxonomy":"product_tag","embeddable":true,"href":"https:\/\/otbb.org\/en\/wp-json\/wp\/v2\/product_tag?post=37345"}],"curies":[{"name":"wp","href":"https:\/\/api.w.org\/{rel}","templated":true}]}}