{"id":39101,"date":"2025-07-01T08:58:43","date_gmt":"2025-07-01T08:58:43","guid":{"rendered":"https:\/\/otbb.org\/?post_type=product&#038;p=39101"},"modified":"2026-02-04T09:12:07","modified_gmt":"2026-02-04T09:12:07","slug":"revivez-lepopee-renault","status":"publish","type":"product","link":"https:\/\/otbb.org\/en\/product\/revivez-lepopee-renault\/","title":{"rendered":"Revivez l\u2019\u00e9pop\u00e9e Renault"},"content":{"rendered":"<p>Nous vous invitons \u00e0 revivre l\u2019histoire partag\u00e9e de Renault et Billancourt, une<br \/>\nformidable aventure sociale et entrepreneuriale, en vous guidant \u00e0 travers les<br \/>\nvestiges des anciennes usines Renault, d\u00e9sormais int\u00e9gr\u00e9s au nouveau quartier<br \/>\nde Billancourt Rives-de-Seine.<\/p>","protected":false},"excerpt":{"rendered":"<p><strong>L\u2019histoire industrielle d\u2019un quartier mythique.<\/strong><\/p>\n<p>&nbsp;<\/p>\n<p><strong>14h30-16h<\/strong><\/p>\n<p>&nbsp;<\/p>\n<p><strong>Conf\u00e9renci\u00e8re :<\/strong> Pauline JOURDAIN<\/p>\n<p>&nbsp;<\/p>\n<p><strong>R\u00e9servation obligatoire \u00e0 l\u2019Office de Tourisme :<\/strong> 01 41 41 54 54 ou otbb.org<\/p>\n<p>&nbsp;<\/p>\n<p>Dans la limite de 20 places disponibles.<\/p>","protected":false},"featured_media":39105,"comment_status":"closed","ping_status":"closed","template":"","meta":{"_acf_changed":false,"om_disable_all_campaigns":false,"_monsterinsights_skip_tracking":false,"_monsterinsights_sitenote_active":false,"_monsterinsights_sitenote_note":"","_monsterinsights_sitenote_category":0,"_uf_show_specific_survey":0,"_uf_disable_surveys":false,"_themeisle_gutenberg_block_has_review":false},"product_brand":[],"product_cat":[69],"product_tag":[],"class_list":{"0":"post-39101","1":"product","2":"type-product","3":"status-publish","4":"has-post-thumbnail","6":"product_cat-agenda-events","7":"entry","9":"first","10":"instock","11":"taxable","12":"shipping-taxable","13":"purchasable","14":"product-type-variable"},"acf":[],"yoast_head":"<!-- This site is optimized with the Yoast SEO plugin v27.3 - https:\/\/yoast.com\/product\/yoast-seo-wordpress\/ -->\n<title>Revivez l\u2019\u00e9pop\u00e9e Renault - OTBB<\/title>\n<meta name=\"description\" content=\"Revivez l\u2019\u00e9pop\u00e9e Renault et l\u2019histoire industrielle d\u2019un quartier mythique. Rendez-vous le samedi 31 mai 2026 \u00e0 14h30 au 34 Avenue \u00c9mile Zola.\" \/>\n<meta name=\"robots\" content=\"index, follow, max-snippet:-1, max-image-preview:large, max-video-preview:-1\" \/>\n<link rel=\"canonical\" href=\"https:\/\/otbb.org\/en\/product\/revivez-lepopee-renault\/\" \/>\n<meta property=\"og:locale\" content=\"en_GB\" \/>\n<meta property=\"og:type\" content=\"article\" \/>\n<meta property=\"og:title\" content=\"Revivez l\u2019\u00e9pop\u00e9e Renault - OTBB\" \/>\n<meta property=\"og:description\" content=\"Revivez l\u2019\u00e9pop\u00e9e Renault et l\u2019histoire industrielle d\u2019un quartier mythique. Rendez-vous le samedi 31 mai 2026 \u00e0 14h30 au 34 Avenue \u00c9mile Zola.\" \/>\n<meta property=\"og:url\" content=\"https:\/\/otbb.org\/en\/product\/revivez-lepopee-renault\/\" \/>\n<meta property=\"og:site_name\" content=\"OTBB\" \/>\n<meta property=\"article:publisher\" content=\"https:\/\/www.facebook.com\/OTBB92\/\" \/>\n<meta property=\"article:modified_time\" content=\"2026-02-04T09:12:07+00:00\" \/>\n<meta property=\"og:image\" content=\"https:\/\/otbb.org\/wp-content\/uploads\/2025\/07\/1USINE1-scaled.jpg\" \/>\n\t<meta property=\"og:image:width\" content=\"2560\" \/>\n\t<meta property=\"og:image:height\" content=\"1895\" \/>\n\t<meta property=\"og:image:type\" content=\"image\/jpeg\" \/>\n<meta name=\"twitter:card\" content=\"summary_large_image\" \/>\n<meta name=\"twitter:site\" content=\"@OTBB92\" \/>\n<script type=\"application\/ld+json\" class=\"yoast-schema-graph\">{\"@context\":\"https:\\\/\\\/schema.org\",\"@graph\":[{\"@type\":\"WebPage\",\"@id\":\"https:\\\/\\\/otbb.org\\\/produit\\\/revivez-lepopee-renault\\\/\",\"url\":\"https:\\\/\\\/otbb.org\\\/produit\\\/revivez-lepopee-renault\\\/\",\"name\":\"Revivez l\u2019\u00e9pop\u00e9e Renault - OTBB\",\"isPartOf\":{\"@id\":\"https:\\\/\\\/otbb.org\\\/#website\"},\"primaryImageOfPage\":{\"@id\":\"https:\\\/\\\/otbb.org\\\/produit\\\/revivez-lepopee-renault\\\/#primaryimage\"},\"image\":{\"@id\":\"https:\\\/\\\/otbb.org\\\/produit\\\/revivez-lepopee-renault\\\/#primaryimage\"},\"thumbnailUrl\":\"https:\\\/\\\/otbb.org\\\/wp-content\\\/uploads\\\/2025\\\/07\\\/1USINE1-scaled.jpg\",\"datePublished\":\"2025-07-01T08:58:43+00:00\",\"dateModified\":\"2026-02-04T09:12:07+00:00\",\"description\":\"Revivez l\u2019\u00e9pop\u00e9e Renault et l\u2019histoire industrielle d\u2019un quartier mythique. Rendez-vous le samedi 31 mai 2026 \u00e0 14h30 au 34 Avenue \u00c9mile Zola.\",\"breadcrumb\":{\"@id\":\"https:\\\/\\\/otbb.org\\\/produit\\\/revivez-lepopee-renault\\\/#breadcrumb\"},\"inLanguage\":\"en-GB\",\"potentialAction\":[{\"@type\":\"ReadAction\",\"target\":[\"https:\\\/\\\/otbb.org\\\/produit\\\/revivez-lepopee-renault\\\/\"]}]},{\"@type\":\"ImageObject\",\"inLanguage\":\"en-GB\",\"@id\":\"https:\\\/\\\/otbb.org\\\/produit\\\/revivez-lepopee-renault\\\/#primaryimage\",\"url\":\"https:\\\/\\\/otbb.org\\\/wp-content\\\/uploads\\\/2025\\\/07\\\/1USINE1-scaled.jpg\",\"contentUrl\":\"https:\\\/\\\/otbb.org\\\/wp-content\\\/uploads\\\/2025\\\/07\\\/1USINE1-scaled.jpg\",\"width\":2560,\"height\":1895},{\"@type\":\"BreadcrumbList\",\"@id\":\"https:\\\/\\\/otbb.org\\\/produit\\\/revivez-lepopee-renault\\\/#breadcrumb\",\"itemListElement\":[{\"@type\":\"ListItem\",\"position\":1,\"name\":\"Accueil\",\"item\":\"https:\\\/\\\/otbb.org\\\/\"},{\"@type\":\"ListItem\",\"position\":2,\"name\":\"Boutique\",\"item\":\"https:\\\/\\\/otbb.org\\\/boutique-et-livres\\\/\"},{\"@type\":\"ListItem\",\"position\":3,\"name\":\"Revivez l\u2019\u00e9pop\u00e9e Renault\"}]},{\"@type\":\"WebSite\",\"@id\":\"https:\\\/\\\/otbb.org\\\/#website\",\"url\":\"https:\\\/\\\/otbb.org\\\/\",\"name\":\"OTBB\",\"description\":\"Bienvenue sur le site de l\u2019office du tourisme de Boulogne Billancourt\",\"publisher\":{\"@id\":\"https:\\\/\\\/otbb.org\\\/#organization\"},\"potentialAction\":[{\"@type\":\"SearchAction\",\"target\":{\"@type\":\"EntryPoint\",\"urlTemplate\":\"https:\\\/\\\/otbb.org\\\/?s={search_term_string}\"},\"query-input\":{\"@type\":\"PropertyValueSpecification\",\"valueRequired\":true,\"valueName\":\"search_term_string\"}}],\"inLanguage\":\"en-GB\"},{\"@type\":\"Organization\",\"@id\":\"https:\\\/\\\/otbb.org\\\/#organization\",\"name\":\"OTBB\",\"url\":\"https:\\\/\\\/otbb.org\\\/\",\"logo\":{\"@type\":\"ImageObject\",\"inLanguage\":\"en-GB\",\"@id\":\"https:\\\/\\\/otbb.org\\\/#\\\/schema\\\/logo\\\/image\\\/\",\"url\":\"https:\\\/\\\/otbb.org\\\/wp-content\\\/uploads\\\/2024\\\/04\\\/cropped-logo_OTBB_horiz_QUADRI.webp\",\"contentUrl\":\"https:\\\/\\\/otbb.org\\\/wp-content\\\/uploads\\\/2024\\\/04\\\/cropped-logo_OTBB_horiz_QUADRI.webp\",\"width\":1035,\"height\":345,\"caption\":\"OTBB\"},\"image\":{\"@id\":\"https:\\\/\\\/otbb.org\\\/#\\\/schema\\\/logo\\\/image\\\/\"},\"sameAs\":[\"https:\\\/\\\/www.facebook.com\\\/OTBB92\\\/\",\"https:\\\/\\\/x.com\\\/OTBB92\",\"https:\\\/\\\/www.instagram.com\\\/otbb92\\\/\"]}]}<\/script>\n<!-- \/ Yoast SEO plugin. -->","yoast_head_json":{"title":"Revivez l\u2019\u00e9pop\u00e9e Renault - OTBB","description":"Revivez l\u2019\u00e9pop\u00e9e Renault et l\u2019histoire industrielle d\u2019un quartier mythique. Rendez-vous le samedi 31 mai 2026 \u00e0 14h30 au 34 Avenue \u00c9mile Zola.","robots":{"index":"index","follow":"follow","max-snippet":"max-snippet:-1","max-image-preview":"max-image-preview:large","max-video-preview":"max-video-preview:-1"},"canonical":"https:\/\/otbb.org\/en\/product\/revivez-lepopee-renault\/","og_locale":"en_GB","og_type":"article","og_title":"Revivez l\u2019\u00e9pop\u00e9e Renault - OTBB","og_description":"Revivez l\u2019\u00e9pop\u00e9e Renault et l\u2019histoire industrielle d\u2019un quartier mythique. Rendez-vous le samedi 31 mai 2026 \u00e0 14h30 au 34 Avenue \u00c9mile Zola.","og_url":"https:\/\/otbb.org\/en\/product\/revivez-lepopee-renault\/","og_site_name":"OTBB","article_publisher":"https:\/\/www.facebook.com\/OTBB92\/","article_modified_time":"2026-02-04T09:12:07+00:00","og_image":[{"width":2560,"height":1895,"url":"https:\/\/otbb.org\/wp-content\/uploads\/2025\/07\/1USINE1-scaled.jpg","type":"image\/jpeg"}],"twitter_card":"summary_large_image","twitter_site":"@OTBB92","schema":{"@context":"https:\/\/schema.org","@graph":[{"@type":"WebPage","@id":"https:\/\/otbb.org\/produit\/revivez-lepopee-renault\/","url":"https:\/\/otbb.org\/produit\/revivez-lepopee-renault\/","name":"Revivez l\u2019\u00e9pop\u00e9e Renault - OTBB","isPartOf":{"@id":"https:\/\/otbb.org\/#website"},"primaryImageOfPage":{"@id":"https:\/\/otbb.org\/produit\/revivez-lepopee-renault\/#primaryimage"},"image":{"@id":"https:\/\/otbb.org\/produit\/revivez-lepopee-renault\/#primaryimage"},"thumbnailUrl":"https:\/\/otbb.org\/wp-content\/uploads\/2025\/07\/1USINE1-scaled.jpg","datePublished":"2025-07-01T08:58:43+00:00","dateModified":"2026-02-04T09:12:07+00:00","description":"Revivez l\u2019\u00e9pop\u00e9e Renault et l\u2019histoire industrielle d\u2019un quartier mythique. Rendez-vous le samedi 31 mai 2026 \u00e0 14h30 au 34 Avenue \u00c9mile Zola.","breadcrumb":{"@id":"https:\/\/otbb.org\/produit\/revivez-lepopee-renault\/#breadcrumb"},"inLanguage":"en-GB","potentialAction":[{"@type":"ReadAction","target":["https:\/\/otbb.org\/produit\/revivez-lepopee-renault\/"]}]},{"@type":"ImageObject","inLanguage":"en-GB","@id":"https:\/\/otbb.org\/produit\/revivez-lepopee-renault\/#primaryimage","url":"https:\/\/otbb.org\/wp-content\/uploads\/2025\/07\/1USINE1-scaled.jpg","contentUrl":"https:\/\/otbb.org\/wp-content\/uploads\/2025\/07\/1USINE1-scaled.jpg","width":2560,"height":1895},{"@type":"BreadcrumbList","@id":"https:\/\/otbb.org\/produit\/revivez-lepopee-renault\/#breadcrumb","itemListElement":[{"@type":"ListItem","position":1,"name":"Accueil","item":"https:\/\/otbb.org\/"},{"@type":"ListItem","position":2,"name":"Boutique","item":"https:\/\/otbb.org\/boutique-et-livres\/"},{"@type":"ListItem","position":3,"name":"Revivez l\u2019\u00e9pop\u00e9e Renault"}]},{"@type":"WebSite","@id":"https:\/\/otbb.org\/#website","url":"https:\/\/otbb.org\/","name":"OTBB","description":"Bienvenue sur le site de l\u2019office du tourisme de Boulogne Billancourt","publisher":{"@id":"https:\/\/otbb.org\/#organization"},"potentialAction":[{"@type":"SearchAction","target":{"@type":"EntryPoint","urlTemplate":"https:\/\/otbb.org\/?s={search_term_string}"},"query-input":{"@type":"PropertyValueSpecification","valueRequired":true,"valueName":"search_term_string"}}],"inLanguage":"en-GB"},{"@type":"Organization","@id":"https:\/\/otbb.org\/#organization","name":"OTBB","url":"https:\/\/otbb.org\/","logo":{"@type":"ImageObject","inLanguage":"en-GB","@id":"https:\/\/otbb.org\/#\/schema\/logo\/image\/","url":"https:\/\/otbb.org\/wp-content\/uploads\/2024\/04\/cropped-logo_OTBB_horiz_QUADRI.webp","contentUrl":"https:\/\/otbb.org\/wp-content\/uploads\/2024\/04\/cropped-logo_OTBB_horiz_QUADRI.webp","width":1035,"height":345,"caption":"OTBB"},"image":{"@id":"https:\/\/otbb.org\/#\/schema\/logo\/image\/"},"sameAs":["https:\/\/www.facebook.com\/OTBB92\/","https:\/\/x.com\/OTBB92","https:\/\/www.instagram.com\/otbb92\/"]}]}},"_links":{"self":[{"href":"https:\/\/otbb.org\/en\/wp-json\/wp\/v2\/product\/39101","targetHints":{"allow":["GET"]}}],"collection":[{"href":"https:\/\/otbb.org\/en\/wp-json\/wp\/v2\/product"}],"about":[{"href":"https:\/\/otbb.org\/en\/wp-json\/wp\/v2\/types\/product"}],"replies":[{"embeddable":true,"href":"https:\/\/otbb.org\/en\/wp-json\/wp\/v2\/comments?post=39101"}],"version-history":[{"count":4,"href":"https:\/\/otbb.org\/en\/wp-json\/wp\/v2\/product\/39101\/revisions"}],"predecessor-version":[{"id":41018,"href":"https:\/\/otbb.org\/en\/wp-json\/wp\/v2\/product\/39101\/revisions\/41018"}],"wp:featuredmedia":[{"embeddable":true,"href":"https:\/\/otbb.org\/en\/wp-json\/wp\/v2\/media\/39105"}],"wp:attachment":[{"href":"https:\/\/otbb.org\/en\/wp-json\/wp\/v2\/media?parent=39101"}],"wp:term":[{"taxonomy":"product_brand","embeddable":true,"href":"https:\/\/otbb.org\/en\/wp-json\/wp\/v2\/product_brand?post=39101"},{"taxonomy":"product_cat","embeddable":true,"href":"https:\/\/otbb.org\/en\/wp-json\/wp\/v2\/product_cat?post=39101"},{"taxonomy":"product_tag","embeddable":true,"href":"https:\/\/otbb.org\/en\/wp-json\/wp\/v2\/product_tag?post=39101"}],"curies":[{"name":"wp","href":"https:\/\/api.w.org\/{rel}","templated":true}]}}