{"id":39249,"date":"2025-07-01T14:17:05","date_gmt":"2025-07-01T14:17:05","guid":{"rendered":"https:\/\/otbb.org\/?post_type=product&#038;p=39249"},"modified":"2026-02-04T15:32:46","modified_gmt":"2026-02-04T15:32:46","slug":"les-canards-de-paris-2","status":"publish","type":"product","link":"https:\/\/otbb.org\/en\/product\/les-canards-de-paris-2\/","title":{"rendered":"The Ducks of Paris"},"content":{"rendered":"<p>Envie de (re)d\u00e9couvrir Boulogne-Billancourt de mani\u00e8re insolite ? Embarquez pour cette nouvelle visite \u00e0 bord de Marcel le Canard, premier bus amphibie fran\u00e7ais, pour vous promener et voir les meilleurs \u00ab coins coins \u00bb de Boulogne-Billancourt sur la terre et sur la Seine !<\/p>\n<p>&nbsp;<\/p>\n<p>Cette exp\u00e9rience boulonnaise in\u00e9dite a \u00e9t\u00e9 con\u00e7ue sp\u00e9cialement pour vous et vous en sortirez avec de nombreux souvenirs inoubliables, notamment celle de l\u2019entr\u00e9e dans l\u2019eau appel\u00e9e splash. Une visite ludique accompagn\u00e9e d\u2019un guide tri\u00e9 sur le volet pour son humour, sa passion et son enthousiasme.<\/p>\n<p>&nbsp;<\/p>\n<p>Boulogne-Billancourt vous sera d\u00e9voil\u00e9 sous un angle atypique. Un bon moyen d\u2019en apprendre en s\u2019amusant !<\/p>","protected":false},"excerpt":{"rendered":"<p><strong>D\u00e9couverte insolite de Boulogne-Billancourt en bus amphibie<\/strong><\/p>\n<p>&nbsp;<\/p>\n<p><strong>13h30 | 15h15\u00a0 | 17h00\u00a0<\/strong><\/p>\n<p>&nbsp;<\/p>\n<p><strong>D\u00e9part :<\/strong> 26 Avenue Andr\u00e9 Morizet (devant l\u2019h\u00f4tel de Ville), Boulogne-Billancourt<\/p>\n<p>&nbsp;<\/p>\n<p><strong>R\u00e9servation obligatoire \u00e0 l\u2019Office de Tourisme :<\/strong> 01 41 41 54 54 ou otbb.org<\/p>\n<p>&nbsp;<\/p>\n<p>Dans la limite de 35 places disponibles<\/p>","protected":false},"featured_media":29568,"comment_status":"closed","ping_status":"closed","template":"","meta":{"_acf_changed":false,"om_disable_all_campaigns":false,"_monsterinsights_skip_tracking":false,"_monsterinsights_sitenote_active":false,"_monsterinsights_sitenote_note":"","_monsterinsights_sitenote_category":0,"_uf_show_specific_survey":0,"_uf_disable_surveys":false,"_themeisle_gutenberg_block_has_review":false},"product_brand":[],"product_cat":[69],"product_tag":[],"class_list":{"0":"post-39249","1":"product","2":"type-product","3":"status-publish","4":"has-post-thumbnail","6":"product_cat-agenda-events","7":"entry","9":"first","10":"instock","11":"taxable","12":"shipping-taxable","13":"purchasable","14":"product-type-variable"},"acf":[],"yoast_head":"<!-- This site is optimized with the Yoast SEO plugin v27.4 - https:\/\/yoast.com\/product\/yoast-seo-wordpress\/ -->\n<title>Les Canards de Paris - OTBB<\/title>\n<meta name=\"description\" content=\"Les Canards de Paris : D\u00e9couverte insolite de Boulogne-Billancourt en bus amphibie. Rendez-vous le dimanche 26 juillet 2026.\" \/>\n<meta name=\"robots\" content=\"index, follow, max-snippet:-1, max-image-preview:large, max-video-preview:-1\" \/>\n<link rel=\"canonical\" href=\"https:\/\/otbb.org\/en\/product\/les-canards-de-paris-2\/\" \/>\n<meta property=\"og:locale\" content=\"en_GB\" \/>\n<meta property=\"og:type\" content=\"article\" \/>\n<meta property=\"og:title\" content=\"Les Canards de Paris - OTBB\" \/>\n<meta property=\"og:description\" content=\"Les Canards de Paris : D\u00e9couverte insolite de Boulogne-Billancourt en bus amphibie. Rendez-vous le dimanche 26 juillet 2026.\" \/>\n<meta property=\"og:url\" content=\"https:\/\/otbb.org\/en\/product\/les-canards-de-paris-2\/\" \/>\n<meta property=\"og:site_name\" content=\"OTBB\" \/>\n<meta property=\"article:publisher\" content=\"https:\/\/www.facebook.com\/OTBB92\/\" \/>\n<meta property=\"article:modified_time\" content=\"2026-02-04T15:32:46+00:00\" \/>\n<meta property=\"og:image\" content=\"https:\/\/otbb.org\/wp-content\/uploads\/2023\/07\/12.-Canards-de-Paris-Seine-bus-amphibie-scaled.jpg\" \/>\n\t<meta property=\"og:image:width\" content=\"2560\" \/>\n\t<meta property=\"og:image:height\" content=\"1756\" \/>\n\t<meta property=\"og:image:type\" content=\"image\/jpeg\" \/>\n<meta name=\"twitter:card\" content=\"summary_large_image\" \/>\n<meta name=\"twitter:site\" content=\"@OTBB92\" \/>\n<meta name=\"twitter:label1\" content=\"Estimated reading time\" \/>\n\t<meta name=\"twitter:data1\" content=\"1 minute\" \/>\n<script type=\"application\/ld+json\" class=\"yoast-schema-graph\">{\"@context\":\"https:\\\/\\\/schema.org\",\"@graph\":[{\"@type\":\"WebPage\",\"@id\":\"https:\\\/\\\/otbb.org\\\/produit\\\/les-canards-de-paris-2\\\/\",\"url\":\"https:\\\/\\\/otbb.org\\\/produit\\\/les-canards-de-paris-2\\\/\",\"name\":\"Les Canards de Paris - OTBB\",\"isPartOf\":{\"@id\":\"https:\\\/\\\/otbb.org\\\/#website\"},\"primaryImageOfPage\":{\"@id\":\"https:\\\/\\\/otbb.org\\\/produit\\\/les-canards-de-paris-2\\\/#primaryimage\"},\"image\":{\"@id\":\"https:\\\/\\\/otbb.org\\\/produit\\\/les-canards-de-paris-2\\\/#primaryimage\"},\"thumbnailUrl\":\"https:\\\/\\\/otbb.org\\\/wp-content\\\/uploads\\\/2023\\\/07\\\/12.-Canards-de-Paris-Seine-bus-amphibie-scaled.jpg\",\"datePublished\":\"2025-07-01T14:17:05+00:00\",\"dateModified\":\"2026-02-04T15:32:46+00:00\",\"description\":\"Les Canards de Paris : D\u00e9couverte insolite de Boulogne-Billancourt en bus amphibie. Rendez-vous le dimanche 26 juillet 2026.\",\"breadcrumb\":{\"@id\":\"https:\\\/\\\/otbb.org\\\/produit\\\/les-canards-de-paris-2\\\/#breadcrumb\"},\"inLanguage\":\"en-GB\",\"potentialAction\":[{\"@type\":\"ReadAction\",\"target\":[\"https:\\\/\\\/otbb.org\\\/produit\\\/les-canards-de-paris-2\\\/\"]}]},{\"@type\":\"ImageObject\",\"inLanguage\":\"en-GB\",\"@id\":\"https:\\\/\\\/otbb.org\\\/produit\\\/les-canards-de-paris-2\\\/#primaryimage\",\"url\":\"https:\\\/\\\/otbb.org\\\/wp-content\\\/uploads\\\/2023\\\/07\\\/12.-Canards-de-Paris-Seine-bus-amphibie-scaled.jpg\",\"contentUrl\":\"https:\\\/\\\/otbb.org\\\/wp-content\\\/uploads\\\/2023\\\/07\\\/12.-Canards-de-Paris-Seine-bus-amphibie-scaled.jpg\",\"width\":2560,\"height\":1756},{\"@type\":\"BreadcrumbList\",\"@id\":\"https:\\\/\\\/otbb.org\\\/produit\\\/les-canards-de-paris-2\\\/#breadcrumb\",\"itemListElement\":[{\"@type\":\"ListItem\",\"position\":1,\"name\":\"Accueil\",\"item\":\"https:\\\/\\\/otbb.org\\\/\"},{\"@type\":\"ListItem\",\"position\":2,\"name\":\"Boutique\",\"item\":\"https:\\\/\\\/otbb.org\\\/boutique-et-livres\\\/\"},{\"@type\":\"ListItem\",\"position\":3,\"name\":\"Les Canards de Paris\"}]},{\"@type\":\"WebSite\",\"@id\":\"https:\\\/\\\/otbb.org\\\/#website\",\"url\":\"https:\\\/\\\/otbb.org\\\/\",\"name\":\"OTBB\",\"description\":\"Bienvenue sur le site de l\u2019office du tourisme de Boulogne Billancourt\",\"publisher\":{\"@id\":\"https:\\\/\\\/otbb.org\\\/#organization\"},\"potentialAction\":[{\"@type\":\"SearchAction\",\"target\":{\"@type\":\"EntryPoint\",\"urlTemplate\":\"https:\\\/\\\/otbb.org\\\/?s={search_term_string}\"},\"query-input\":{\"@type\":\"PropertyValueSpecification\",\"valueRequired\":true,\"valueName\":\"search_term_string\"}}],\"inLanguage\":\"en-GB\"},{\"@type\":\"Organization\",\"@id\":\"https:\\\/\\\/otbb.org\\\/#organization\",\"name\":\"OTBB\",\"url\":\"https:\\\/\\\/otbb.org\\\/\",\"logo\":{\"@type\":\"ImageObject\",\"inLanguage\":\"en-GB\",\"@id\":\"https:\\\/\\\/otbb.org\\\/#\\\/schema\\\/logo\\\/image\\\/\",\"url\":\"https:\\\/\\\/otbb.org\\\/wp-content\\\/uploads\\\/2024\\\/04\\\/cropped-logo_OTBB_horiz_QUADRI.webp\",\"contentUrl\":\"https:\\\/\\\/otbb.org\\\/wp-content\\\/uploads\\\/2024\\\/04\\\/cropped-logo_OTBB_horiz_QUADRI.webp\",\"width\":1035,\"height\":345,\"caption\":\"OTBB\"},\"image\":{\"@id\":\"https:\\\/\\\/otbb.org\\\/#\\\/schema\\\/logo\\\/image\\\/\"},\"sameAs\":[\"https:\\\/\\\/www.facebook.com\\\/OTBB92\\\/\",\"https:\\\/\\\/x.com\\\/OTBB92\",\"https:\\\/\\\/www.instagram.com\\\/otbb92\\\/\"]}]}<\/script>\n<!-- \/ Yoast SEO plugin. -->","yoast_head_json":{"title":"Les Canards de Paris - OTBB","description":"Les Canards de Paris : D\u00e9couverte insolite de Boulogne-Billancourt en bus amphibie. Rendez-vous le dimanche 26 juillet 2026.","robots":{"index":"index","follow":"follow","max-snippet":"max-snippet:-1","max-image-preview":"max-image-preview:large","max-video-preview":"max-video-preview:-1"},"canonical":"https:\/\/otbb.org\/en\/product\/les-canards-de-paris-2\/","og_locale":"en_GB","og_type":"article","og_title":"Les Canards de Paris - OTBB","og_description":"Les Canards de Paris : D\u00e9couverte insolite de Boulogne-Billancourt en bus amphibie. Rendez-vous le dimanche 26 juillet 2026.","og_url":"https:\/\/otbb.org\/en\/product\/les-canards-de-paris-2\/","og_site_name":"OTBB","article_publisher":"https:\/\/www.facebook.com\/OTBB92\/","article_modified_time":"2026-02-04T15:32:46+00:00","og_image":[{"width":2560,"height":1756,"url":"https:\/\/otbb.org\/wp-content\/uploads\/2023\/07\/12.-Canards-de-Paris-Seine-bus-amphibie-scaled.jpg","type":"image\/jpeg"}],"twitter_card":"summary_large_image","twitter_site":"@OTBB92","twitter_misc":{"Estimated reading time":"1 minute"},"schema":{"@context":"https:\/\/schema.org","@graph":[{"@type":"WebPage","@id":"https:\/\/otbb.org\/produit\/les-canards-de-paris-2\/","url":"https:\/\/otbb.org\/produit\/les-canards-de-paris-2\/","name":"Les Canards de Paris - OTBB","isPartOf":{"@id":"https:\/\/otbb.org\/#website"},"primaryImageOfPage":{"@id":"https:\/\/otbb.org\/produit\/les-canards-de-paris-2\/#primaryimage"},"image":{"@id":"https:\/\/otbb.org\/produit\/les-canards-de-paris-2\/#primaryimage"},"thumbnailUrl":"https:\/\/otbb.org\/wp-content\/uploads\/2023\/07\/12.-Canards-de-Paris-Seine-bus-amphibie-scaled.jpg","datePublished":"2025-07-01T14:17:05+00:00","dateModified":"2026-02-04T15:32:46+00:00","description":"Les Canards de Paris : D\u00e9couverte insolite de Boulogne-Billancourt en bus amphibie. Rendez-vous le dimanche 26 juillet 2026.","breadcrumb":{"@id":"https:\/\/otbb.org\/produit\/les-canards-de-paris-2\/#breadcrumb"},"inLanguage":"en-GB","potentialAction":[{"@type":"ReadAction","target":["https:\/\/otbb.org\/produit\/les-canards-de-paris-2\/"]}]},{"@type":"ImageObject","inLanguage":"en-GB","@id":"https:\/\/otbb.org\/produit\/les-canards-de-paris-2\/#primaryimage","url":"https:\/\/otbb.org\/wp-content\/uploads\/2023\/07\/12.-Canards-de-Paris-Seine-bus-amphibie-scaled.jpg","contentUrl":"https:\/\/otbb.org\/wp-content\/uploads\/2023\/07\/12.-Canards-de-Paris-Seine-bus-amphibie-scaled.jpg","width":2560,"height":1756},{"@type":"BreadcrumbList","@id":"https:\/\/otbb.org\/produit\/les-canards-de-paris-2\/#breadcrumb","itemListElement":[{"@type":"ListItem","position":1,"name":"Accueil","item":"https:\/\/otbb.org\/"},{"@type":"ListItem","position":2,"name":"Boutique","item":"https:\/\/otbb.org\/boutique-et-livres\/"},{"@type":"ListItem","position":3,"name":"Les Canards de Paris"}]},{"@type":"WebSite","@id":"https:\/\/otbb.org\/#website","url":"https:\/\/otbb.org\/","name":"OTBB","description":"Bienvenue sur le site de l\u2019office du tourisme de Boulogne Billancourt","publisher":{"@id":"https:\/\/otbb.org\/#organization"},"potentialAction":[{"@type":"SearchAction","target":{"@type":"EntryPoint","urlTemplate":"https:\/\/otbb.org\/?s={search_term_string}"},"query-input":{"@type":"PropertyValueSpecification","valueRequired":true,"valueName":"search_term_string"}}],"inLanguage":"en-GB"},{"@type":"Organization","@id":"https:\/\/otbb.org\/#organization","name":"OTBB","url":"https:\/\/otbb.org\/","logo":{"@type":"ImageObject","inLanguage":"en-GB","@id":"https:\/\/otbb.org\/#\/schema\/logo\/image\/","url":"https:\/\/otbb.org\/wp-content\/uploads\/2024\/04\/cropped-logo_OTBB_horiz_QUADRI.webp","contentUrl":"https:\/\/otbb.org\/wp-content\/uploads\/2024\/04\/cropped-logo_OTBB_horiz_QUADRI.webp","width":1035,"height":345,"caption":"OTBB"},"image":{"@id":"https:\/\/otbb.org\/#\/schema\/logo\/image\/"},"sameAs":["https:\/\/www.facebook.com\/OTBB92\/","https:\/\/x.com\/OTBB92","https:\/\/www.instagram.com\/otbb92\/"]}]}},"_links":{"self":[{"href":"https:\/\/otbb.org\/en\/wp-json\/wp\/v2\/product\/39249","targetHints":{"allow":["GET"]}}],"collection":[{"href":"https:\/\/otbb.org\/en\/wp-json\/wp\/v2\/product"}],"about":[{"href":"https:\/\/otbb.org\/en\/wp-json\/wp\/v2\/types\/product"}],"replies":[{"embeddable":true,"href":"https:\/\/otbb.org\/en\/wp-json\/wp\/v2\/comments?post=39249"}],"version-history":[{"count":7,"href":"https:\/\/otbb.org\/en\/wp-json\/wp\/v2\/product\/39249\/revisions"}],"predecessor-version":[{"id":42449,"href":"https:\/\/otbb.org\/en\/wp-json\/wp\/v2\/product\/39249\/revisions\/42449"}],"wp:featuredmedia":[{"embeddable":true,"href":"https:\/\/otbb.org\/en\/wp-json\/wp\/v2\/media\/29568"}],"wp:attachment":[{"href":"https:\/\/otbb.org\/en\/wp-json\/wp\/v2\/media?parent=39249"}],"wp:term":[{"taxonomy":"product_brand","embeddable":true,"href":"https:\/\/otbb.org\/en\/wp-json\/wp\/v2\/product_brand?post=39249"},{"taxonomy":"product_cat","embeddable":true,"href":"https:\/\/otbb.org\/en\/wp-json\/wp\/v2\/product_cat?post=39249"},{"taxonomy":"product_tag","embeddable":true,"href":"https:\/\/otbb.org\/en\/wp-json\/wp\/v2\/product_tag?post=39249"}],"curies":[{"name":"wp","href":"https:\/\/api.w.org\/{rel}","templated":true}]}}