{"id":42380,"date":"2026-01-08T15:56:05","date_gmt":"2026-01-08T15:56:05","guid":{"rendered":"https:\/\/otbb.org\/?post_type=product&#038;p=42380"},"modified":"2026-02-06T10:54:25","modified_gmt":"2026-02-06T10:54:25","slug":"entrez-dans-le-coeur-secret-du-metro-de-la-ligne-9-2","status":"publish","type":"product","link":"https:\/\/otbb.org\/en\/product\/entrez-dans-le-coeur-secret-du-metro-de-la-ligne-9-2\/","title":{"rendered":"Entrez dans le c\u0153ur secret du m\u00e9tro de la ligne 9"},"content":{"rendered":"<p>L\u2019atelier de maintenance de la ligne 9 vous ouvre ses portes pour une visite exceptionnelle. Reli\u00e9 au terminus Pont de S\u00e8vres, il assure depuis 1934 l\u2019entretien r\u00e9gulier des trains circulant sur la ligne, longue de 19,6 km et comptant 37 stations. Aux heures de pointe, 59 rames y sont en service. Enti\u00e8rement reconstruit entre 2013 et 2016 pour accueillir les trains MF01, l\u2019atelier de Boulogne se distingue aujourd\u2019hui par son espace moderne, performant et harmonieusement int\u00e9gr\u00e9 \u00e0 son environnement r\u00e9sidentiel. Le site abrite \u00e9galement une r\u00e9sidence \u00e9tudiante de 78 logements, v\u00e9ritable symbole du renouveau du quartier.<\/p>\n<p>&nbsp;<\/p>\n<p><em>Tenue conseill\u00e9e\u202f: v\u00eatements adapt\u00e9s \u00e0 un environnement industriel (chaussures ferm\u00e9es, sans talons ni jupes\/robes)<\/em><\/p>\n<p><em>La pr\u00e9sentation d\u2019une pi\u00e8ce d\u2019identit\u00e9 est obligatoire pour la visite et sera demand\u00e9e.<\/em><\/p>\n<p>&nbsp;<\/p>","protected":false},"excerpt":{"rendered":"<p><strong>14h-15h30<\/strong><\/p>\n<p>&nbsp;<\/p>\n<p><strong>Conf\u00e9rencier :<\/strong> RATP<\/p>\n<p>&nbsp;<\/p>\n<p><strong>R\u00e9servation obligatoire \u00e0 l\u2019Office de Tourisme :<\/strong> 01 41 41 54 54 ou otbb.org<\/p>\n<p>&nbsp;<\/p>\n<p>Dans la limite de 15 places disponibles<\/p>","protected":false},"featured_media":42126,"comment_status":"closed","ping_status":"closed","template":"","meta":{"_acf_changed":false,"om_disable_all_campaigns":false,"_monsterinsights_skip_tracking":false,"_monsterinsights_sitenote_active":false,"_monsterinsights_sitenote_note":"","_monsterinsights_sitenote_category":0,"_uf_show_specific_survey":0,"_uf_disable_surveys":false,"_themeisle_gutenberg_block_has_review":false},"product_brand":[],"product_cat":[69],"product_tag":[],"class_list":{"0":"post-42380","1":"product","2":"type-product","3":"status-publish","4":"has-post-thumbnail","6":"product_cat-agenda-events","7":"entry","9":"first","10":"outofstock","11":"taxable","12":"shipping-taxable","13":"purchasable","14":"product-type-variable"},"acf":[],"yoast_head":"<!-- This site is optimized with the Yoast SEO plugin v27.4 - https:\/\/yoast.com\/product\/yoast-seo-wordpress\/ -->\n<title>Entrez dans le c\u0153ur secret du m\u00e9tro de la ligne 9 - OTBB<\/title>\n<meta name=\"description\" content=\"L\u2019atelier de maintenance de la ligne 9 vous ouvre ses portes pour une visite exceptionnelle. Rendez-vous le 15 avril de 14h \u00e0 15h30\" \/>\n<meta name=\"robots\" content=\"index, follow, max-snippet:-1, max-image-preview:large, max-video-preview:-1\" \/>\n<link rel=\"canonical\" href=\"https:\/\/otbb.org\/en\/product\/entrez-dans-le-coeur-secret-du-metro-de-la-ligne-9-2\/\" \/>\n<meta property=\"og:locale\" content=\"en_GB\" \/>\n<meta property=\"og:type\" content=\"article\" \/>\n<meta property=\"og:title\" content=\"Entrez dans le c\u0153ur secret du m\u00e9tro de la ligne 9 - OTBB\" \/>\n<meta property=\"og:description\" content=\"L\u2019atelier de maintenance de la ligne 9 vous ouvre ses portes pour une visite exceptionnelle. Rendez-vous le 15 avril de 14h \u00e0 15h30\" \/>\n<meta property=\"og:url\" content=\"https:\/\/otbb.org\/en\/product\/entrez-dans-le-coeur-secret-du-metro-de-la-ligne-9-2\/\" \/>\n<meta property=\"og:site_name\" content=\"OTBB\" \/>\n<meta property=\"article:publisher\" content=\"https:\/\/www.facebook.com\/OTBB92\/\" \/>\n<meta property=\"article:modified_time\" content=\"2026-02-06T10:54:25+00:00\" \/>\n<meta property=\"og:image\" content=\"https:\/\/otbb.org\/wp-content\/uploads\/2025\/12\/RATP1-e1766072827832.jpg\" \/>\n\t<meta property=\"og:image:width\" content=\"1870\" \/>\n\t<meta property=\"og:image:height\" content=\"1234\" \/>\n\t<meta property=\"og:image:type\" content=\"image\/jpeg\" \/>\n<meta name=\"twitter:card\" content=\"summary_large_image\" \/>\n<meta name=\"twitter:site\" content=\"@OTBB92\" \/>\n<meta name=\"twitter:label1\" content=\"Estimated reading time\" \/>\n\t<meta name=\"twitter:data1\" content=\"1 minute\" \/>\n<script type=\"application\/ld+json\" class=\"yoast-schema-graph\">{\"@context\":\"https:\\\/\\\/schema.org\",\"@graph\":[{\"@type\":\"WebPage\",\"@id\":\"https:\\\/\\\/otbb.org\\\/produit\\\/entrez-dans-le-coeur-secret-du-metro-de-la-ligne-9-2\\\/\",\"url\":\"https:\\\/\\\/otbb.org\\\/produit\\\/entrez-dans-le-coeur-secret-du-metro-de-la-ligne-9-2\\\/\",\"name\":\"Entrez dans le c\u0153ur secret du m\u00e9tro de la ligne 9 - OTBB\",\"isPartOf\":{\"@id\":\"https:\\\/\\\/otbb.org\\\/#website\"},\"primaryImageOfPage\":{\"@id\":\"https:\\\/\\\/otbb.org\\\/produit\\\/entrez-dans-le-coeur-secret-du-metro-de-la-ligne-9-2\\\/#primaryimage\"},\"image\":{\"@id\":\"https:\\\/\\\/otbb.org\\\/produit\\\/entrez-dans-le-coeur-secret-du-metro-de-la-ligne-9-2\\\/#primaryimage\"},\"thumbnailUrl\":\"https:\\\/\\\/otbb.org\\\/wp-content\\\/uploads\\\/2025\\\/12\\\/RATP1-e1766072827832.jpg\",\"datePublished\":\"2026-01-08T15:56:05+00:00\",\"dateModified\":\"2026-02-06T10:54:25+00:00\",\"description\":\"L\u2019atelier de maintenance de la ligne 9 vous ouvre ses portes pour une visite exceptionnelle. Rendez-vous le 15 avril de 14h \u00e0 15h30\",\"breadcrumb\":{\"@id\":\"https:\\\/\\\/otbb.org\\\/produit\\\/entrez-dans-le-coeur-secret-du-metro-de-la-ligne-9-2\\\/#breadcrumb\"},\"inLanguage\":\"en-GB\",\"potentialAction\":[{\"@type\":\"ReadAction\",\"target\":[\"https:\\\/\\\/otbb.org\\\/produit\\\/entrez-dans-le-coeur-secret-du-metro-de-la-ligne-9-2\\\/\"]}]},{\"@type\":\"ImageObject\",\"inLanguage\":\"en-GB\",\"@id\":\"https:\\\/\\\/otbb.org\\\/produit\\\/entrez-dans-le-coeur-secret-du-metro-de-la-ligne-9-2\\\/#primaryimage\",\"url\":\"https:\\\/\\\/otbb.org\\\/wp-content\\\/uploads\\\/2025\\\/12\\\/RATP1-e1766072827832.jpg\",\"contentUrl\":\"https:\\\/\\\/otbb.org\\\/wp-content\\\/uploads\\\/2025\\\/12\\\/RATP1-e1766072827832.jpg\",\"width\":1870,\"height\":1234},{\"@type\":\"BreadcrumbList\",\"@id\":\"https:\\\/\\\/otbb.org\\\/produit\\\/entrez-dans-le-coeur-secret-du-metro-de-la-ligne-9-2\\\/#breadcrumb\",\"itemListElement\":[{\"@type\":\"ListItem\",\"position\":1,\"name\":\"Accueil\",\"item\":\"https:\\\/\\\/otbb.org\\\/\"},{\"@type\":\"ListItem\",\"position\":2,\"name\":\"Boutique\",\"item\":\"https:\\\/\\\/otbb.org\\\/boutique-et-livres\\\/\"},{\"@type\":\"ListItem\",\"position\":3,\"name\":\"Entrez dans le c\u0153ur secret du m\u00e9tro de la ligne 9\"}]},{\"@type\":\"WebSite\",\"@id\":\"https:\\\/\\\/otbb.org\\\/#website\",\"url\":\"https:\\\/\\\/otbb.org\\\/\",\"name\":\"OTBB\",\"description\":\"Bienvenue sur le site de l\u2019office du tourisme de Boulogne Billancourt\",\"publisher\":{\"@id\":\"https:\\\/\\\/otbb.org\\\/#organization\"},\"potentialAction\":[{\"@type\":\"SearchAction\",\"target\":{\"@type\":\"EntryPoint\",\"urlTemplate\":\"https:\\\/\\\/otbb.org\\\/?s={search_term_string}\"},\"query-input\":{\"@type\":\"PropertyValueSpecification\",\"valueRequired\":true,\"valueName\":\"search_term_string\"}}],\"inLanguage\":\"en-GB\"},{\"@type\":\"Organization\",\"@id\":\"https:\\\/\\\/otbb.org\\\/#organization\",\"name\":\"OTBB\",\"url\":\"https:\\\/\\\/otbb.org\\\/\",\"logo\":{\"@type\":\"ImageObject\",\"inLanguage\":\"en-GB\",\"@id\":\"https:\\\/\\\/otbb.org\\\/#\\\/schema\\\/logo\\\/image\\\/\",\"url\":\"https:\\\/\\\/otbb.org\\\/wp-content\\\/uploads\\\/2024\\\/04\\\/cropped-logo_OTBB_horiz_QUADRI.webp\",\"contentUrl\":\"https:\\\/\\\/otbb.org\\\/wp-content\\\/uploads\\\/2024\\\/04\\\/cropped-logo_OTBB_horiz_QUADRI.webp\",\"width\":1035,\"height\":345,\"caption\":\"OTBB\"},\"image\":{\"@id\":\"https:\\\/\\\/otbb.org\\\/#\\\/schema\\\/logo\\\/image\\\/\"},\"sameAs\":[\"https:\\\/\\\/www.facebook.com\\\/OTBB92\\\/\",\"https:\\\/\\\/x.com\\\/OTBB92\",\"https:\\\/\\\/www.instagram.com\\\/otbb92\\\/\"]}]}<\/script>\n<!-- \/ Yoast SEO plugin. -->","yoast_head_json":{"title":"Entrez dans le c\u0153ur secret du m\u00e9tro de la ligne 9 - OTBB","description":"L\u2019atelier de maintenance de la ligne 9 vous ouvre ses portes pour une visite exceptionnelle. Rendez-vous le 15 avril de 14h \u00e0 15h30","robots":{"index":"index","follow":"follow","max-snippet":"max-snippet:-1","max-image-preview":"max-image-preview:large","max-video-preview":"max-video-preview:-1"},"canonical":"https:\/\/otbb.org\/en\/product\/entrez-dans-le-coeur-secret-du-metro-de-la-ligne-9-2\/","og_locale":"en_GB","og_type":"article","og_title":"Entrez dans le c\u0153ur secret du m\u00e9tro de la ligne 9 - OTBB","og_description":"L\u2019atelier de maintenance de la ligne 9 vous ouvre ses portes pour une visite exceptionnelle. Rendez-vous le 15 avril de 14h \u00e0 15h30","og_url":"https:\/\/otbb.org\/en\/product\/entrez-dans-le-coeur-secret-du-metro-de-la-ligne-9-2\/","og_site_name":"OTBB","article_publisher":"https:\/\/www.facebook.com\/OTBB92\/","article_modified_time":"2026-02-06T10:54:25+00:00","og_image":[{"width":1870,"height":1234,"url":"https:\/\/otbb.org\/wp-content\/uploads\/2025\/12\/RATP1-e1766072827832.jpg","type":"image\/jpeg"}],"twitter_card":"summary_large_image","twitter_site":"@OTBB92","twitter_misc":{"Estimated reading time":"1 minute"},"schema":{"@context":"https:\/\/schema.org","@graph":[{"@type":"WebPage","@id":"https:\/\/otbb.org\/produit\/entrez-dans-le-coeur-secret-du-metro-de-la-ligne-9-2\/","url":"https:\/\/otbb.org\/produit\/entrez-dans-le-coeur-secret-du-metro-de-la-ligne-9-2\/","name":"Entrez dans le c\u0153ur secret du m\u00e9tro de la ligne 9 - OTBB","isPartOf":{"@id":"https:\/\/otbb.org\/#website"},"primaryImageOfPage":{"@id":"https:\/\/otbb.org\/produit\/entrez-dans-le-coeur-secret-du-metro-de-la-ligne-9-2\/#primaryimage"},"image":{"@id":"https:\/\/otbb.org\/produit\/entrez-dans-le-coeur-secret-du-metro-de-la-ligne-9-2\/#primaryimage"},"thumbnailUrl":"https:\/\/otbb.org\/wp-content\/uploads\/2025\/12\/RATP1-e1766072827832.jpg","datePublished":"2026-01-08T15:56:05+00:00","dateModified":"2026-02-06T10:54:25+00:00","description":"L\u2019atelier de maintenance de la ligne 9 vous ouvre ses portes pour une visite exceptionnelle. Rendez-vous le 15 avril de 14h \u00e0 15h30","breadcrumb":{"@id":"https:\/\/otbb.org\/produit\/entrez-dans-le-coeur-secret-du-metro-de-la-ligne-9-2\/#breadcrumb"},"inLanguage":"en-GB","potentialAction":[{"@type":"ReadAction","target":["https:\/\/otbb.org\/produit\/entrez-dans-le-coeur-secret-du-metro-de-la-ligne-9-2\/"]}]},{"@type":"ImageObject","inLanguage":"en-GB","@id":"https:\/\/otbb.org\/produit\/entrez-dans-le-coeur-secret-du-metro-de-la-ligne-9-2\/#primaryimage","url":"https:\/\/otbb.org\/wp-content\/uploads\/2025\/12\/RATP1-e1766072827832.jpg","contentUrl":"https:\/\/otbb.org\/wp-content\/uploads\/2025\/12\/RATP1-e1766072827832.jpg","width":1870,"height":1234},{"@type":"BreadcrumbList","@id":"https:\/\/otbb.org\/produit\/entrez-dans-le-coeur-secret-du-metro-de-la-ligne-9-2\/#breadcrumb","itemListElement":[{"@type":"ListItem","position":1,"name":"Accueil","item":"https:\/\/otbb.org\/"},{"@type":"ListItem","position":2,"name":"Boutique","item":"https:\/\/otbb.org\/boutique-et-livres\/"},{"@type":"ListItem","position":3,"name":"Entrez dans le c\u0153ur secret du m\u00e9tro de la ligne 9"}]},{"@type":"WebSite","@id":"https:\/\/otbb.org\/#website","url":"https:\/\/otbb.org\/","name":"OTBB","description":"Bienvenue sur le site de l\u2019office du tourisme de Boulogne Billancourt","publisher":{"@id":"https:\/\/otbb.org\/#organization"},"potentialAction":[{"@type":"SearchAction","target":{"@type":"EntryPoint","urlTemplate":"https:\/\/otbb.org\/?s={search_term_string}"},"query-input":{"@type":"PropertyValueSpecification","valueRequired":true,"valueName":"search_term_string"}}],"inLanguage":"en-GB"},{"@type":"Organization","@id":"https:\/\/otbb.org\/#organization","name":"OTBB","url":"https:\/\/otbb.org\/","logo":{"@type":"ImageObject","inLanguage":"en-GB","@id":"https:\/\/otbb.org\/#\/schema\/logo\/image\/","url":"https:\/\/otbb.org\/wp-content\/uploads\/2024\/04\/cropped-logo_OTBB_horiz_QUADRI.webp","contentUrl":"https:\/\/otbb.org\/wp-content\/uploads\/2024\/04\/cropped-logo_OTBB_horiz_QUADRI.webp","width":1035,"height":345,"caption":"OTBB"},"image":{"@id":"https:\/\/otbb.org\/#\/schema\/logo\/image\/"},"sameAs":["https:\/\/www.facebook.com\/OTBB92\/","https:\/\/x.com\/OTBB92","https:\/\/www.instagram.com\/otbb92\/"]}]}},"_links":{"self":[{"href":"https:\/\/otbb.org\/en\/wp-json\/wp\/v2\/product\/42380","targetHints":{"allow":["GET"]}}],"collection":[{"href":"https:\/\/otbb.org\/en\/wp-json\/wp\/v2\/product"}],"about":[{"href":"https:\/\/otbb.org\/en\/wp-json\/wp\/v2\/types\/product"}],"replies":[{"embeddable":true,"href":"https:\/\/otbb.org\/en\/wp-json\/wp\/v2\/comments?post=42380"}],"version-history":[{"count":2,"href":"https:\/\/otbb.org\/en\/wp-json\/wp\/v2\/product\/42380\/revisions"}],"predecessor-version":[{"id":42971,"href":"https:\/\/otbb.org\/en\/wp-json\/wp\/v2\/product\/42380\/revisions\/42971"}],"wp:featuredmedia":[{"embeddable":true,"href":"https:\/\/otbb.org\/en\/wp-json\/wp\/v2\/media\/42126"}],"wp:attachment":[{"href":"https:\/\/otbb.org\/en\/wp-json\/wp\/v2\/media?parent=42380"}],"wp:term":[{"taxonomy":"product_brand","embeddable":true,"href":"https:\/\/otbb.org\/en\/wp-json\/wp\/v2\/product_brand?post=42380"},{"taxonomy":"product_cat","embeddable":true,"href":"https:\/\/otbb.org\/en\/wp-json\/wp\/v2\/product_cat?post=42380"},{"taxonomy":"product_tag","embeddable":true,"href":"https:\/\/otbb.org\/en\/wp-json\/wp\/v2\/product_tag?post=42380"}],"curies":[{"name":"wp","href":"https:\/\/api.w.org\/{rel}","templated":true}]}}