{"id":42399,"date":"2026-01-09T10:58:53","date_gmt":"2026-01-09T10:58:53","guid":{"rendered":"https:\/\/otbb.org\/?post_type=product&#038;p=42399"},"modified":"2026-04-10T10:38:04","modified_gmt":"2026-04-10T10:38:04","slug":"balade-autour-des-fontaines-boulonnaises","status":"publish","type":"product","link":"https:\/\/otbb.org\/en\/product\/balade-autour-des-fontaines-boulonnaises\/","title":{"rendered":"Balade autour des fontaines boulonnaises : leurs histoires et anecdotes"},"content":{"rendered":"<p>C\u2019est pour des raisons sanitaires, pratiques et pour r\u00e9pondre au besoin d\u2019alimentation d\u2019eau douce que les fontaines publiques sont apparues en France, mais aussi \u00e0 Boulogne-Billancourt.<\/p>\n<p>Au fil des ann\u00e9es elles sont devenues \u0153uvres d\u2019art incontournables et des \u00e9l\u00e9ments centraux de l\u2019urbanisme boulonnais qui ont beaucoup \u00e0 nous raconter et nous offrent l\u2019occasion de d\u00e9couvrir notre ville diff\u00e9remment.<\/p>\n<p>Originaux, \u00e9l\u00e9gants, majestueux, ces ouvrages r\u00e9v\u00e8lent de multiples facettes sur des \u00e9poques et destins, un v\u00e9ritable voyage dans le temps\u00a0!<\/p>","protected":false},"excerpt":{"rendered":"<p><strong>Un mus\u00e9e \u00e0 ciel ouvert<\/strong><\/p>\n<p>&nbsp;<\/p>\n<p><strong>14h30-16h<\/strong><\/p>\n<p>&nbsp;<\/p>\n<p><strong>Conf\u00e9renci\u00e8re :<\/strong> Tatiana FOMINA<\/p>\n<p>&nbsp;<\/p>\n<p><strong>R\u00e9servation obligatoire \u00e0 l\u2019Office de Tourisme :<\/strong> 01 41 41 54 54 ou otbb.org<\/p>\n<p>&nbsp;<\/p>\n<p>Dans la limite de 20 places disponibles<\/p>","protected":false},"featured_media":39247,"comment_status":"closed","ping_status":"closed","template":"","meta":{"_acf_changed":false,"om_disable_all_campaigns":false,"_monsterinsights_skip_tracking":false,"_monsterinsights_sitenote_active":false,"_monsterinsights_sitenote_note":"","_monsterinsights_sitenote_category":0,"_uf_show_specific_survey":0,"_uf_disable_surveys":false,"_themeisle_gutenberg_block_has_review":false},"product_brand":[],"product_cat":[69],"product_tag":[],"class_list":{"0":"post-42399","1":"product","2":"type-product","3":"status-publish","4":"has-post-thumbnail","6":"product_cat-agenda-events","7":"entry","9":"first","10":"outofstock","11":"taxable","12":"shipping-taxable","13":"purchasable","14":"product-type-variable"},"acf":[],"yoast_head":"<!-- This site is optimized with the Yoast SEO plugin v27.3 - https:\/\/yoast.com\/product\/yoast-seo-wordpress\/ -->\n<title>Balade autour des fontaines boulonnaises : leurs histoires et anecdotes - OTBB<\/title>\n<meta name=\"description\" content=\"Balade autour des fontaines boulonnaises : leurs histoires et anecdotes. Rendez-vous le dimanche 12 avril 2026 \u00e0 14h30. Place des Ailes.\" \/>\n<meta name=\"robots\" content=\"index, follow, max-snippet:-1, max-image-preview:large, max-video-preview:-1\" \/>\n<link rel=\"canonical\" href=\"https:\/\/otbb.org\/en\/product\/balade-autour-des-fontaines-boulonnaises\/\" \/>\n<meta property=\"og:locale\" content=\"en_GB\" \/>\n<meta property=\"og:type\" content=\"article\" \/>\n<meta property=\"og:title\" content=\"Balade autour des fontaines boulonnaises : leurs histoires et anecdotes - OTBB\" \/>\n<meta property=\"og:description\" content=\"Balade autour des fontaines boulonnaises : leurs histoires et anecdotes. Rendez-vous le dimanche 12 avril 2026 \u00e0 14h30. Place des Ailes.\" \/>\n<meta property=\"og:url\" content=\"https:\/\/otbb.org\/en\/product\/balade-autour-des-fontaines-boulonnaises\/\" \/>\n<meta property=\"og:site_name\" content=\"OTBB\" \/>\n<meta property=\"article:publisher\" content=\"https:\/\/www.facebook.com\/OTBB92\/\" \/>\n<meta property=\"article:modified_time\" content=\"2026-04-10T10:38:04+00:00\" \/>\n<meta property=\"og:image\" content=\"https:\/\/otbb.org\/wp-content\/uploads\/2025\/07\/18.-BALADE-AUTOUR-DES-FONTAINES-BOULONNAISES-2-\u00a9-ALAIN-DE-BAUDUS-1-scaled.jpg\" \/>\n\t<meta property=\"og:image:width\" content=\"1707\" \/>\n\t<meta property=\"og:image:height\" content=\"2560\" \/>\n\t<meta property=\"og:image:type\" content=\"image\/jpeg\" \/>\n<meta name=\"twitter:card\" content=\"summary_large_image\" \/>\n<meta name=\"twitter:site\" content=\"@OTBB92\" \/>\n<script type=\"application\/ld+json\" class=\"yoast-schema-graph\">{\"@context\":\"https:\\\/\\\/schema.org\",\"@graph\":[{\"@type\":\"WebPage\",\"@id\":\"https:\\\/\\\/otbb.org\\\/produit\\\/balade-autour-des-fontaines-boulonnaises\\\/\",\"url\":\"https:\\\/\\\/otbb.org\\\/produit\\\/balade-autour-des-fontaines-boulonnaises\\\/\",\"name\":\"Balade autour des fontaines boulonnaises : leurs histoires et anecdotes - OTBB\",\"isPartOf\":{\"@id\":\"https:\\\/\\\/otbb.org\\\/#website\"},\"primaryImageOfPage\":{\"@id\":\"https:\\\/\\\/otbb.org\\\/produit\\\/balade-autour-des-fontaines-boulonnaises\\\/#primaryimage\"},\"image\":{\"@id\":\"https:\\\/\\\/otbb.org\\\/produit\\\/balade-autour-des-fontaines-boulonnaises\\\/#primaryimage\"},\"thumbnailUrl\":\"https:\\\/\\\/otbb.org\\\/wp-content\\\/uploads\\\/2025\\\/07\\\/18.-BALADE-AUTOUR-DES-FONTAINES-BOULONNAISES-2-\u00a9-ALAIN-DE-BAUDUS-1-scaled.jpg\",\"datePublished\":\"2026-01-09T10:58:53+00:00\",\"dateModified\":\"2026-04-10T10:38:04+00:00\",\"description\":\"Balade autour des fontaines boulonnaises : leurs histoires et anecdotes. Rendez-vous le dimanche 12 avril 2026 \u00e0 14h30. Place des Ailes.\",\"breadcrumb\":{\"@id\":\"https:\\\/\\\/otbb.org\\\/produit\\\/balade-autour-des-fontaines-boulonnaises\\\/#breadcrumb\"},\"inLanguage\":\"en-GB\",\"potentialAction\":[{\"@type\":\"ReadAction\",\"target\":[\"https:\\\/\\\/otbb.org\\\/produit\\\/balade-autour-des-fontaines-boulonnaises\\\/\"]}]},{\"@type\":\"ImageObject\",\"inLanguage\":\"en-GB\",\"@id\":\"https:\\\/\\\/otbb.org\\\/produit\\\/balade-autour-des-fontaines-boulonnaises\\\/#primaryimage\",\"url\":\"https:\\\/\\\/otbb.org\\\/wp-content\\\/uploads\\\/2025\\\/07\\\/18.-BALADE-AUTOUR-DES-FONTAINES-BOULONNAISES-2-\u00a9-ALAIN-DE-BAUDUS-1-scaled.jpg\",\"contentUrl\":\"https:\\\/\\\/otbb.org\\\/wp-content\\\/uploads\\\/2025\\\/07\\\/18.-BALADE-AUTOUR-DES-FONTAINES-BOULONNAISES-2-\u00a9-ALAIN-DE-BAUDUS-1-scaled.jpg\",\"width\":1707,\"height\":2560},{\"@type\":\"BreadcrumbList\",\"@id\":\"https:\\\/\\\/otbb.org\\\/produit\\\/balade-autour-des-fontaines-boulonnaises\\\/#breadcrumb\",\"itemListElement\":[{\"@type\":\"ListItem\",\"position\":1,\"name\":\"Accueil\",\"item\":\"https:\\\/\\\/otbb.org\\\/\"},{\"@type\":\"ListItem\",\"position\":2,\"name\":\"Boutique\",\"item\":\"https:\\\/\\\/otbb.org\\\/boutique-et-livres\\\/\"},{\"@type\":\"ListItem\",\"position\":3,\"name\":\"Balade autour des fontaines boulonnaises : leurs histoires et anecdotes\"}]},{\"@type\":\"WebSite\",\"@id\":\"https:\\\/\\\/otbb.org\\\/#website\",\"url\":\"https:\\\/\\\/otbb.org\\\/\",\"name\":\"OTBB\",\"description\":\"Bienvenue sur le site de l\u2019office du tourisme de Boulogne Billancourt\",\"publisher\":{\"@id\":\"https:\\\/\\\/otbb.org\\\/#organization\"},\"potentialAction\":[{\"@type\":\"SearchAction\",\"target\":{\"@type\":\"EntryPoint\",\"urlTemplate\":\"https:\\\/\\\/otbb.org\\\/?s={search_term_string}\"},\"query-input\":{\"@type\":\"PropertyValueSpecification\",\"valueRequired\":true,\"valueName\":\"search_term_string\"}}],\"inLanguage\":\"en-GB\"},{\"@type\":\"Organization\",\"@id\":\"https:\\\/\\\/otbb.org\\\/#organization\",\"name\":\"OTBB\",\"url\":\"https:\\\/\\\/otbb.org\\\/\",\"logo\":{\"@type\":\"ImageObject\",\"inLanguage\":\"en-GB\",\"@id\":\"https:\\\/\\\/otbb.org\\\/#\\\/schema\\\/logo\\\/image\\\/\",\"url\":\"https:\\\/\\\/otbb.org\\\/wp-content\\\/uploads\\\/2024\\\/04\\\/cropped-logo_OTBB_horiz_QUADRI.webp\",\"contentUrl\":\"https:\\\/\\\/otbb.org\\\/wp-content\\\/uploads\\\/2024\\\/04\\\/cropped-logo_OTBB_horiz_QUADRI.webp\",\"width\":1035,\"height\":345,\"caption\":\"OTBB\"},\"image\":{\"@id\":\"https:\\\/\\\/otbb.org\\\/#\\\/schema\\\/logo\\\/image\\\/\"},\"sameAs\":[\"https:\\\/\\\/www.facebook.com\\\/OTBB92\\\/\",\"https:\\\/\\\/x.com\\\/OTBB92\",\"https:\\\/\\\/www.instagram.com\\\/otbb92\\\/\"]}]}<\/script>\n<!-- \/ Yoast SEO plugin. -->","yoast_head_json":{"title":"Balade autour des fontaines boulonnaises : leurs histoires et anecdotes - OTBB","description":"Balade autour des fontaines boulonnaises : leurs histoires et anecdotes. Rendez-vous le dimanche 12 avril 2026 \u00e0 14h30. Place des Ailes.","robots":{"index":"index","follow":"follow","max-snippet":"max-snippet:-1","max-image-preview":"max-image-preview:large","max-video-preview":"max-video-preview:-1"},"canonical":"https:\/\/otbb.org\/en\/product\/balade-autour-des-fontaines-boulonnaises\/","og_locale":"en_GB","og_type":"article","og_title":"Balade autour des fontaines boulonnaises : leurs histoires et anecdotes - OTBB","og_description":"Balade autour des fontaines boulonnaises : leurs histoires et anecdotes. Rendez-vous le dimanche 12 avril 2026 \u00e0 14h30. Place des Ailes.","og_url":"https:\/\/otbb.org\/en\/product\/balade-autour-des-fontaines-boulonnaises\/","og_site_name":"OTBB","article_publisher":"https:\/\/www.facebook.com\/OTBB92\/","article_modified_time":"2026-04-10T10:38:04+00:00","og_image":[{"width":1707,"height":2560,"url":"https:\/\/otbb.org\/wp-content\/uploads\/2025\/07\/18.-BALADE-AUTOUR-DES-FONTAINES-BOULONNAISES-2-\u00a9-ALAIN-DE-BAUDUS-1-scaled.jpg","type":"image\/jpeg"}],"twitter_card":"summary_large_image","twitter_site":"@OTBB92","schema":{"@context":"https:\/\/schema.org","@graph":[{"@type":"WebPage","@id":"https:\/\/otbb.org\/produit\/balade-autour-des-fontaines-boulonnaises\/","url":"https:\/\/otbb.org\/produit\/balade-autour-des-fontaines-boulonnaises\/","name":"Balade autour des fontaines boulonnaises : leurs histoires et anecdotes - OTBB","isPartOf":{"@id":"https:\/\/otbb.org\/#website"},"primaryImageOfPage":{"@id":"https:\/\/otbb.org\/produit\/balade-autour-des-fontaines-boulonnaises\/#primaryimage"},"image":{"@id":"https:\/\/otbb.org\/produit\/balade-autour-des-fontaines-boulonnaises\/#primaryimage"},"thumbnailUrl":"https:\/\/otbb.org\/wp-content\/uploads\/2025\/07\/18.-BALADE-AUTOUR-DES-FONTAINES-BOULONNAISES-2-\u00a9-ALAIN-DE-BAUDUS-1-scaled.jpg","datePublished":"2026-01-09T10:58:53+00:00","dateModified":"2026-04-10T10:38:04+00:00","description":"Balade autour des fontaines boulonnaises : leurs histoires et anecdotes. Rendez-vous le dimanche 12 avril 2026 \u00e0 14h30. Place des Ailes.","breadcrumb":{"@id":"https:\/\/otbb.org\/produit\/balade-autour-des-fontaines-boulonnaises\/#breadcrumb"},"inLanguage":"en-GB","potentialAction":[{"@type":"ReadAction","target":["https:\/\/otbb.org\/produit\/balade-autour-des-fontaines-boulonnaises\/"]}]},{"@type":"ImageObject","inLanguage":"en-GB","@id":"https:\/\/otbb.org\/produit\/balade-autour-des-fontaines-boulonnaises\/#primaryimage","url":"https:\/\/otbb.org\/wp-content\/uploads\/2025\/07\/18.-BALADE-AUTOUR-DES-FONTAINES-BOULONNAISES-2-\u00a9-ALAIN-DE-BAUDUS-1-scaled.jpg","contentUrl":"https:\/\/otbb.org\/wp-content\/uploads\/2025\/07\/18.-BALADE-AUTOUR-DES-FONTAINES-BOULONNAISES-2-\u00a9-ALAIN-DE-BAUDUS-1-scaled.jpg","width":1707,"height":2560},{"@type":"BreadcrumbList","@id":"https:\/\/otbb.org\/produit\/balade-autour-des-fontaines-boulonnaises\/#breadcrumb","itemListElement":[{"@type":"ListItem","position":1,"name":"Accueil","item":"https:\/\/otbb.org\/"},{"@type":"ListItem","position":2,"name":"Boutique","item":"https:\/\/otbb.org\/boutique-et-livres\/"},{"@type":"ListItem","position":3,"name":"Balade autour des fontaines boulonnaises : leurs histoires et anecdotes"}]},{"@type":"WebSite","@id":"https:\/\/otbb.org\/#website","url":"https:\/\/otbb.org\/","name":"OTBB","description":"Bienvenue sur le site de l\u2019office du tourisme de Boulogne Billancourt","publisher":{"@id":"https:\/\/otbb.org\/#organization"},"potentialAction":[{"@type":"SearchAction","target":{"@type":"EntryPoint","urlTemplate":"https:\/\/otbb.org\/?s={search_term_string}"},"query-input":{"@type":"PropertyValueSpecification","valueRequired":true,"valueName":"search_term_string"}}],"inLanguage":"en-GB"},{"@type":"Organization","@id":"https:\/\/otbb.org\/#organization","name":"OTBB","url":"https:\/\/otbb.org\/","logo":{"@type":"ImageObject","inLanguage":"en-GB","@id":"https:\/\/otbb.org\/#\/schema\/logo\/image\/","url":"https:\/\/otbb.org\/wp-content\/uploads\/2024\/04\/cropped-logo_OTBB_horiz_QUADRI.webp","contentUrl":"https:\/\/otbb.org\/wp-content\/uploads\/2024\/04\/cropped-logo_OTBB_horiz_QUADRI.webp","width":1035,"height":345,"caption":"OTBB"},"image":{"@id":"https:\/\/otbb.org\/#\/schema\/logo\/image\/"},"sameAs":["https:\/\/www.facebook.com\/OTBB92\/","https:\/\/x.com\/OTBB92","https:\/\/www.instagram.com\/otbb92\/"]}]}},"_links":{"self":[{"href":"https:\/\/otbb.org\/en\/wp-json\/wp\/v2\/product\/42399","targetHints":{"allow":["GET"]}}],"collection":[{"href":"https:\/\/otbb.org\/en\/wp-json\/wp\/v2\/product"}],"about":[{"href":"https:\/\/otbb.org\/en\/wp-json\/wp\/v2\/types\/product"}],"replies":[{"embeddable":true,"href":"https:\/\/otbb.org\/en\/wp-json\/wp\/v2\/comments?post=42399"}],"version-history":[{"count":1,"href":"https:\/\/otbb.org\/en\/wp-json\/wp\/v2\/product\/42399\/revisions"}],"predecessor-version":[{"id":42402,"href":"https:\/\/otbb.org\/en\/wp-json\/wp\/v2\/product\/42399\/revisions\/42402"}],"wp:featuredmedia":[{"embeddable":true,"href":"https:\/\/otbb.org\/en\/wp-json\/wp\/v2\/media\/39247"}],"wp:attachment":[{"href":"https:\/\/otbb.org\/en\/wp-json\/wp\/v2\/media?parent=42399"}],"wp:term":[{"taxonomy":"product_brand","embeddable":true,"href":"https:\/\/otbb.org\/en\/wp-json\/wp\/v2\/product_brand?post=42399"},{"taxonomy":"product_cat","embeddable":true,"href":"https:\/\/otbb.org\/en\/wp-json\/wp\/v2\/product_cat?post=42399"},{"taxonomy":"product_tag","embeddable":true,"href":"https:\/\/otbb.org\/en\/wp-json\/wp\/v2\/product_tag?post=42399"}],"curies":[{"name":"wp","href":"https:\/\/api.w.org\/{rel}","templated":true}]}}