{"id":42409,"date":"2026-01-09T11:34:32","date_gmt":"2026-01-09T11:34:32","guid":{"rendered":"https:\/\/otbb.org\/?post_type=product&#038;p=42409"},"modified":"2026-03-09T14:43:35","modified_gmt":"2026-03-09T14:43:35","slug":"parcours-briques-nord-lelegance-boulonnaise","status":"publish","type":"product","link":"https:\/\/otbb.org\/en\/product\/parcours-briques-nord-lelegance-boulonnaise\/","title":{"rendered":"Parcours Briques Nord, l\u2019\u00e9l\u00e9gance boulonnaise"},"content":{"rendered":"<p>Au cours d\u2019une promenade dans les rues de Boulogne-Billancourt, les plus beaux \u00e9difices en briques vous seront pr\u00e9sent\u00e9s. La brique est omnipr\u00e9sente \u00e0 Boulogne-Billancourt d\u00e8s les ann\u00e9es 30. Mosa\u00efques, gr\u00e8s c\u00e9rame, carrelages, la c\u00e9ramique s\u2019unit sous toutes ses formes \u00e0 ce mat\u00e9riau de la modernit\u00e9 pour cr\u00e9er dans la ville des fa\u00e7ades exceptionnelles par leur polychromie. Petites maisons, immeubles d\u2019habitation, belles villas, d\u00e9voilent leur d\u00e9cor ext\u00e9rieur \u00e0 cette occasion.<\/p>","protected":false},"excerpt":{"rendered":"<p>&nbsp;<\/p>\n<p><strong>14h30 \u2013 16h00\u00a0<\/strong><\/p>\n<p>&nbsp;<\/p>\n<p><strong>Conf\u00e9renci\u00e8re<\/strong> : Charlotte PROTARD<\/p>\n<p>&nbsp;<\/p>\n<p><strong>R\u00e9servation obligatoire \u00e0 l\u2019Office de Tourisme :<\/strong>\u00a001 41 41 54 54 ou otbb.org<\/p>\n<p>&nbsp;<\/p>\n<p>Dans la limite de 20 places disponibles<\/p>","protected":false},"featured_media":42408,"comment_status":"open","ping_status":"closed","template":"","meta":{"_acf_changed":false,"om_disable_all_campaigns":false,"_monsterinsights_skip_tracking":false,"_monsterinsights_sitenote_active":false,"_monsterinsights_sitenote_note":"","_monsterinsights_sitenote_category":0,"_uf_show_specific_survey":0,"_uf_disable_surveys":false,"_themeisle_gutenberg_block_has_review":false},"product_brand":[],"product_cat":[69],"product_tag":[],"class_list":{"0":"post-42409","1":"product","2":"type-product","3":"status-publish","4":"has-post-thumbnail","6":"product_cat-agenda-events","7":"entry","9":"first","10":"instock","11":"taxable","12":"shipping-taxable","13":"purchasable","14":"product-type-variable"},"acf":[],"yoast_head":"<!-- This site is optimized with the Yoast SEO plugin v27.4 - https:\/\/yoast.com\/product\/yoast-seo-wordpress\/ -->\n<title>Parcours Briques Nord, l\u2019\u00e9l\u00e9gance boulonnaise - OTBB<\/title>\n<meta name=\"description\" content=\"Parcours Briques Nord, l\u2019\u00e9l\u00e9gance boulonnaise. Rendez-vous le 25\/04\/2026 de 14h3 \u00e0 16h, 7 place Denfert Rochereau. Conf\u00e9renci\u00e8re : Charlotte PROTARD\" \/>\n<meta name=\"robots\" content=\"index, follow, max-snippet:-1, max-image-preview:large, max-video-preview:-1\" \/>\n<link rel=\"canonical\" href=\"https:\/\/otbb.org\/en\/product\/parcours-briques-nord-lelegance-boulonnaise\/\" \/>\n<meta property=\"og:locale\" content=\"en_GB\" \/>\n<meta property=\"og:type\" content=\"article\" \/>\n<meta property=\"og:title\" content=\"Parcours Briques Nord, l\u2019\u00e9l\u00e9gance boulonnaise - OTBB\" \/>\n<meta property=\"og:description\" content=\"Parcours Briques Nord, l\u2019\u00e9l\u00e9gance boulonnaise. Rendez-vous le 25\/04\/2026 de 14h3 \u00e0 16h, 7 place Denfert Rochereau. Conf\u00e9renci\u00e8re : Charlotte PROTARD\" \/>\n<meta property=\"og:url\" content=\"https:\/\/otbb.org\/en\/product\/parcours-briques-nord-lelegance-boulonnaise\/\" \/>\n<meta property=\"og:site_name\" content=\"OTBB\" \/>\n<meta property=\"article:publisher\" content=\"https:\/\/www.facebook.com\/OTBB92\/\" \/>\n<meta property=\"article:modified_time\" content=\"2026-03-09T14:43:35+00:00\" \/>\n<meta property=\"og:image\" content=\"https:\/\/otbb.org\/wp-content\/uploads\/2026\/01\/14.-Briques-Nord.jpg\" \/>\n\t<meta property=\"og:image:width\" content=\"640\" \/>\n\t<meta property=\"og:image:height\" content=\"480\" \/>\n\t<meta property=\"og:image:type\" content=\"image\/jpeg\" \/>\n<meta name=\"twitter:card\" content=\"summary_large_image\" \/>\n<meta name=\"twitter:site\" content=\"@OTBB92\" \/>\n<script type=\"application\/ld+json\" class=\"yoast-schema-graph\">{\"@context\":\"https:\\\/\\\/schema.org\",\"@graph\":[{\"@type\":\"WebPage\",\"@id\":\"https:\\\/\\\/otbb.org\\\/produit\\\/parcours-briques-nord-lelegance-boulonnaise\\\/\",\"url\":\"https:\\\/\\\/otbb.org\\\/produit\\\/parcours-briques-nord-lelegance-boulonnaise\\\/\",\"name\":\"Parcours Briques Nord, l\u2019\u00e9l\u00e9gance boulonnaise - OTBB\",\"isPartOf\":{\"@id\":\"https:\\\/\\\/otbb.org\\\/#website\"},\"primaryImageOfPage\":{\"@id\":\"https:\\\/\\\/otbb.org\\\/produit\\\/parcours-briques-nord-lelegance-boulonnaise\\\/#primaryimage\"},\"image\":{\"@id\":\"https:\\\/\\\/otbb.org\\\/produit\\\/parcours-briques-nord-lelegance-boulonnaise\\\/#primaryimage\"},\"thumbnailUrl\":\"https:\\\/\\\/otbb.org\\\/wp-content\\\/uploads\\\/2026\\\/01\\\/14.-Briques-Nord.jpg\",\"datePublished\":\"2026-01-09T11:34:32+00:00\",\"dateModified\":\"2026-03-09T14:43:35+00:00\",\"description\":\"Parcours Briques Nord, l\u2019\u00e9l\u00e9gance boulonnaise. Rendez-vous le 25\\\/04\\\/2026 de 14h3 \u00e0 16h, 7 place Denfert Rochereau. Conf\u00e9renci\u00e8re : Charlotte PROTARD\",\"breadcrumb\":{\"@id\":\"https:\\\/\\\/otbb.org\\\/produit\\\/parcours-briques-nord-lelegance-boulonnaise\\\/#breadcrumb\"},\"inLanguage\":\"en-GB\",\"potentialAction\":[{\"@type\":\"ReadAction\",\"target\":[\"https:\\\/\\\/otbb.org\\\/produit\\\/parcours-briques-nord-lelegance-boulonnaise\\\/\"]}]},{\"@type\":\"ImageObject\",\"inLanguage\":\"en-GB\",\"@id\":\"https:\\\/\\\/otbb.org\\\/produit\\\/parcours-briques-nord-lelegance-boulonnaise\\\/#primaryimage\",\"url\":\"https:\\\/\\\/otbb.org\\\/wp-content\\\/uploads\\\/2026\\\/01\\\/14.-Briques-Nord.jpg\",\"contentUrl\":\"https:\\\/\\\/otbb.org\\\/wp-content\\\/uploads\\\/2026\\\/01\\\/14.-Briques-Nord.jpg\",\"width\":640,\"height\":480},{\"@type\":\"BreadcrumbList\",\"@id\":\"https:\\\/\\\/otbb.org\\\/produit\\\/parcours-briques-nord-lelegance-boulonnaise\\\/#breadcrumb\",\"itemListElement\":[{\"@type\":\"ListItem\",\"position\":1,\"name\":\"Accueil\",\"item\":\"https:\\\/\\\/otbb.org\\\/\"},{\"@type\":\"ListItem\",\"position\":2,\"name\":\"Boutique\",\"item\":\"https:\\\/\\\/otbb.org\\\/boutique-et-livres\\\/\"},{\"@type\":\"ListItem\",\"position\":3,\"name\":\"Parcours Briques Nord, l\u2019\u00e9l\u00e9gance boulonnaise\"}]},{\"@type\":\"WebSite\",\"@id\":\"https:\\\/\\\/otbb.org\\\/#website\",\"url\":\"https:\\\/\\\/otbb.org\\\/\",\"name\":\"OTBB\",\"description\":\"Bienvenue sur le site de l\u2019office du tourisme de Boulogne Billancourt\",\"publisher\":{\"@id\":\"https:\\\/\\\/otbb.org\\\/#organization\"},\"potentialAction\":[{\"@type\":\"SearchAction\",\"target\":{\"@type\":\"EntryPoint\",\"urlTemplate\":\"https:\\\/\\\/otbb.org\\\/?s={search_term_string}\"},\"query-input\":{\"@type\":\"PropertyValueSpecification\",\"valueRequired\":true,\"valueName\":\"search_term_string\"}}],\"inLanguage\":\"en-GB\"},{\"@type\":\"Organization\",\"@id\":\"https:\\\/\\\/otbb.org\\\/#organization\",\"name\":\"OTBB\",\"url\":\"https:\\\/\\\/otbb.org\\\/\",\"logo\":{\"@type\":\"ImageObject\",\"inLanguage\":\"en-GB\",\"@id\":\"https:\\\/\\\/otbb.org\\\/#\\\/schema\\\/logo\\\/image\\\/\",\"url\":\"https:\\\/\\\/otbb.org\\\/wp-content\\\/uploads\\\/2024\\\/04\\\/cropped-logo_OTBB_horiz_QUADRI.webp\",\"contentUrl\":\"https:\\\/\\\/otbb.org\\\/wp-content\\\/uploads\\\/2024\\\/04\\\/cropped-logo_OTBB_horiz_QUADRI.webp\",\"width\":1035,\"height\":345,\"caption\":\"OTBB\"},\"image\":{\"@id\":\"https:\\\/\\\/otbb.org\\\/#\\\/schema\\\/logo\\\/image\\\/\"},\"sameAs\":[\"https:\\\/\\\/www.facebook.com\\\/OTBB92\\\/\",\"https:\\\/\\\/x.com\\\/OTBB92\",\"https:\\\/\\\/www.instagram.com\\\/otbb92\\\/\"]}]}<\/script>\n<!-- \/ Yoast SEO plugin. -->","yoast_head_json":{"title":"Parcours Briques Nord, l\u2019\u00e9l\u00e9gance boulonnaise - OTBB","description":"Parcours Briques Nord, l\u2019\u00e9l\u00e9gance boulonnaise. Rendez-vous le 25\/04\/2026 de 14h3 \u00e0 16h, 7 place Denfert Rochereau. Conf\u00e9renci\u00e8re : Charlotte PROTARD","robots":{"index":"index","follow":"follow","max-snippet":"max-snippet:-1","max-image-preview":"max-image-preview:large","max-video-preview":"max-video-preview:-1"},"canonical":"https:\/\/otbb.org\/en\/product\/parcours-briques-nord-lelegance-boulonnaise\/","og_locale":"en_GB","og_type":"article","og_title":"Parcours Briques Nord, l\u2019\u00e9l\u00e9gance boulonnaise - OTBB","og_description":"Parcours Briques Nord, l\u2019\u00e9l\u00e9gance boulonnaise. Rendez-vous le 25\/04\/2026 de 14h3 \u00e0 16h, 7 place Denfert Rochereau. Conf\u00e9renci\u00e8re : Charlotte PROTARD","og_url":"https:\/\/otbb.org\/en\/product\/parcours-briques-nord-lelegance-boulonnaise\/","og_site_name":"OTBB","article_publisher":"https:\/\/www.facebook.com\/OTBB92\/","article_modified_time":"2026-03-09T14:43:35+00:00","og_image":[{"width":640,"height":480,"url":"https:\/\/otbb.org\/wp-content\/uploads\/2026\/01\/14.-Briques-Nord.jpg","type":"image\/jpeg"}],"twitter_card":"summary_large_image","twitter_site":"@OTBB92","schema":{"@context":"https:\/\/schema.org","@graph":[{"@type":"WebPage","@id":"https:\/\/otbb.org\/produit\/parcours-briques-nord-lelegance-boulonnaise\/","url":"https:\/\/otbb.org\/produit\/parcours-briques-nord-lelegance-boulonnaise\/","name":"Parcours Briques Nord, l\u2019\u00e9l\u00e9gance boulonnaise - OTBB","isPartOf":{"@id":"https:\/\/otbb.org\/#website"},"primaryImageOfPage":{"@id":"https:\/\/otbb.org\/produit\/parcours-briques-nord-lelegance-boulonnaise\/#primaryimage"},"image":{"@id":"https:\/\/otbb.org\/produit\/parcours-briques-nord-lelegance-boulonnaise\/#primaryimage"},"thumbnailUrl":"https:\/\/otbb.org\/wp-content\/uploads\/2026\/01\/14.-Briques-Nord.jpg","datePublished":"2026-01-09T11:34:32+00:00","dateModified":"2026-03-09T14:43:35+00:00","description":"Parcours Briques Nord, l\u2019\u00e9l\u00e9gance boulonnaise. Rendez-vous le 25\/04\/2026 de 14h3 \u00e0 16h, 7 place Denfert Rochereau. Conf\u00e9renci\u00e8re : Charlotte PROTARD","breadcrumb":{"@id":"https:\/\/otbb.org\/produit\/parcours-briques-nord-lelegance-boulonnaise\/#breadcrumb"},"inLanguage":"en-GB","potentialAction":[{"@type":"ReadAction","target":["https:\/\/otbb.org\/produit\/parcours-briques-nord-lelegance-boulonnaise\/"]}]},{"@type":"ImageObject","inLanguage":"en-GB","@id":"https:\/\/otbb.org\/produit\/parcours-briques-nord-lelegance-boulonnaise\/#primaryimage","url":"https:\/\/otbb.org\/wp-content\/uploads\/2026\/01\/14.-Briques-Nord.jpg","contentUrl":"https:\/\/otbb.org\/wp-content\/uploads\/2026\/01\/14.-Briques-Nord.jpg","width":640,"height":480},{"@type":"BreadcrumbList","@id":"https:\/\/otbb.org\/produit\/parcours-briques-nord-lelegance-boulonnaise\/#breadcrumb","itemListElement":[{"@type":"ListItem","position":1,"name":"Accueil","item":"https:\/\/otbb.org\/"},{"@type":"ListItem","position":2,"name":"Boutique","item":"https:\/\/otbb.org\/boutique-et-livres\/"},{"@type":"ListItem","position":3,"name":"Parcours Briques Nord, l\u2019\u00e9l\u00e9gance boulonnaise"}]},{"@type":"WebSite","@id":"https:\/\/otbb.org\/#website","url":"https:\/\/otbb.org\/","name":"OTBB","description":"Bienvenue sur le site de l\u2019office du tourisme de Boulogne Billancourt","publisher":{"@id":"https:\/\/otbb.org\/#organization"},"potentialAction":[{"@type":"SearchAction","target":{"@type":"EntryPoint","urlTemplate":"https:\/\/otbb.org\/?s={search_term_string}"},"query-input":{"@type":"PropertyValueSpecification","valueRequired":true,"valueName":"search_term_string"}}],"inLanguage":"en-GB"},{"@type":"Organization","@id":"https:\/\/otbb.org\/#organization","name":"OTBB","url":"https:\/\/otbb.org\/","logo":{"@type":"ImageObject","inLanguage":"en-GB","@id":"https:\/\/otbb.org\/#\/schema\/logo\/image\/","url":"https:\/\/otbb.org\/wp-content\/uploads\/2024\/04\/cropped-logo_OTBB_horiz_QUADRI.webp","contentUrl":"https:\/\/otbb.org\/wp-content\/uploads\/2024\/04\/cropped-logo_OTBB_horiz_QUADRI.webp","width":1035,"height":345,"caption":"OTBB"},"image":{"@id":"https:\/\/otbb.org\/#\/schema\/logo\/image\/"},"sameAs":["https:\/\/www.facebook.com\/OTBB92\/","https:\/\/x.com\/OTBB92","https:\/\/www.instagram.com\/otbb92\/"]}]}},"_links":{"self":[{"href":"https:\/\/otbb.org\/en\/wp-json\/wp\/v2\/product\/42409","targetHints":{"allow":["GET"]}}],"collection":[{"href":"https:\/\/otbb.org\/en\/wp-json\/wp\/v2\/product"}],"about":[{"href":"https:\/\/otbb.org\/en\/wp-json\/wp\/v2\/types\/product"}],"replies":[{"embeddable":true,"href":"https:\/\/otbb.org\/en\/wp-json\/wp\/v2\/comments?post=42409"}],"version-history":[{"count":2,"href":"https:\/\/otbb.org\/en\/wp-json\/wp\/v2\/product\/42409\/revisions"}],"predecessor-version":[{"id":43412,"href":"https:\/\/otbb.org\/en\/wp-json\/wp\/v2\/product\/42409\/revisions\/43412"}],"wp:featuredmedia":[{"embeddable":true,"href":"https:\/\/otbb.org\/en\/wp-json\/wp\/v2\/media\/42408"}],"wp:attachment":[{"href":"https:\/\/otbb.org\/en\/wp-json\/wp\/v2\/media?parent=42409"}],"wp:term":[{"taxonomy":"product_brand","embeddable":true,"href":"https:\/\/otbb.org\/en\/wp-json\/wp\/v2\/product_brand?post=42409"},{"taxonomy":"product_cat","embeddable":true,"href":"https:\/\/otbb.org\/en\/wp-json\/wp\/v2\/product_cat?post=42409"},{"taxonomy":"product_tag","embeddable":true,"href":"https:\/\/otbb.org\/en\/wp-json\/wp\/v2\/product_tag?post=42409"}],"curies":[{"name":"wp","href":"https:\/\/api.w.org\/{rel}","templated":true}]}}