{"id":42425,"date":"2026-01-09T16:06:00","date_gmt":"2026-01-09T16:06:00","guid":{"rendered":"https:\/\/otbb.org\/?post_type=product&#038;p=42425"},"modified":"2026-03-11T10:15:37","modified_gmt":"2026-03-11T10:15:37","slug":"plongez-dans-leco-quartier-du-trapeze-un-modele-de-transition-urbaine","status":"publish","type":"product","link":"https:\/\/otbb.org\/en\/product\/plongez-dans-leco-quartier-du-trapeze-un-modele-de-transition-urbaine\/","title":{"rendered":"Plongez dans l\u2019\u00e9co quartier du Trap\u00e8ze : un mod\u00e8le de transition urbaine"},"content":{"rendered":"<p>Des anciens terrains Renault aux audacieuses cr\u00e9ations architecturales, le quartier du Trap\u00e8ze est le plus vaste \u00e9co quartier de France, conjuguant harmonieusement ensemble r\u00e9sidentiels et bureaux. D\u00e9couvrez un quartier qui a transform\u00e9 les rives de la Seine, en d\u00e9ployant de vastes avenues et des espaces verts, \u00e0 travers un projet d\u2019urbanisme innovant et embl\u00e9matique et des plus grandes innovations en mati\u00e8re de d\u00e9veloppement durable.<\/p>","protected":false},"excerpt":{"rendered":"<p><strong>10h30-12h<\/strong><\/p>\n<p>&nbsp;<\/p>\n<p><strong>Conf\u00e9renci\u00e8re : <\/strong>Pauline JOURDAIN<\/p>\n<p>&nbsp;<\/p>\n<p><strong>R\u00e9servation obligatoire \u00e0 l\u2019Office de Tourisme :<\/strong> 01 41 41 54 54 ou otbb.org<\/p>\n<p>&nbsp;<\/p>\n<p>Dans la limite de 20 places disponibles.<\/p>","protected":false},"featured_media":42428,"comment_status":"closed","ping_status":"closed","template":"","meta":{"_acf_changed":false,"om_disable_all_campaigns":false,"_monsterinsights_skip_tracking":false,"_monsterinsights_sitenote_active":false,"_monsterinsights_sitenote_note":"","_monsterinsights_sitenote_category":0,"_uf_show_specific_survey":0,"_uf_disable_surveys":false,"_themeisle_gutenberg_block_has_review":false},"product_brand":[],"product_cat":[69],"product_tag":[],"class_list":{"0":"post-42425","1":"product","2":"type-product","3":"status-publish","4":"has-post-thumbnail","6":"product_cat-agenda-events","7":"entry","9":"first","10":"instock","11":"taxable","12":"shipping-taxable","13":"purchasable","14":"product-type-variable"},"acf":[],"yoast_head":"<!-- This site is optimized with the Yoast SEO plugin v27.4 - https:\/\/yoast.com\/product\/yoast-seo-wordpress\/ -->\n<title>Plongez dans l\u2019\u00e9co quartier du Trap\u00e8ze : un mod\u00e8le de transition urbaine - OTBB<\/title>\n<meta name=\"description\" content=\"D\u00e9couvrez un quartier qui a transform\u00e9 les rives de la Seine, en d\u00e9ployant de vastes avenues et des espaces verts, \u00e0 travers un projet d\u2019urbanisme innovant\" \/>\n<meta name=\"robots\" content=\"index, follow, max-snippet:-1, max-image-preview:large, max-video-preview:-1\" \/>\n<link rel=\"canonical\" href=\"https:\/\/otbb.org\/en\/product\/plongez-dans-leco-quartier-du-trapeze-un-modele-de-transition-urbaine\/\" \/>\n<meta property=\"og:locale\" content=\"en_GB\" \/>\n<meta property=\"og:type\" content=\"article\" \/>\n<meta property=\"og:title\" content=\"Plongez dans l\u2019\u00e9co quartier du Trap\u00e8ze : un mod\u00e8le de transition urbaine - OTBB\" \/>\n<meta property=\"og:description\" content=\"D\u00e9couvrez un quartier qui a transform\u00e9 les rives de la Seine, en d\u00e9ployant de vastes avenues et des espaces verts, \u00e0 travers un projet d\u2019urbanisme innovant\" \/>\n<meta property=\"og:url\" content=\"https:\/\/otbb.org\/en\/product\/plongez-dans-leco-quartier-du-trapeze-un-modele-de-transition-urbaine\/\" \/>\n<meta property=\"og:site_name\" content=\"OTBB\" \/>\n<meta property=\"article:publisher\" content=\"https:\/\/www.facebook.com\/OTBB92\/\" \/>\n<meta property=\"article:modified_time\" content=\"2026-03-11T10:15:37+00:00\" \/>\n<meta property=\"og:image\" content=\"https:\/\/otbb.org\/wp-content\/uploads\/2026\/01\/18.-Eco-quartier-Billancourt-09-copyright-Alain-de-Baudus-scaled.jpg\" \/>\n\t<meta property=\"og:image:width\" content=\"1510\" \/>\n\t<meta property=\"og:image:height\" content=\"2560\" \/>\n\t<meta property=\"og:image:type\" content=\"image\/jpeg\" \/>\n<meta name=\"twitter:card\" content=\"summary_large_image\" \/>\n<meta name=\"twitter:site\" content=\"@OTBB92\" \/>\n<script type=\"application\/ld+json\" class=\"yoast-schema-graph\">{\"@context\":\"https:\\\/\\\/schema.org\",\"@graph\":[{\"@type\":\"WebPage\",\"@id\":\"https:\\\/\\\/otbb.org\\\/produit\\\/plongez-dans-leco-quartier-du-trapeze-un-modele-de-transition-urbaine\\\/\",\"url\":\"https:\\\/\\\/otbb.org\\\/produit\\\/plongez-dans-leco-quartier-du-trapeze-un-modele-de-transition-urbaine\\\/\",\"name\":\"Plongez dans l\u2019\u00e9co quartier du Trap\u00e8ze : un mod\u00e8le de transition urbaine - OTBB\",\"isPartOf\":{\"@id\":\"https:\\\/\\\/otbb.org\\\/#website\"},\"primaryImageOfPage\":{\"@id\":\"https:\\\/\\\/otbb.org\\\/produit\\\/plongez-dans-leco-quartier-du-trapeze-un-modele-de-transition-urbaine\\\/#primaryimage\"},\"image\":{\"@id\":\"https:\\\/\\\/otbb.org\\\/produit\\\/plongez-dans-leco-quartier-du-trapeze-un-modele-de-transition-urbaine\\\/#primaryimage\"},\"thumbnailUrl\":\"https:\\\/\\\/otbb.org\\\/wp-content\\\/uploads\\\/2026\\\/01\\\/18.-Eco-quartier-Billancourt-09-copyright-Alain-de-Baudus-scaled.jpg\",\"datePublished\":\"2026-01-09T16:06:00+00:00\",\"dateModified\":\"2026-03-11T10:15:37+00:00\",\"description\":\"D\u00e9couvrez un quartier qui a transform\u00e9 les rives de la Seine, en d\u00e9ployant de vastes avenues et des espaces verts, \u00e0 travers un projet d\u2019urbanisme innovant\",\"breadcrumb\":{\"@id\":\"https:\\\/\\\/otbb.org\\\/produit\\\/plongez-dans-leco-quartier-du-trapeze-un-modele-de-transition-urbaine\\\/#breadcrumb\"},\"inLanguage\":\"en-GB\",\"potentialAction\":[{\"@type\":\"ReadAction\",\"target\":[\"https:\\\/\\\/otbb.org\\\/produit\\\/plongez-dans-leco-quartier-du-trapeze-un-modele-de-transition-urbaine\\\/\"]}]},{\"@type\":\"ImageObject\",\"inLanguage\":\"en-GB\",\"@id\":\"https:\\\/\\\/otbb.org\\\/produit\\\/plongez-dans-leco-quartier-du-trapeze-un-modele-de-transition-urbaine\\\/#primaryimage\",\"url\":\"https:\\\/\\\/otbb.org\\\/wp-content\\\/uploads\\\/2026\\\/01\\\/18.-Eco-quartier-Billancourt-09-copyright-Alain-de-Baudus-scaled.jpg\",\"contentUrl\":\"https:\\\/\\\/otbb.org\\\/wp-content\\\/uploads\\\/2026\\\/01\\\/18.-Eco-quartier-Billancourt-09-copyright-Alain-de-Baudus-scaled.jpg\",\"width\":1510,\"height\":2560},{\"@type\":\"BreadcrumbList\",\"@id\":\"https:\\\/\\\/otbb.org\\\/produit\\\/plongez-dans-leco-quartier-du-trapeze-un-modele-de-transition-urbaine\\\/#breadcrumb\",\"itemListElement\":[{\"@type\":\"ListItem\",\"position\":1,\"name\":\"Accueil\",\"item\":\"https:\\\/\\\/otbb.org\\\/\"},{\"@type\":\"ListItem\",\"position\":2,\"name\":\"Boutique\",\"item\":\"https:\\\/\\\/otbb.org\\\/boutique-et-livres\\\/\"},{\"@type\":\"ListItem\",\"position\":3,\"name\":\"Plongez dans l\u2019\u00e9co quartier du Trap\u00e8ze : un mod\u00e8le de transition urbaine\"}]},{\"@type\":\"WebSite\",\"@id\":\"https:\\\/\\\/otbb.org\\\/#website\",\"url\":\"https:\\\/\\\/otbb.org\\\/\",\"name\":\"OTBB\",\"description\":\"Bienvenue sur le site de l\u2019office du tourisme de Boulogne Billancourt\",\"publisher\":{\"@id\":\"https:\\\/\\\/otbb.org\\\/#organization\"},\"potentialAction\":[{\"@type\":\"SearchAction\",\"target\":{\"@type\":\"EntryPoint\",\"urlTemplate\":\"https:\\\/\\\/otbb.org\\\/?s={search_term_string}\"},\"query-input\":{\"@type\":\"PropertyValueSpecification\",\"valueRequired\":true,\"valueName\":\"search_term_string\"}}],\"inLanguage\":\"en-GB\"},{\"@type\":\"Organization\",\"@id\":\"https:\\\/\\\/otbb.org\\\/#organization\",\"name\":\"OTBB\",\"url\":\"https:\\\/\\\/otbb.org\\\/\",\"logo\":{\"@type\":\"ImageObject\",\"inLanguage\":\"en-GB\",\"@id\":\"https:\\\/\\\/otbb.org\\\/#\\\/schema\\\/logo\\\/image\\\/\",\"url\":\"https:\\\/\\\/otbb.org\\\/wp-content\\\/uploads\\\/2024\\\/04\\\/cropped-logo_OTBB_horiz_QUADRI.webp\",\"contentUrl\":\"https:\\\/\\\/otbb.org\\\/wp-content\\\/uploads\\\/2024\\\/04\\\/cropped-logo_OTBB_horiz_QUADRI.webp\",\"width\":1035,\"height\":345,\"caption\":\"OTBB\"},\"image\":{\"@id\":\"https:\\\/\\\/otbb.org\\\/#\\\/schema\\\/logo\\\/image\\\/\"},\"sameAs\":[\"https:\\\/\\\/www.facebook.com\\\/OTBB92\\\/\",\"https:\\\/\\\/x.com\\\/OTBB92\",\"https:\\\/\\\/www.instagram.com\\\/otbb92\\\/\"]}]}<\/script>\n<!-- \/ Yoast SEO plugin. -->","yoast_head_json":{"title":"Plongez dans l\u2019\u00e9co quartier du Trap\u00e8ze : un mod\u00e8le de transition urbaine - OTBB","description":"D\u00e9couvrez un quartier qui a transform\u00e9 les rives de la Seine, en d\u00e9ployant de vastes avenues et des espaces verts, \u00e0 travers un projet d\u2019urbanisme innovant","robots":{"index":"index","follow":"follow","max-snippet":"max-snippet:-1","max-image-preview":"max-image-preview:large","max-video-preview":"max-video-preview:-1"},"canonical":"https:\/\/otbb.org\/en\/product\/plongez-dans-leco-quartier-du-trapeze-un-modele-de-transition-urbaine\/","og_locale":"en_GB","og_type":"article","og_title":"Plongez dans l\u2019\u00e9co quartier du Trap\u00e8ze : un mod\u00e8le de transition urbaine - OTBB","og_description":"D\u00e9couvrez un quartier qui a transform\u00e9 les rives de la Seine, en d\u00e9ployant de vastes avenues et des espaces verts, \u00e0 travers un projet d\u2019urbanisme innovant","og_url":"https:\/\/otbb.org\/en\/product\/plongez-dans-leco-quartier-du-trapeze-un-modele-de-transition-urbaine\/","og_site_name":"OTBB","article_publisher":"https:\/\/www.facebook.com\/OTBB92\/","article_modified_time":"2026-03-11T10:15:37+00:00","og_image":[{"width":1510,"height":2560,"url":"https:\/\/otbb.org\/wp-content\/uploads\/2026\/01\/18.-Eco-quartier-Billancourt-09-copyright-Alain-de-Baudus-scaled.jpg","type":"image\/jpeg"}],"twitter_card":"summary_large_image","twitter_site":"@OTBB92","schema":{"@context":"https:\/\/schema.org","@graph":[{"@type":"WebPage","@id":"https:\/\/otbb.org\/produit\/plongez-dans-leco-quartier-du-trapeze-un-modele-de-transition-urbaine\/","url":"https:\/\/otbb.org\/produit\/plongez-dans-leco-quartier-du-trapeze-un-modele-de-transition-urbaine\/","name":"Plongez dans l\u2019\u00e9co quartier du Trap\u00e8ze : un mod\u00e8le de transition urbaine - OTBB","isPartOf":{"@id":"https:\/\/otbb.org\/#website"},"primaryImageOfPage":{"@id":"https:\/\/otbb.org\/produit\/plongez-dans-leco-quartier-du-trapeze-un-modele-de-transition-urbaine\/#primaryimage"},"image":{"@id":"https:\/\/otbb.org\/produit\/plongez-dans-leco-quartier-du-trapeze-un-modele-de-transition-urbaine\/#primaryimage"},"thumbnailUrl":"https:\/\/otbb.org\/wp-content\/uploads\/2026\/01\/18.-Eco-quartier-Billancourt-09-copyright-Alain-de-Baudus-scaled.jpg","datePublished":"2026-01-09T16:06:00+00:00","dateModified":"2026-03-11T10:15:37+00:00","description":"D\u00e9couvrez un quartier qui a transform\u00e9 les rives de la Seine, en d\u00e9ployant de vastes avenues et des espaces verts, \u00e0 travers un projet d\u2019urbanisme innovant","breadcrumb":{"@id":"https:\/\/otbb.org\/produit\/plongez-dans-leco-quartier-du-trapeze-un-modele-de-transition-urbaine\/#breadcrumb"},"inLanguage":"en-GB","potentialAction":[{"@type":"ReadAction","target":["https:\/\/otbb.org\/produit\/plongez-dans-leco-quartier-du-trapeze-un-modele-de-transition-urbaine\/"]}]},{"@type":"ImageObject","inLanguage":"en-GB","@id":"https:\/\/otbb.org\/produit\/plongez-dans-leco-quartier-du-trapeze-un-modele-de-transition-urbaine\/#primaryimage","url":"https:\/\/otbb.org\/wp-content\/uploads\/2026\/01\/18.-Eco-quartier-Billancourt-09-copyright-Alain-de-Baudus-scaled.jpg","contentUrl":"https:\/\/otbb.org\/wp-content\/uploads\/2026\/01\/18.-Eco-quartier-Billancourt-09-copyright-Alain-de-Baudus-scaled.jpg","width":1510,"height":2560},{"@type":"BreadcrumbList","@id":"https:\/\/otbb.org\/produit\/plongez-dans-leco-quartier-du-trapeze-un-modele-de-transition-urbaine\/#breadcrumb","itemListElement":[{"@type":"ListItem","position":1,"name":"Accueil","item":"https:\/\/otbb.org\/"},{"@type":"ListItem","position":2,"name":"Boutique","item":"https:\/\/otbb.org\/boutique-et-livres\/"},{"@type":"ListItem","position":3,"name":"Plongez dans l\u2019\u00e9co quartier du Trap\u00e8ze : un mod\u00e8le de transition urbaine"}]},{"@type":"WebSite","@id":"https:\/\/otbb.org\/#website","url":"https:\/\/otbb.org\/","name":"OTBB","description":"Bienvenue sur le site de l\u2019office du tourisme de Boulogne Billancourt","publisher":{"@id":"https:\/\/otbb.org\/#organization"},"potentialAction":[{"@type":"SearchAction","target":{"@type":"EntryPoint","urlTemplate":"https:\/\/otbb.org\/?s={search_term_string}"},"query-input":{"@type":"PropertyValueSpecification","valueRequired":true,"valueName":"search_term_string"}}],"inLanguage":"en-GB"},{"@type":"Organization","@id":"https:\/\/otbb.org\/#organization","name":"OTBB","url":"https:\/\/otbb.org\/","logo":{"@type":"ImageObject","inLanguage":"en-GB","@id":"https:\/\/otbb.org\/#\/schema\/logo\/image\/","url":"https:\/\/otbb.org\/wp-content\/uploads\/2024\/04\/cropped-logo_OTBB_horiz_QUADRI.webp","contentUrl":"https:\/\/otbb.org\/wp-content\/uploads\/2024\/04\/cropped-logo_OTBB_horiz_QUADRI.webp","width":1035,"height":345,"caption":"OTBB"},"image":{"@id":"https:\/\/otbb.org\/#\/schema\/logo\/image\/"},"sameAs":["https:\/\/www.facebook.com\/OTBB92\/","https:\/\/x.com\/OTBB92","https:\/\/www.instagram.com\/otbb92\/"]}]}},"_links":{"self":[{"href":"https:\/\/otbb.org\/en\/wp-json\/wp\/v2\/product\/42425","targetHints":{"allow":["GET"]}}],"collection":[{"href":"https:\/\/otbb.org\/en\/wp-json\/wp\/v2\/product"}],"about":[{"href":"https:\/\/otbb.org\/en\/wp-json\/wp\/v2\/types\/product"}],"replies":[{"embeddable":true,"href":"https:\/\/otbb.org\/en\/wp-json\/wp\/v2\/comments?post=42425"}],"version-history":[{"count":1,"href":"https:\/\/otbb.org\/en\/wp-json\/wp\/v2\/product\/42425\/revisions"}],"predecessor-version":[{"id":42431,"href":"https:\/\/otbb.org\/en\/wp-json\/wp\/v2\/product\/42425\/revisions\/42431"}],"wp:featuredmedia":[{"embeddable":true,"href":"https:\/\/otbb.org\/en\/wp-json\/wp\/v2\/media\/42428"}],"wp:attachment":[{"href":"https:\/\/otbb.org\/en\/wp-json\/wp\/v2\/media?parent=42425"}],"wp:term":[{"taxonomy":"product_brand","embeddable":true,"href":"https:\/\/otbb.org\/en\/wp-json\/wp\/v2\/product_brand?post=42425"},{"taxonomy":"product_cat","embeddable":true,"href":"https:\/\/otbb.org\/en\/wp-json\/wp\/v2\/product_cat?post=42425"},{"taxonomy":"product_tag","embeddable":true,"href":"https:\/\/otbb.org\/en\/wp-json\/wp\/v2\/product_tag?post=42425"}],"curies":[{"name":"wp","href":"https:\/\/api.w.org\/{rel}","templated":true}]}}