{"id":9079,"date":"2021-10-06T10:46:06","date_gmt":"2021-10-06T10:46:06","guid":{"rendered":"https:\/\/otbb.org\/?post_type=product&#038;p=9079"},"modified":"2025-02-25T10:35:08","modified_gmt":"2025-02-25T10:35:08","slug":"jolie-gourde-bleue-royal-a-infusion","status":"publish","type":"product","link":"https:\/\/otbb.org\/en\/product\/jolie-gourde-bleue-royal-a-infusion\/","title":{"rendered":"Gourde bleue<br>\u00e0 infusion"},"content":{"rendered":"","protected":false},"excerpt":{"rendered":"<p><span style=\"font-weight: 400;\">Cette gourde vous permet de parfumer votre eau pour lui donner un meilleur go\u00fbt.<br \/>\nElle est \u00e9quip\u00e9e d\u2019un bouchon herm\u00e9tique et d\u2019un filtre interne ce qui vous donne la possibilit\u00e9 d\u2019infuser vos fruits de saisons, des gla\u00e7ons pr\u00e9alablement aromatis\u00e9s, diff\u00e9rentes \u00e9pices de votre.<\/span><\/p>\n<p><span style=\"font-weight: 400;\"> Elle est r\u00e9utilisable et vous permet de boire \u00e0 tout moment de la journ\u00e9e une eau aromatis\u00e9e \u00e0 votre go\u00fbt. <\/span><\/p>\n<p>La gourde arbore le logo de la Ville de Boulogne-Billancourt.<\/p>\n<p>&nbsp;<\/p>\n<p><i><span style=\"font-weight: 400;\">Capacit\u00e9 jusqu\u2019\u00e0 740 ml.<\/span><\/i><i><span style=\"font-weight: 400;\"><br \/>\n<\/span><\/i><i><span style=\"font-weight: 400;\">Vendue dans une bo\u00eete. 70 x 247 mm<\/span><\/i><\/p>","protected":false},"featured_media":9120,"comment_status":"open","ping_status":"closed","template":"","meta":{"_acf_changed":false,"om_disable_all_campaigns":false,"_monsterinsights_skip_tracking":false,"_monsterinsights_sitenote_active":false,"_monsterinsights_sitenote_note":"","_monsterinsights_sitenote_category":0,"_uf_show_specific_survey":0,"_uf_disable_surveys":false,"_themeisle_gutenberg_block_has_review":false},"product_brand":[],"product_cat":[71],"product_tag":[],"class_list":{"0":"post-9079","1":"product","2":"type-product","3":"status-publish","4":"has-post-thumbnail","6":"product_cat-accessoires","7":"entry","9":"first","10":"instock","11":"taxable","12":"shipping-taxable","13":"purchasable","14":"product-type-simple"},"acf":[],"yoast_head":"<!-- This site is optimized with the Yoast SEO plugin v27.4 - https:\/\/yoast.com\/product\/yoast-seo-wordpress\/ -->\n<title>Gourde bleue\u00e0 infusion - OTBB<\/title>\n<meta name=\"robots\" content=\"index, follow, max-snippet:-1, max-image-preview:large, max-video-preview:-1\" \/>\n<link rel=\"canonical\" href=\"https:\/\/otbb.org\/en\/product\/jolie-gourde-bleue-royal-a-infusion\/\" \/>\n<meta property=\"og:locale\" content=\"en_GB\" \/>\n<meta property=\"og:type\" content=\"article\" \/>\n<meta property=\"og:title\" content=\"Gourde bleue\u00e0 infusion - OTBB\" \/>\n<meta property=\"og:description\" content=\"Cette gourde vous permet de parfumer votre eau pour lui donner un meilleur go\u00fbt. Elle est \u00e9quip\u00e9e d\u2019un bouchon herm\u00e9tique et d\u2019un filtre interne ce qui vous donne la possibilit\u00e9 d\u2019infuser vos fruits de saisons, des gla\u00e7ons pr\u00e9alablement aromatis\u00e9s, diff\u00e9rentes \u00e9pices de votre.   Elle est r\u00e9utilisable et vous permet de boire \u00e0 tout moment de la journ\u00e9e une eau aromatis\u00e9e \u00e0 votre go\u00fbt.   La gourde arbore le logo de la Ville de Boulogne-Billancourt.  &nbsp;  Capacit\u00e9 jusqu\u2019\u00e0 740 ml. Vendue dans une bo\u00eete. 70 x 247 mm\" \/>\n<meta property=\"og:url\" content=\"https:\/\/otbb.org\/en\/product\/jolie-gourde-bleue-royal-a-infusion\/\" \/>\n<meta property=\"og:site_name\" content=\"OTBB\" \/>\n<meta property=\"article:publisher\" content=\"https:\/\/www.facebook.com\/OTBB92\/\" \/>\n<meta property=\"article:modified_time\" content=\"2025-02-25T10:35:08+00:00\" \/>\n<meta property=\"og:image\" content=\"https:\/\/otbb.org\/wp-content\/uploads\/2021\/10\/Rectangle-154066751.png\" \/>\n\t<meta property=\"og:image:width\" content=\"477\" \/>\n\t<meta property=\"og:image:height\" content=\"437\" \/>\n\t<meta property=\"og:image:type\" content=\"image\/png\" \/>\n<meta name=\"twitter:card\" content=\"summary_large_image\" \/>\n<meta name=\"twitter:site\" content=\"@OTBB92\" \/>\n<script type=\"application\/ld+json\" class=\"yoast-schema-graph\">{\"@context\":\"https:\\\/\\\/schema.org\",\"@graph\":[{\"@type\":\"WebPage\",\"@id\":\"https:\\\/\\\/otbb.org\\\/produit\\\/jolie-gourde-bleue-royal-a-infusion\\\/\",\"url\":\"https:\\\/\\\/otbb.org\\\/produit\\\/jolie-gourde-bleue-royal-a-infusion\\\/\",\"name\":\"Gourde bleue \u00e0 infusion - OTBB\",\"isPartOf\":{\"@id\":\"https:\\\/\\\/otbb.org\\\/#website\"},\"primaryImageOfPage\":{\"@id\":\"https:\\\/\\\/otbb.org\\\/produit\\\/jolie-gourde-bleue-royal-a-infusion\\\/#primaryimage\"},\"image\":{\"@id\":\"https:\\\/\\\/otbb.org\\\/produit\\\/jolie-gourde-bleue-royal-a-infusion\\\/#primaryimage\"},\"thumbnailUrl\":\"https:\\\/\\\/otbb.org\\\/wp-content\\\/uploads\\\/2021\\\/10\\\/Rectangle-154066751.png\",\"datePublished\":\"2021-10-06T10:46:06+00:00\",\"dateModified\":\"2025-02-25T10:35:08+00:00\",\"breadcrumb\":{\"@id\":\"https:\\\/\\\/otbb.org\\\/produit\\\/jolie-gourde-bleue-royal-a-infusion\\\/#breadcrumb\"},\"inLanguage\":\"en-GB\",\"potentialAction\":[{\"@type\":\"ReadAction\",\"target\":[\"https:\\\/\\\/otbb.org\\\/produit\\\/jolie-gourde-bleue-royal-a-infusion\\\/\"]}]},{\"@type\":\"ImageObject\",\"inLanguage\":\"en-GB\",\"@id\":\"https:\\\/\\\/otbb.org\\\/produit\\\/jolie-gourde-bleue-royal-a-infusion\\\/#primaryimage\",\"url\":\"https:\\\/\\\/otbb.org\\\/wp-content\\\/uploads\\\/2021\\\/10\\\/Rectangle-154066751.png\",\"contentUrl\":\"https:\\\/\\\/otbb.org\\\/wp-content\\\/uploads\\\/2021\\\/10\\\/Rectangle-154066751.png\",\"width\":477,\"height\":437,\"caption\":\"gourde otbb\"},{\"@type\":\"BreadcrumbList\",\"@id\":\"https:\\\/\\\/otbb.org\\\/produit\\\/jolie-gourde-bleue-royal-a-infusion\\\/#breadcrumb\",\"itemListElement\":[{\"@type\":\"ListItem\",\"position\":1,\"name\":\"Accueil\",\"item\":\"https:\\\/\\\/otbb.org\\\/\"},{\"@type\":\"ListItem\",\"position\":2,\"name\":\"Boutique\",\"item\":\"https:\\\/\\\/otbb.org\\\/boutique-et-livres\\\/\"},{\"@type\":\"ListItem\",\"position\":3,\"name\":\"Gourde bleue\u00e0 infusion\"}]},{\"@type\":\"WebSite\",\"@id\":\"https:\\\/\\\/otbb.org\\\/#website\",\"url\":\"https:\\\/\\\/otbb.org\\\/\",\"name\":\"OTBB\",\"description\":\"Bienvenue sur le site de l\u2019office du tourisme de Boulogne Billancourt\",\"publisher\":{\"@id\":\"https:\\\/\\\/otbb.org\\\/#organization\"},\"potentialAction\":[{\"@type\":\"SearchAction\",\"target\":{\"@type\":\"EntryPoint\",\"urlTemplate\":\"https:\\\/\\\/otbb.org\\\/?s={search_term_string}\"},\"query-input\":{\"@type\":\"PropertyValueSpecification\",\"valueRequired\":true,\"valueName\":\"search_term_string\"}}],\"inLanguage\":\"en-GB\"},{\"@type\":\"Organization\",\"@id\":\"https:\\\/\\\/otbb.org\\\/#organization\",\"name\":\"OTBB\",\"url\":\"https:\\\/\\\/otbb.org\\\/\",\"logo\":{\"@type\":\"ImageObject\",\"inLanguage\":\"en-GB\",\"@id\":\"https:\\\/\\\/otbb.org\\\/#\\\/schema\\\/logo\\\/image\\\/\",\"url\":\"https:\\\/\\\/otbb.org\\\/wp-content\\\/uploads\\\/2024\\\/04\\\/cropped-logo_OTBB_horiz_QUADRI.webp\",\"contentUrl\":\"https:\\\/\\\/otbb.org\\\/wp-content\\\/uploads\\\/2024\\\/04\\\/cropped-logo_OTBB_horiz_QUADRI.webp\",\"width\":1035,\"height\":345,\"caption\":\"OTBB\"},\"image\":{\"@id\":\"https:\\\/\\\/otbb.org\\\/#\\\/schema\\\/logo\\\/image\\\/\"},\"sameAs\":[\"https:\\\/\\\/www.facebook.com\\\/OTBB92\\\/\",\"https:\\\/\\\/x.com\\\/OTBB92\",\"https:\\\/\\\/www.instagram.com\\\/otbb92\\\/\"]}]}<\/script>\n<!-- \/ Yoast SEO plugin. -->","yoast_head_json":{"title":"Gourde bleue\u00e0 infusion - OTBB","robots":{"index":"index","follow":"follow","max-snippet":"max-snippet:-1","max-image-preview":"max-image-preview:large","max-video-preview":"max-video-preview:-1"},"canonical":"https:\/\/otbb.org\/en\/product\/jolie-gourde-bleue-royal-a-infusion\/","og_locale":"en_GB","og_type":"article","og_title":"Gourde bleue\u00e0 infusion - OTBB","og_description":"Cette gourde vous permet de parfumer votre eau pour lui donner un meilleur go\u00fbt. Elle est \u00e9quip\u00e9e d\u2019un bouchon herm\u00e9tique et d\u2019un filtre interne ce qui vous donne la possibilit\u00e9 d\u2019infuser vos fruits de saisons, des gla\u00e7ons pr\u00e9alablement aromatis\u00e9s, diff\u00e9rentes \u00e9pices de votre.   Elle est r\u00e9utilisable et vous permet de boire \u00e0 tout moment de la journ\u00e9e une eau aromatis\u00e9e \u00e0 votre go\u00fbt.   La gourde arbore le logo de la Ville de Boulogne-Billancourt.  &nbsp;  Capacit\u00e9 jusqu\u2019\u00e0 740 ml. Vendue dans une bo\u00eete. 70 x 247 mm","og_url":"https:\/\/otbb.org\/en\/product\/jolie-gourde-bleue-royal-a-infusion\/","og_site_name":"OTBB","article_publisher":"https:\/\/www.facebook.com\/OTBB92\/","article_modified_time":"2025-02-25T10:35:08+00:00","og_image":[{"width":477,"height":437,"url":"https:\/\/otbb.org\/wp-content\/uploads\/2021\/10\/Rectangle-154066751.png","type":"image\/png"}],"twitter_card":"summary_large_image","twitter_site":"@OTBB92","schema":{"@context":"https:\/\/schema.org","@graph":[{"@type":"WebPage","@id":"https:\/\/otbb.org\/produit\/jolie-gourde-bleue-royal-a-infusion\/","url":"https:\/\/otbb.org\/produit\/jolie-gourde-bleue-royal-a-infusion\/","name":"Gourde bleue \u00e0 infusion - OTBB","isPartOf":{"@id":"https:\/\/otbb.org\/#website"},"primaryImageOfPage":{"@id":"https:\/\/otbb.org\/produit\/jolie-gourde-bleue-royal-a-infusion\/#primaryimage"},"image":{"@id":"https:\/\/otbb.org\/produit\/jolie-gourde-bleue-royal-a-infusion\/#primaryimage"},"thumbnailUrl":"https:\/\/otbb.org\/wp-content\/uploads\/2021\/10\/Rectangle-154066751.png","datePublished":"2021-10-06T10:46:06+00:00","dateModified":"2025-02-25T10:35:08+00:00","breadcrumb":{"@id":"https:\/\/otbb.org\/produit\/jolie-gourde-bleue-royal-a-infusion\/#breadcrumb"},"inLanguage":"en-GB","potentialAction":[{"@type":"ReadAction","target":["https:\/\/otbb.org\/produit\/jolie-gourde-bleue-royal-a-infusion\/"]}]},{"@type":"ImageObject","inLanguage":"en-GB","@id":"https:\/\/otbb.org\/produit\/jolie-gourde-bleue-royal-a-infusion\/#primaryimage","url":"https:\/\/otbb.org\/wp-content\/uploads\/2021\/10\/Rectangle-154066751.png","contentUrl":"https:\/\/otbb.org\/wp-content\/uploads\/2021\/10\/Rectangle-154066751.png","width":477,"height":437,"caption":"gourde otbb"},{"@type":"BreadcrumbList","@id":"https:\/\/otbb.org\/produit\/jolie-gourde-bleue-royal-a-infusion\/#breadcrumb","itemListElement":[{"@type":"ListItem","position":1,"name":"Accueil","item":"https:\/\/otbb.org\/"},{"@type":"ListItem","position":2,"name":"Boutique","item":"https:\/\/otbb.org\/boutique-et-livres\/"},{"@type":"ListItem","position":3,"name":"Gourde bleue\u00e0 infusion"}]},{"@type":"WebSite","@id":"https:\/\/otbb.org\/#website","url":"https:\/\/otbb.org\/","name":"OTBB","description":"Bienvenue sur le site de l\u2019office du tourisme de Boulogne Billancourt","publisher":{"@id":"https:\/\/otbb.org\/#organization"},"potentialAction":[{"@type":"SearchAction","target":{"@type":"EntryPoint","urlTemplate":"https:\/\/otbb.org\/?s={search_term_string}"},"query-input":{"@type":"PropertyValueSpecification","valueRequired":true,"valueName":"search_term_string"}}],"inLanguage":"en-GB"},{"@type":"Organization","@id":"https:\/\/otbb.org\/#organization","name":"OTBB","url":"https:\/\/otbb.org\/","logo":{"@type":"ImageObject","inLanguage":"en-GB","@id":"https:\/\/otbb.org\/#\/schema\/logo\/image\/","url":"https:\/\/otbb.org\/wp-content\/uploads\/2024\/04\/cropped-logo_OTBB_horiz_QUADRI.webp","contentUrl":"https:\/\/otbb.org\/wp-content\/uploads\/2024\/04\/cropped-logo_OTBB_horiz_QUADRI.webp","width":1035,"height":345,"caption":"OTBB"},"image":{"@id":"https:\/\/otbb.org\/#\/schema\/logo\/image\/"},"sameAs":["https:\/\/www.facebook.com\/OTBB92\/","https:\/\/x.com\/OTBB92","https:\/\/www.instagram.com\/otbb92\/"]}]}},"_links":{"self":[{"href":"https:\/\/otbb.org\/en\/wp-json\/wp\/v2\/product\/9079","targetHints":{"allow":["GET"]}}],"collection":[{"href":"https:\/\/otbb.org\/en\/wp-json\/wp\/v2\/product"}],"about":[{"href":"https:\/\/otbb.org\/en\/wp-json\/wp\/v2\/types\/product"}],"replies":[{"embeddable":true,"href":"https:\/\/otbb.org\/en\/wp-json\/wp\/v2\/comments?post=9079"}],"version-history":[{"count":1,"href":"https:\/\/otbb.org\/en\/wp-json\/wp\/v2\/product\/9079\/revisions"}],"predecessor-version":[{"id":38022,"href":"https:\/\/otbb.org\/en\/wp-json\/wp\/v2\/product\/9079\/revisions\/38022"}],"wp:featuredmedia":[{"embeddable":true,"href":"https:\/\/otbb.org\/en\/wp-json\/wp\/v2\/media\/9120"}],"wp:attachment":[{"href":"https:\/\/otbb.org\/en\/wp-json\/wp\/v2\/media?parent=9079"}],"wp:term":[{"taxonomy":"product_brand","embeddable":true,"href":"https:\/\/otbb.org\/en\/wp-json\/wp\/v2\/product_brand?post=9079"},{"taxonomy":"product_cat","embeddable":true,"href":"https:\/\/otbb.org\/en\/wp-json\/wp\/v2\/product_cat?post=9079"},{"taxonomy":"product_tag","embeddable":true,"href":"https:\/\/otbb.org\/en\/wp-json\/wp\/v2\/product_tag?post=9079"}],"curies":[{"name":"wp","href":"https:\/\/api.w.org\/{rel}","templated":true}]}}