{"id":9089,"date":"2021-10-06T12:16:15","date_gmt":"2021-10-06T12:16:15","guid":{"rendered":"https:\/\/otbb.org\/?post_type=product&#038;p=9089"},"modified":"2025-02-25T10:41:06","modified_gmt":"2025-02-25T10:41:06","slug":"lile-seguin-quelle-histoire-du-moyen-age-a-nos-jours","status":"publish","type":"product","link":"https:\/\/otbb.org\/en\/product\/lile-seguin-quelle-histoire-du-moyen-age-a-nos-jours\/","title":{"rendered":"Livre<br>L\u2019\u00eele Seguin : quelle histoire!"},"content":{"rendered":"","protected":false},"excerpt":{"rendered":"<p><span style=\"font-weight: 400;\">L\u2019\u00eele Seguin est un lieu culte. Si le souvenir de Renault est encore fortement pr\u00e9sent dans nos m\u00e9moires, l\u2019image de l\u2019\u00eele est cependant en train de se renouveler. Quand on l\u2019\u00e9voque, c\u2019est d\u00e9sormais l\u2019\u00e9crin architectural de La Seine Musicale qui vient \u00e0 l\u2019esprit plut\u00f4t que les murs de la citadelle ouvri\u00e8re. <\/span><\/p>\n<p><span style=\"font-weight: 400;\">Mais l\u2019aventure de l\u2019\u00eele Seguin ne se limite pas \u00e0 l\u2019automobile et \u00e0 la musique. Depuis le Moyen \u00c2ge, les activit\u00e9s les plus diverses s\u2019y sont succ\u00e9d\u00e9. Entre portraits et anecdotes, images d\u2019archives et photos contemporaines, Claude Weill raconte leurs grands moments.\u00a0<\/span><\/p>\n<p>&nbsp;<\/p>\n<p><b>\u00c9ditions du PALIO<\/b><b><br \/>\n<\/b><span style=\"font-weight: 400;\">de Claude Weill<\/span><span style=\"font-weight: 400;\"><br \/>\n<\/span><span style=\"font-weight: 400;\">Collection Regards<\/span><\/p>","protected":false},"featured_media":9116,"comment_status":"open","ping_status":"closed","template":"","meta":{"_acf_changed":false,"om_disable_all_campaigns":false,"_monsterinsights_skip_tracking":false,"_monsterinsights_sitenote_active":false,"_monsterinsights_sitenote_note":"","_monsterinsights_sitenote_category":0,"_uf_show_specific_survey":0,"_uf_disable_surveys":false,"_themeisle_gutenberg_block_has_review":false},"product_brand":[],"product_cat":[39],"product_tag":[],"class_list":{"0":"post-9089","1":"product","2":"type-product","3":"status-publish","4":"has-post-thumbnail","6":"product_cat-livres-et-guides","7":"entry","9":"first","10":"instock","11":"taxable","12":"shipping-taxable","13":"purchasable","14":"product-type-simple"},"acf":[],"yoast_head":"<!-- This site is optimized with the Yoast SEO plugin v27.3 - https:\/\/yoast.com\/product\/yoast-seo-wordpress\/ -->\n<title>LivreL\u2019\u00eele Seguin : quelle histoire! - OTBB<\/title>\n<meta name=\"robots\" content=\"index, follow, max-snippet:-1, max-image-preview:large, max-video-preview:-1\" \/>\n<link rel=\"canonical\" href=\"https:\/\/otbb.org\/en\/product\/lile-seguin-quelle-histoire-du-moyen-age-a-nos-jours\/\" \/>\n<meta property=\"og:locale\" content=\"en_GB\" \/>\n<meta property=\"og:type\" content=\"article\" \/>\n<meta property=\"og:title\" content=\"LivreL\u2019\u00eele Seguin : quelle histoire! - OTBB\" \/>\n<meta property=\"og:description\" content=\"L\u2019\u00eele Seguin est un lieu culte. Si le souvenir de Renault est encore fortement pr\u00e9sent dans nos m\u00e9moires, l\u2019image de l\u2019\u00eele est cependant en train de se renouveler. Quand on l\u2019\u00e9voque, c\u2019est d\u00e9sormais l\u2019\u00e9crin architectural de La Seine Musicale qui vient \u00e0 l\u2019esprit plut\u00f4t que les murs de la citadelle ouvri\u00e8re.   Mais l\u2019aventure de l\u2019\u00eele Seguin ne se limite pas \u00e0 l\u2019automobile et \u00e0 la musique. Depuis le Moyen \u00c2ge, les activit\u00e9s les plus diverses s\u2019y sont succ\u00e9d\u00e9. Entre portraits et anecdotes, images d\u2019archives et photos contemporaines, Claude Weill raconte leurs grands moments.\u00a0  &nbsp;  \u00c9ditions du PALIO de Claude Weill Collection Regards\" \/>\n<meta property=\"og:url\" content=\"https:\/\/otbb.org\/en\/product\/lile-seguin-quelle-histoire-du-moyen-age-a-nos-jours\/\" \/>\n<meta property=\"og:site_name\" content=\"OTBB\" \/>\n<meta property=\"article:publisher\" content=\"https:\/\/www.facebook.com\/OTBB92\/\" \/>\n<meta property=\"article:modified_time\" content=\"2025-02-25T10:41:06+00:00\" \/>\n<meta property=\"og:image\" content=\"https:\/\/otbb.org\/wp-content\/uploads\/2021\/10\/Rectangle-154066.png\" \/>\n\t<meta property=\"og:image:width\" content=\"477\" \/>\n\t<meta property=\"og:image:height\" content=\"437\" \/>\n\t<meta property=\"og:image:type\" content=\"image\/png\" \/>\n<meta name=\"twitter:card\" content=\"summary_large_image\" \/>\n<meta name=\"twitter:site\" content=\"@OTBB92\" \/>\n<script type=\"application\/ld+json\" class=\"yoast-schema-graph\">{\"@context\":\"https:\\\/\\\/schema.org\",\"@graph\":[{\"@type\":\"WebPage\",\"@id\":\"https:\\\/\\\/otbb.org\\\/produit\\\/lile-seguin-quelle-histoire-du-moyen-age-a-nos-jours\\\/\",\"url\":\"https:\\\/\\\/otbb.org\\\/produit\\\/lile-seguin-quelle-histoire-du-moyen-age-a-nos-jours\\\/\",\"name\":\"Livre L\u2019\u00eele Seguin : quelle histoire! - OTBB\",\"isPartOf\":{\"@id\":\"https:\\\/\\\/otbb.org\\\/#website\"},\"primaryImageOfPage\":{\"@id\":\"https:\\\/\\\/otbb.org\\\/produit\\\/lile-seguin-quelle-histoire-du-moyen-age-a-nos-jours\\\/#primaryimage\"},\"image\":{\"@id\":\"https:\\\/\\\/otbb.org\\\/produit\\\/lile-seguin-quelle-histoire-du-moyen-age-a-nos-jours\\\/#primaryimage\"},\"thumbnailUrl\":\"https:\\\/\\\/otbb.org\\\/wp-content\\\/uploads\\\/2021\\\/10\\\/Rectangle-154066.png\",\"datePublished\":\"2021-10-06T12:16:15+00:00\",\"dateModified\":\"2025-02-25T10:41:06+00:00\",\"breadcrumb\":{\"@id\":\"https:\\\/\\\/otbb.org\\\/produit\\\/lile-seguin-quelle-histoire-du-moyen-age-a-nos-jours\\\/#breadcrumb\"},\"inLanguage\":\"en-GB\",\"potentialAction\":[{\"@type\":\"ReadAction\",\"target\":[\"https:\\\/\\\/otbb.org\\\/produit\\\/lile-seguin-quelle-histoire-du-moyen-age-a-nos-jours\\\/\"]}]},{\"@type\":\"ImageObject\",\"inLanguage\":\"en-GB\",\"@id\":\"https:\\\/\\\/otbb.org\\\/produit\\\/lile-seguin-quelle-histoire-du-moyen-age-a-nos-jours\\\/#primaryimage\",\"url\":\"https:\\\/\\\/otbb.org\\\/wp-content\\\/uploads\\\/2021\\\/10\\\/Rectangle-154066.png\",\"contentUrl\":\"https:\\\/\\\/otbb.org\\\/wp-content\\\/uploads\\\/2021\\\/10\\\/Rectangle-154066.png\",\"width\":477,\"height\":437,\"caption\":\"ile seguin histoire\"},{\"@type\":\"BreadcrumbList\",\"@id\":\"https:\\\/\\\/otbb.org\\\/produit\\\/lile-seguin-quelle-histoire-du-moyen-age-a-nos-jours\\\/#breadcrumb\",\"itemListElement\":[{\"@type\":\"ListItem\",\"position\":1,\"name\":\"Accueil\",\"item\":\"https:\\\/\\\/otbb.org\\\/\"},{\"@type\":\"ListItem\",\"position\":2,\"name\":\"Boutique\",\"item\":\"https:\\\/\\\/otbb.org\\\/boutique-et-livres\\\/\"},{\"@type\":\"ListItem\",\"position\":3,\"name\":\"LivreL\u2019\u00eele Seguin : quelle histoire!\"}]},{\"@type\":\"WebSite\",\"@id\":\"https:\\\/\\\/otbb.org\\\/#website\",\"url\":\"https:\\\/\\\/otbb.org\\\/\",\"name\":\"OTBB\",\"description\":\"Bienvenue sur le site de l\u2019office du tourisme de Boulogne Billancourt\",\"publisher\":{\"@id\":\"https:\\\/\\\/otbb.org\\\/#organization\"},\"potentialAction\":[{\"@type\":\"SearchAction\",\"target\":{\"@type\":\"EntryPoint\",\"urlTemplate\":\"https:\\\/\\\/otbb.org\\\/?s={search_term_string}\"},\"query-input\":{\"@type\":\"PropertyValueSpecification\",\"valueRequired\":true,\"valueName\":\"search_term_string\"}}],\"inLanguage\":\"en-GB\"},{\"@type\":\"Organization\",\"@id\":\"https:\\\/\\\/otbb.org\\\/#organization\",\"name\":\"OTBB\",\"url\":\"https:\\\/\\\/otbb.org\\\/\",\"logo\":{\"@type\":\"ImageObject\",\"inLanguage\":\"en-GB\",\"@id\":\"https:\\\/\\\/otbb.org\\\/#\\\/schema\\\/logo\\\/image\\\/\",\"url\":\"https:\\\/\\\/otbb.org\\\/wp-content\\\/uploads\\\/2024\\\/04\\\/cropped-logo_OTBB_horiz_QUADRI.webp\",\"contentUrl\":\"https:\\\/\\\/otbb.org\\\/wp-content\\\/uploads\\\/2024\\\/04\\\/cropped-logo_OTBB_horiz_QUADRI.webp\",\"width\":1035,\"height\":345,\"caption\":\"OTBB\"},\"image\":{\"@id\":\"https:\\\/\\\/otbb.org\\\/#\\\/schema\\\/logo\\\/image\\\/\"},\"sameAs\":[\"https:\\\/\\\/www.facebook.com\\\/OTBB92\\\/\",\"https:\\\/\\\/x.com\\\/OTBB92\",\"https:\\\/\\\/www.instagram.com\\\/otbb92\\\/\"]}]}<\/script>\n<!-- \/ Yoast SEO plugin. -->","yoast_head_json":{"title":"LivreL\u2019\u00eele Seguin : quelle histoire! - OTBB","robots":{"index":"index","follow":"follow","max-snippet":"max-snippet:-1","max-image-preview":"max-image-preview:large","max-video-preview":"max-video-preview:-1"},"canonical":"https:\/\/otbb.org\/en\/product\/lile-seguin-quelle-histoire-du-moyen-age-a-nos-jours\/","og_locale":"en_GB","og_type":"article","og_title":"LivreL\u2019\u00eele Seguin : quelle histoire! - OTBB","og_description":"L\u2019\u00eele Seguin est un lieu culte. Si le souvenir de Renault est encore fortement pr\u00e9sent dans nos m\u00e9moires, l\u2019image de l\u2019\u00eele est cependant en train de se renouveler. Quand on l\u2019\u00e9voque, c\u2019est d\u00e9sormais l\u2019\u00e9crin architectural de La Seine Musicale qui vient \u00e0 l\u2019esprit plut\u00f4t que les murs de la citadelle ouvri\u00e8re.   Mais l\u2019aventure de l\u2019\u00eele Seguin ne se limite pas \u00e0 l\u2019automobile et \u00e0 la musique. Depuis le Moyen \u00c2ge, les activit\u00e9s les plus diverses s\u2019y sont succ\u00e9d\u00e9. Entre portraits et anecdotes, images d\u2019archives et photos contemporaines, Claude Weill raconte leurs grands moments.\u00a0  &nbsp;  \u00c9ditions du PALIO de Claude Weill Collection Regards","og_url":"https:\/\/otbb.org\/en\/product\/lile-seguin-quelle-histoire-du-moyen-age-a-nos-jours\/","og_site_name":"OTBB","article_publisher":"https:\/\/www.facebook.com\/OTBB92\/","article_modified_time":"2025-02-25T10:41:06+00:00","og_image":[{"width":477,"height":437,"url":"https:\/\/otbb.org\/wp-content\/uploads\/2021\/10\/Rectangle-154066.png","type":"image\/png"}],"twitter_card":"summary_large_image","twitter_site":"@OTBB92","schema":{"@context":"https:\/\/schema.org","@graph":[{"@type":"WebPage","@id":"https:\/\/otbb.org\/produit\/lile-seguin-quelle-histoire-du-moyen-age-a-nos-jours\/","url":"https:\/\/otbb.org\/produit\/lile-seguin-quelle-histoire-du-moyen-age-a-nos-jours\/","name":"Livre L\u2019\u00eele Seguin : quelle histoire! - OTBB","isPartOf":{"@id":"https:\/\/otbb.org\/#website"},"primaryImageOfPage":{"@id":"https:\/\/otbb.org\/produit\/lile-seguin-quelle-histoire-du-moyen-age-a-nos-jours\/#primaryimage"},"image":{"@id":"https:\/\/otbb.org\/produit\/lile-seguin-quelle-histoire-du-moyen-age-a-nos-jours\/#primaryimage"},"thumbnailUrl":"https:\/\/otbb.org\/wp-content\/uploads\/2021\/10\/Rectangle-154066.png","datePublished":"2021-10-06T12:16:15+00:00","dateModified":"2025-02-25T10:41:06+00:00","breadcrumb":{"@id":"https:\/\/otbb.org\/produit\/lile-seguin-quelle-histoire-du-moyen-age-a-nos-jours\/#breadcrumb"},"inLanguage":"en-GB","potentialAction":[{"@type":"ReadAction","target":["https:\/\/otbb.org\/produit\/lile-seguin-quelle-histoire-du-moyen-age-a-nos-jours\/"]}]},{"@type":"ImageObject","inLanguage":"en-GB","@id":"https:\/\/otbb.org\/produit\/lile-seguin-quelle-histoire-du-moyen-age-a-nos-jours\/#primaryimage","url":"https:\/\/otbb.org\/wp-content\/uploads\/2021\/10\/Rectangle-154066.png","contentUrl":"https:\/\/otbb.org\/wp-content\/uploads\/2021\/10\/Rectangle-154066.png","width":477,"height":437,"caption":"ile seguin histoire"},{"@type":"BreadcrumbList","@id":"https:\/\/otbb.org\/produit\/lile-seguin-quelle-histoire-du-moyen-age-a-nos-jours\/#breadcrumb","itemListElement":[{"@type":"ListItem","position":1,"name":"Accueil","item":"https:\/\/otbb.org\/"},{"@type":"ListItem","position":2,"name":"Boutique","item":"https:\/\/otbb.org\/boutique-et-livres\/"},{"@type":"ListItem","position":3,"name":"LivreL\u2019\u00eele Seguin : quelle histoire!"}]},{"@type":"WebSite","@id":"https:\/\/otbb.org\/#website","url":"https:\/\/otbb.org\/","name":"OTBB","description":"Bienvenue sur le site de l\u2019office du tourisme de Boulogne Billancourt","publisher":{"@id":"https:\/\/otbb.org\/#organization"},"potentialAction":[{"@type":"SearchAction","target":{"@type":"EntryPoint","urlTemplate":"https:\/\/otbb.org\/?s={search_term_string}"},"query-input":{"@type":"PropertyValueSpecification","valueRequired":true,"valueName":"search_term_string"}}],"inLanguage":"en-GB"},{"@type":"Organization","@id":"https:\/\/otbb.org\/#organization","name":"OTBB","url":"https:\/\/otbb.org\/","logo":{"@type":"ImageObject","inLanguage":"en-GB","@id":"https:\/\/otbb.org\/#\/schema\/logo\/image\/","url":"https:\/\/otbb.org\/wp-content\/uploads\/2024\/04\/cropped-logo_OTBB_horiz_QUADRI.webp","contentUrl":"https:\/\/otbb.org\/wp-content\/uploads\/2024\/04\/cropped-logo_OTBB_horiz_QUADRI.webp","width":1035,"height":345,"caption":"OTBB"},"image":{"@id":"https:\/\/otbb.org\/#\/schema\/logo\/image\/"},"sameAs":["https:\/\/www.facebook.com\/OTBB92\/","https:\/\/x.com\/OTBB92","https:\/\/www.instagram.com\/otbb92\/"]}]}},"_links":{"self":[{"href":"https:\/\/otbb.org\/en\/wp-json\/wp\/v2\/product\/9089","targetHints":{"allow":["GET"]}}],"collection":[{"href":"https:\/\/otbb.org\/en\/wp-json\/wp\/v2\/product"}],"about":[{"href":"https:\/\/otbb.org\/en\/wp-json\/wp\/v2\/types\/product"}],"replies":[{"embeddable":true,"href":"https:\/\/otbb.org\/en\/wp-json\/wp\/v2\/comments?post=9089"}],"version-history":[{"count":2,"href":"https:\/\/otbb.org\/en\/wp-json\/wp\/v2\/product\/9089\/revisions"}],"predecessor-version":[{"id":26131,"href":"https:\/\/otbb.org\/en\/wp-json\/wp\/v2\/product\/9089\/revisions\/26131"}],"wp:featuredmedia":[{"embeddable":true,"href":"https:\/\/otbb.org\/en\/wp-json\/wp\/v2\/media\/9116"}],"wp:attachment":[{"href":"https:\/\/otbb.org\/en\/wp-json\/wp\/v2\/media?parent=9089"}],"wp:term":[{"taxonomy":"product_brand","embeddable":true,"href":"https:\/\/otbb.org\/en\/wp-json\/wp\/v2\/product_brand?post=9089"},{"taxonomy":"product_cat","embeddable":true,"href":"https:\/\/otbb.org\/en\/wp-json\/wp\/v2\/product_cat?post=9089"},{"taxonomy":"product_tag","embeddable":true,"href":"https:\/\/otbb.org\/en\/wp-json\/wp\/v2\/product_tag?post=9089"}],"curies":[{"name":"wp","href":"https:\/\/api.w.org\/{rel}","templated":true}]}}