{"id":9091,"date":"2021-10-06T12:17:54","date_gmt":"2021-10-06T12:17:54","guid":{"rendered":"https:\/\/otbb.org\/?post_type=product&#038;p=9091"},"modified":"2025-02-25T10:32:05","modified_gmt":"2025-02-25T10:32:05","slug":"andre-morizet-un-maire-constructeur-du-grand-paris","status":"publish","type":"product","link":"https:\/\/otbb.org\/en\/product\/andre-morizet-un-maire-constructeur-du-grand-paris\/","title":{"rendered":"Andr\u00e9 Morizet<br>Un Maire constructeur"},"content":{"rendered":"","protected":false},"excerpt":{"rendered":"<p><span style=\"font-weight: 400;\">Andr\u00e9 Morizet a occup\u00e9 une place de tout premier plan sur la sc\u00e8ne politique non seulement en tant que maire de Boulogne \u2013devenu Boulogne-Billancourt \u00e0 partir de 1925 \u2013 mais \u00e9galement au plan national. Ce livre montre le r\u00f4le d\u2019un \u00e9lu local dans la structuration urbaine de la banlieue. Au plan national, Andr\u00e9 Morizet a contribu\u00e9 \u00e0 dessiner les traits du \u00ab Grand Paris \u00bb, enjeu majeur de la politique urbaine de la r\u00e9gion parisienne depuis les ann\u00e9es 1920.<\/span><\/p>\n<p>&nbsp;<\/p>\n<p><span style=\"font-weight: 400;\">Car les questions d\u2019administration communale et d\u2019am\u00e9nagement urbain ne peuvent s\u2019envisager, selon Andr\u00e9 Morizet, que dans le cadre d\u2019une organisation r\u00e9gionale. Il propose donc, avec Henri Sellier, pr\u00e9sident du Conseil g\u00e9n\u00e9ral de la Seine, un plan du d\u00e9veloppement du Grand Paris. Avec la victoire du Front populaire, il pense que l\u2019heure est arriv\u00e9e pour qu\u2019une volont\u00e9 politique entreprenne cette action r\u00e9novatrice. Mais la possibilit\u00e9 de mettre en \u0153uvre ses propositions ne lui est pas donn\u00e9e. Il en garde une certaine amertume \u00e0 l\u2019\u00e9gard de la politique, lassitude qui explique en grande partie son attachement \u00e0 sa responsabilit\u00e9 de maire au d\u00e9but de la guerre.<\/span><\/p>\n<p><span style=\"font-weight: 400;\">Au moment o\u00f9 la question du Grand Paris se pose \u00e0 nouveau, il est utile de comprendre les origines d\u2019un projet m\u00e9tropolitain qui doit tant \u00e0 des acteurs comme Andr\u00e9 Morizet. Le livre d\u00e9monte une personnalit\u00e9 complexe entre engagement vers la radicalit\u00e9 sociale et politique et la r\u00e9forme administrative et technique, notamment \u00e0 l\u2019\u00e9chelon municipal.<\/span><\/p>\n<p>&nbsp;<\/p>\n<p><span style=\"font-weight: 400;\">Pascal Guillot est docteur en histoir<\/span><span style=\"font-weight: 400;\">e \u00e0 l\u2019universit\u00e9 Paris 13.<\/span><\/p>\n<p><span style=\"font-weight: 400;\">Jacques Girault, r\u00e9dacteur de la pr\u00e9face, est professeur d\u2019histoire contemporaine \u00e0 l\u2019universit\u00e9 Paris 13.<\/span><\/p>\n<p><i><span style=\"font-weight: 400;\">Auteur: Pascal Guillot<\/span><\/i><i><span style=\"font-weight: 400;\"><br \/>\n<\/span><\/i><i><span style=\"font-weight: 400;\">Editeur: Creaphis<\/span><\/i><i><span style=\"font-weight: 400;\"><br \/>\n<\/span><\/i><i><span style=\"font-weight: 400;\">Date de parution:\u00a0 25\/02\/2013<\/span><\/i><i><span style=\"font-weight: 400;\"><br \/>\n<\/span><\/i><i><span style=\"font-weight: 400;\">Collection: Lieux Habites<\/span><\/i><i><span style=\"font-weight: 400;\"><br \/>\n<\/span><\/i><i><span style=\"font-weight: 400;\">ISBN: 2354280297<\/span><\/i><i><span style=\"font-weight: 400;\"><br \/>\n<\/span><\/i><i><span style=\"font-weight: 400;\">EAN: 978-2354280291<\/span><\/i><\/p>","protected":false},"featured_media":38021,"comment_status":"open","ping_status":"closed","template":"","meta":{"_acf_changed":false,"om_disable_all_campaigns":false,"_monsterinsights_skip_tracking":false,"_monsterinsights_sitenote_active":false,"_monsterinsights_sitenote_note":"","_monsterinsights_sitenote_category":0,"_uf_show_specific_survey":0,"_uf_disable_surveys":false,"_themeisle_gutenberg_block_has_review":false},"product_brand":[],"product_cat":[39],"product_tag":[],"class_list":{"0":"post-9091","1":"product","2":"type-product","3":"status-publish","4":"has-post-thumbnail","6":"product_cat-livres-et-guides","7":"entry","9":"first","10":"instock","11":"taxable","12":"shipping-taxable","13":"purchasable","14":"product-type-simple"},"acf":[],"yoast_head":"<!-- This site is optimized with the Yoast SEO plugin v27.4 - https:\/\/yoast.com\/product\/yoast-seo-wordpress\/ -->\n<title>Andr\u00e9 MorizetUn Maire constructeur - OTBB<\/title>\n<meta name=\"robots\" content=\"index, follow, max-snippet:-1, max-image-preview:large, max-video-preview:-1\" \/>\n<link rel=\"canonical\" href=\"https:\/\/otbb.org\/en\/product\/andre-morizet-un-maire-constructeur-du-grand-paris\/\" \/>\n<meta property=\"og:locale\" content=\"en_GB\" \/>\n<meta property=\"og:type\" content=\"article\" \/>\n<meta property=\"og:title\" content=\"Andr\u00e9 MorizetUn Maire constructeur - OTBB\" \/>\n<meta property=\"og:description\" content=\"Andr\u00e9 Morizet a occup\u00e9 une place de tout premier plan sur la sc\u00e8ne politique non seulement en tant que maire de Boulogne \u2013devenu Boulogne-Billancourt \u00e0 partir de 1925 \u2013 mais \u00e9galement au plan national. Ce livre montre le r\u00f4le d\u2019un \u00e9lu local dans la structuration urbaine de la banlieue. Au plan national, Andr\u00e9 Morizet a contribu\u00e9 \u00e0 dessiner les traits du \u00ab Grand Paris \u00bb, enjeu majeur de la politique urbaine de la r\u00e9gion parisienne depuis les ann\u00e9es 1920.  &nbsp;  Car les questions d\u2019administration communale et d\u2019am\u00e9nagement urbain ne peuvent s\u2019envisager, selon Andr\u00e9 Morizet, que dans le cadre d\u2019une organisation r\u00e9gionale. Il propose donc, avec Henri Sellier, pr\u00e9sident du Conseil g\u00e9n\u00e9ral de la Seine, un plan du d\u00e9veloppement du Grand Paris. Avec la victoire du Front populaire, il pense que l\u2019heure est arriv\u00e9e pour qu\u2019une volont\u00e9 politique entreprenne cette action r\u00e9novatrice. Mais la possibilit\u00e9 de mettre en \u0153uvre ses propositions ne lui est pas donn\u00e9e. Il en garde une certaine amertume \u00e0 l\u2019\u00e9gard de la politique, lassitude qui explique en grande partie son attachement \u00e0 sa responsabilit\u00e9 de maire au d\u00e9but de la guerre.  Au moment o\u00f9 la question du Grand Paris se pose \u00e0 nouveau, il est utile de comprendre les origines d\u2019un projet m\u00e9tropolitain qui doit tant \u00e0 des acteurs comme Andr\u00e9 Morizet. Le livre d\u00e9monte une personnalit\u00e9 complexe entre engagement vers la radicalit\u00e9 sociale et politique et la r\u00e9forme administrative et technique, notamment \u00e0 l\u2019\u00e9chelon municipal.  &nbsp;  Pascal Guillot est docteur en histoire \u00e0 l\u2019universit\u00e9 Paris 13.  Jacques Girault, r\u00e9dacteur de la pr\u00e9face, est professeur d\u2019histoire contemporaine \u00e0 l\u2019universit\u00e9 Paris 13.  Auteur: Pascal Guillot Editeur: Creaphis Date de parution:\u00a0 25\/02\/2013 Collection: Lieux Habites ISBN: 2354280297 EAN: 978-2354280291\" \/>\n<meta property=\"og:url\" content=\"https:\/\/otbb.org\/en\/product\/andre-morizet-un-maire-constructeur-du-grand-paris\/\" \/>\n<meta property=\"og:site_name\" content=\"OTBB\" \/>\n<meta property=\"article:publisher\" content=\"https:\/\/www.facebook.com\/OTBB92\/\" \/>\n<meta property=\"article:modified_time\" content=\"2025-02-25T10:32:05+00:00\" \/>\n<meta property=\"og:image\" content=\"https:\/\/otbb.org\/wp-content\/uploads\/2021\/10\/andremorizet-horiz.jpg\" \/>\n\t<meta property=\"og:image:width\" content=\"1920\" \/>\n\t<meta property=\"og:image:height\" content=\"1690\" \/>\n\t<meta property=\"og:image:type\" content=\"image\/jpeg\" \/>\n<meta name=\"twitter:card\" content=\"summary_large_image\" \/>\n<meta name=\"twitter:site\" content=\"@OTBB92\" \/>\n<script type=\"application\/ld+json\" class=\"yoast-schema-graph\">{\"@context\":\"https:\\\/\\\/schema.org\",\"@graph\":[{\"@type\":\"WebPage\",\"@id\":\"https:\\\/\\\/otbb.org\\\/produit\\\/andre-morizet-un-maire-constructeur-du-grand-paris\\\/\",\"url\":\"https:\\\/\\\/otbb.org\\\/produit\\\/andre-morizet-un-maire-constructeur-du-grand-paris\\\/\",\"name\":\"Andr\u00e9 Morizet Un Maire constructeur - OTBB\",\"isPartOf\":{\"@id\":\"https:\\\/\\\/otbb.org\\\/#website\"},\"primaryImageOfPage\":{\"@id\":\"https:\\\/\\\/otbb.org\\\/produit\\\/andre-morizet-un-maire-constructeur-du-grand-paris\\\/#primaryimage\"},\"image\":{\"@id\":\"https:\\\/\\\/otbb.org\\\/produit\\\/andre-morizet-un-maire-constructeur-du-grand-paris\\\/#primaryimage\"},\"thumbnailUrl\":\"https:\\\/\\\/otbb.org\\\/wp-content\\\/uploads\\\/2021\\\/10\\\/andremorizet-horiz.jpg\",\"datePublished\":\"2021-10-06T12:17:54+00:00\",\"dateModified\":\"2025-02-25T10:32:05+00:00\",\"breadcrumb\":{\"@id\":\"https:\\\/\\\/otbb.org\\\/produit\\\/andre-morizet-un-maire-constructeur-du-grand-paris\\\/#breadcrumb\"},\"inLanguage\":\"en-GB\",\"potentialAction\":[{\"@type\":\"ReadAction\",\"target\":[\"https:\\\/\\\/otbb.org\\\/produit\\\/andre-morizet-un-maire-constructeur-du-grand-paris\\\/\"]}]},{\"@type\":\"ImageObject\",\"inLanguage\":\"en-GB\",\"@id\":\"https:\\\/\\\/otbb.org\\\/produit\\\/andre-morizet-un-maire-constructeur-du-grand-paris\\\/#primaryimage\",\"url\":\"https:\\\/\\\/otbb.org\\\/wp-content\\\/uploads\\\/2021\\\/10\\\/andremorizet-horiz.jpg\",\"contentUrl\":\"https:\\\/\\\/otbb.org\\\/wp-content\\\/uploads\\\/2021\\\/10\\\/andremorizet-horiz.jpg\",\"width\":1920,\"height\":1690},{\"@type\":\"BreadcrumbList\",\"@id\":\"https:\\\/\\\/otbb.org\\\/produit\\\/andre-morizet-un-maire-constructeur-du-grand-paris\\\/#breadcrumb\",\"itemListElement\":[{\"@type\":\"ListItem\",\"position\":1,\"name\":\"Accueil\",\"item\":\"https:\\\/\\\/otbb.org\\\/\"},{\"@type\":\"ListItem\",\"position\":2,\"name\":\"Boutique\",\"item\":\"https:\\\/\\\/otbb.org\\\/boutique-et-livres\\\/\"},{\"@type\":\"ListItem\",\"position\":3,\"name\":\"Andr\u00e9 MorizetUn Maire constructeur\"}]},{\"@type\":\"WebSite\",\"@id\":\"https:\\\/\\\/otbb.org\\\/#website\",\"url\":\"https:\\\/\\\/otbb.org\\\/\",\"name\":\"OTBB\",\"description\":\"Bienvenue sur le site de l\u2019office du tourisme de Boulogne Billancourt\",\"publisher\":{\"@id\":\"https:\\\/\\\/otbb.org\\\/#organization\"},\"potentialAction\":[{\"@type\":\"SearchAction\",\"target\":{\"@type\":\"EntryPoint\",\"urlTemplate\":\"https:\\\/\\\/otbb.org\\\/?s={search_term_string}\"},\"query-input\":{\"@type\":\"PropertyValueSpecification\",\"valueRequired\":true,\"valueName\":\"search_term_string\"}}],\"inLanguage\":\"en-GB\"},{\"@type\":\"Organization\",\"@id\":\"https:\\\/\\\/otbb.org\\\/#organization\",\"name\":\"OTBB\",\"url\":\"https:\\\/\\\/otbb.org\\\/\",\"logo\":{\"@type\":\"ImageObject\",\"inLanguage\":\"en-GB\",\"@id\":\"https:\\\/\\\/otbb.org\\\/#\\\/schema\\\/logo\\\/image\\\/\",\"url\":\"https:\\\/\\\/otbb.org\\\/wp-content\\\/uploads\\\/2024\\\/04\\\/cropped-logo_OTBB_horiz_QUADRI.webp\",\"contentUrl\":\"https:\\\/\\\/otbb.org\\\/wp-content\\\/uploads\\\/2024\\\/04\\\/cropped-logo_OTBB_horiz_QUADRI.webp\",\"width\":1035,\"height\":345,\"caption\":\"OTBB\"},\"image\":{\"@id\":\"https:\\\/\\\/otbb.org\\\/#\\\/schema\\\/logo\\\/image\\\/\"},\"sameAs\":[\"https:\\\/\\\/www.facebook.com\\\/OTBB92\\\/\",\"https:\\\/\\\/x.com\\\/OTBB92\",\"https:\\\/\\\/www.instagram.com\\\/otbb92\\\/\"]}]}<\/script>\n<!-- \/ Yoast SEO plugin. -->","yoast_head_json":{"title":"Andr\u00e9 MorizetUn Maire constructeur - OTBB","robots":{"index":"index","follow":"follow","max-snippet":"max-snippet:-1","max-image-preview":"max-image-preview:large","max-video-preview":"max-video-preview:-1"},"canonical":"https:\/\/otbb.org\/en\/product\/andre-morizet-un-maire-constructeur-du-grand-paris\/","og_locale":"en_GB","og_type":"article","og_title":"Andr\u00e9 MorizetUn Maire constructeur - OTBB","og_description":"Andr\u00e9 Morizet a occup\u00e9 une place de tout premier plan sur la sc\u00e8ne politique non seulement en tant que maire de Boulogne \u2013devenu Boulogne-Billancourt \u00e0 partir de 1925 \u2013 mais \u00e9galement au plan national. Ce livre montre le r\u00f4le d\u2019un \u00e9lu local dans la structuration urbaine de la banlieue. Au plan national, Andr\u00e9 Morizet a contribu\u00e9 \u00e0 dessiner les traits du \u00ab Grand Paris \u00bb, enjeu majeur de la politique urbaine de la r\u00e9gion parisienne depuis les ann\u00e9es 1920.  &nbsp;  Car les questions d\u2019administration communale et d\u2019am\u00e9nagement urbain ne peuvent s\u2019envisager, selon Andr\u00e9 Morizet, que dans le cadre d\u2019une organisation r\u00e9gionale. Il propose donc, avec Henri Sellier, pr\u00e9sident du Conseil g\u00e9n\u00e9ral de la Seine, un plan du d\u00e9veloppement du Grand Paris. Avec la victoire du Front populaire, il pense que l\u2019heure est arriv\u00e9e pour qu\u2019une volont\u00e9 politique entreprenne cette action r\u00e9novatrice. Mais la possibilit\u00e9 de mettre en \u0153uvre ses propositions ne lui est pas donn\u00e9e. Il en garde une certaine amertume \u00e0 l\u2019\u00e9gard de la politique, lassitude qui explique en grande partie son attachement \u00e0 sa responsabilit\u00e9 de maire au d\u00e9but de la guerre.  Au moment o\u00f9 la question du Grand Paris se pose \u00e0 nouveau, il est utile de comprendre les origines d\u2019un projet m\u00e9tropolitain qui doit tant \u00e0 des acteurs comme Andr\u00e9 Morizet. Le livre d\u00e9monte une personnalit\u00e9 complexe entre engagement vers la radicalit\u00e9 sociale et politique et la r\u00e9forme administrative et technique, notamment \u00e0 l\u2019\u00e9chelon municipal.  &nbsp;  Pascal Guillot est docteur en histoire \u00e0 l\u2019universit\u00e9 Paris 13.  Jacques Girault, r\u00e9dacteur de la pr\u00e9face, est professeur d\u2019histoire contemporaine \u00e0 l\u2019universit\u00e9 Paris 13.  Auteur: Pascal Guillot Editeur: Creaphis Date de parution:\u00a0 25\/02\/2013 Collection: Lieux Habites ISBN: 2354280297 EAN: 978-2354280291","og_url":"https:\/\/otbb.org\/en\/product\/andre-morizet-un-maire-constructeur-du-grand-paris\/","og_site_name":"OTBB","article_publisher":"https:\/\/www.facebook.com\/OTBB92\/","article_modified_time":"2025-02-25T10:32:05+00:00","og_image":[{"width":1920,"height":1690,"url":"https:\/\/otbb.org\/wp-content\/uploads\/2021\/10\/andremorizet-horiz.jpg","type":"image\/jpeg"}],"twitter_card":"summary_large_image","twitter_site":"@OTBB92","schema":{"@context":"https:\/\/schema.org","@graph":[{"@type":"WebPage","@id":"https:\/\/otbb.org\/produit\/andre-morizet-un-maire-constructeur-du-grand-paris\/","url":"https:\/\/otbb.org\/produit\/andre-morizet-un-maire-constructeur-du-grand-paris\/","name":"Andr\u00e9 Morizet Un Maire constructeur - OTBB","isPartOf":{"@id":"https:\/\/otbb.org\/#website"},"primaryImageOfPage":{"@id":"https:\/\/otbb.org\/produit\/andre-morizet-un-maire-constructeur-du-grand-paris\/#primaryimage"},"image":{"@id":"https:\/\/otbb.org\/produit\/andre-morizet-un-maire-constructeur-du-grand-paris\/#primaryimage"},"thumbnailUrl":"https:\/\/otbb.org\/wp-content\/uploads\/2021\/10\/andremorizet-horiz.jpg","datePublished":"2021-10-06T12:17:54+00:00","dateModified":"2025-02-25T10:32:05+00:00","breadcrumb":{"@id":"https:\/\/otbb.org\/produit\/andre-morizet-un-maire-constructeur-du-grand-paris\/#breadcrumb"},"inLanguage":"en-GB","potentialAction":[{"@type":"ReadAction","target":["https:\/\/otbb.org\/produit\/andre-morizet-un-maire-constructeur-du-grand-paris\/"]}]},{"@type":"ImageObject","inLanguage":"en-GB","@id":"https:\/\/otbb.org\/produit\/andre-morizet-un-maire-constructeur-du-grand-paris\/#primaryimage","url":"https:\/\/otbb.org\/wp-content\/uploads\/2021\/10\/andremorizet-horiz.jpg","contentUrl":"https:\/\/otbb.org\/wp-content\/uploads\/2021\/10\/andremorizet-horiz.jpg","width":1920,"height":1690},{"@type":"BreadcrumbList","@id":"https:\/\/otbb.org\/produit\/andre-morizet-un-maire-constructeur-du-grand-paris\/#breadcrumb","itemListElement":[{"@type":"ListItem","position":1,"name":"Accueil","item":"https:\/\/otbb.org\/"},{"@type":"ListItem","position":2,"name":"Boutique","item":"https:\/\/otbb.org\/boutique-et-livres\/"},{"@type":"ListItem","position":3,"name":"Andr\u00e9 MorizetUn Maire constructeur"}]},{"@type":"WebSite","@id":"https:\/\/otbb.org\/#website","url":"https:\/\/otbb.org\/","name":"OTBB","description":"Bienvenue sur le site de l\u2019office du tourisme de Boulogne Billancourt","publisher":{"@id":"https:\/\/otbb.org\/#organization"},"potentialAction":[{"@type":"SearchAction","target":{"@type":"EntryPoint","urlTemplate":"https:\/\/otbb.org\/?s={search_term_string}"},"query-input":{"@type":"PropertyValueSpecification","valueRequired":true,"valueName":"search_term_string"}}],"inLanguage":"en-GB"},{"@type":"Organization","@id":"https:\/\/otbb.org\/#organization","name":"OTBB","url":"https:\/\/otbb.org\/","logo":{"@type":"ImageObject","inLanguage":"en-GB","@id":"https:\/\/otbb.org\/#\/schema\/logo\/image\/","url":"https:\/\/otbb.org\/wp-content\/uploads\/2024\/04\/cropped-logo_OTBB_horiz_QUADRI.webp","contentUrl":"https:\/\/otbb.org\/wp-content\/uploads\/2024\/04\/cropped-logo_OTBB_horiz_QUADRI.webp","width":1035,"height":345,"caption":"OTBB"},"image":{"@id":"https:\/\/otbb.org\/#\/schema\/logo\/image\/"},"sameAs":["https:\/\/www.facebook.com\/OTBB92\/","https:\/\/x.com\/OTBB92","https:\/\/www.instagram.com\/otbb92\/"]}]}},"_links":{"self":[{"href":"https:\/\/otbb.org\/en\/wp-json\/wp\/v2\/product\/9091","targetHints":{"allow":["GET"]}}],"collection":[{"href":"https:\/\/otbb.org\/en\/wp-json\/wp\/v2\/product"}],"about":[{"href":"https:\/\/otbb.org\/en\/wp-json\/wp\/v2\/types\/product"}],"replies":[{"embeddable":true,"href":"https:\/\/otbb.org\/en\/wp-json\/wp\/v2\/comments?post=9091"}],"version-history":[{"count":3,"href":"https:\/\/otbb.org\/en\/wp-json\/wp\/v2\/product\/9091\/revisions"}],"predecessor-version":[{"id":38020,"href":"https:\/\/otbb.org\/en\/wp-json\/wp\/v2\/product\/9091\/revisions\/38020"}],"wp:featuredmedia":[{"embeddable":true,"href":"https:\/\/otbb.org\/en\/wp-json\/wp\/v2\/media\/38021"}],"wp:attachment":[{"href":"https:\/\/otbb.org\/en\/wp-json\/wp\/v2\/media?parent=9091"}],"wp:term":[{"taxonomy":"product_brand","embeddable":true,"href":"https:\/\/otbb.org\/en\/wp-json\/wp\/v2\/product_brand?post=9091"},{"taxonomy":"product_cat","embeddable":true,"href":"https:\/\/otbb.org\/en\/wp-json\/wp\/v2\/product_cat?post=9091"},{"taxonomy":"product_tag","embeddable":true,"href":"https:\/\/otbb.org\/en\/wp-json\/wp\/v2\/product_tag?post=9091"}],"curies":[{"name":"wp","href":"https:\/\/api.w.org\/{rel}","templated":true}]}}