{"id":9094,"date":"2021-10-06T12:22:20","date_gmt":"2021-10-06T12:22:20","guid":{"rendered":"https:\/\/otbb.org\/?post_type=product&#038;p=9094"},"modified":"2025-02-25T10:42:38","modified_gmt":"2025-02-25T10:42:38","slug":"boulogne-billancourt-art-deco","status":"publish","type":"product","link":"https:\/\/otbb.org\/en\/product\/boulogne-billancourt-art-deco\/","title":{"rendered":"Livre<br>Boulogne-Billancourt Art D\u00e9co"},"content":{"rendered":"<p><b>\u00c9ditions FATON<\/b><b><br \/>\n<\/b><span style=\"font-weight: 400;\">d\u2019Emmanuel Br\u00e9on et Hubert Cavaniol. Photographies de Laurent Thion.<\/span><span style=\"font-weight: 400;\"><br \/>\n<\/span><span style=\"font-weight: 400;\">Ouvrage bilingue anglais-fran\u00e7ais, 256 p., 200 illustrations<\/span><span style=\"font-weight: 400;\"><br \/>\n<\/span><span style=\"font-weight: 400;\"><br \/>\n<\/span><span style=\"font-weight: 400;\">Disponible \u00e0 l\u2019Office de Tourisme de Boulogne-Billancourt, dans les librairies et la FNAC.<\/span><span style=\"font-weight: 400;\"><br \/>\n<\/span><span style=\"font-weight: 400;\">\u00c9galement sur le site de l\u2019\u00e9diteur : faton.fr<\/span><\/p>\n<p>&nbsp;<\/p>","protected":false},"excerpt":{"rendered":"<p><span style=\"font-weight: 400;\">\u00ab L\u2019Art d\u00e9co est bien plus qu\u2019un trait de personnalit\u00e9 de Boulogne-Billancourt, c\u2019est un geste culturel et artistique qui en signe l\u2019ADN et inspire son avenir d\u2019un esprit r\u00e9solument pionnier et avant-gardiste \u00bb. <\/span><\/p>\n<p><span style=\"font-weight: 400;\">C\u2019est ainsi que le maire Pierre-Christophe Baguet pr\u00e9face le splendide ouvrage d\u00e9di\u00e9 \u00e0 la forte identit\u00e9 artistique de la ville, compos\u00e9 par Emmanuel Br\u00e9on, pr\u00e9sident d\u2019Art d\u00e9co de France et Hubert Cavaniol, autour des superbes photographies de Laurent Thion.<\/span><\/p>\n<p>&nbsp;<\/p>\n<p>&nbsp;<\/p>","protected":false},"featured_media":16477,"comment_status":"open","ping_status":"closed","template":"","meta":{"_acf_changed":false,"om_disable_all_campaigns":false,"_monsterinsights_skip_tracking":false,"_monsterinsights_sitenote_active":false,"_monsterinsights_sitenote_note":"","_monsterinsights_sitenote_category":0,"_uf_show_specific_survey":0,"_uf_disable_surveys":false,"_themeisle_gutenberg_block_has_review":false},"product_brand":[],"product_cat":[39],"product_tag":[],"class_list":{"0":"post-9094","1":"product","2":"type-product","3":"status-publish","4":"has-post-thumbnail","6":"product_cat-livres-et-guides","7":"entry","9":"first","10":"instock","11":"taxable","12":"shipping-taxable","13":"purchasable","14":"product-type-simple"},"acf":[],"yoast_head":"<!-- This site is optimized with the Yoast SEO plugin v27.4 - https:\/\/yoast.com\/product\/yoast-seo-wordpress\/ -->\n<title>LivreBoulogne-Billancourt Art D\u00e9co - OTBB<\/title>\n<meta name=\"robots\" content=\"index, follow, max-snippet:-1, max-image-preview:large, max-video-preview:-1\" \/>\n<link rel=\"canonical\" href=\"https:\/\/otbb.org\/en\/product\/boulogne-billancourt-art-deco\/\" \/>\n<meta property=\"og:locale\" content=\"en_GB\" \/>\n<meta property=\"og:type\" content=\"article\" \/>\n<meta property=\"og:title\" content=\"LivreBoulogne-Billancourt Art D\u00e9co - OTBB\" \/>\n<meta property=\"og:description\" content=\"\u00ab L\u2019Art d\u00e9co est bien plus qu\u2019un trait de personnalit\u00e9 de Boulogne-Billancourt, c\u2019est un geste culturel et artistique qui en signe l\u2019ADN et inspire son avenir d\u2019un esprit r\u00e9solument pionnier et avant-gardiste \u00bb.   C\u2019est ainsi que le maire Pierre-Christophe Baguet pr\u00e9face le splendide ouvrage d\u00e9di\u00e9 \u00e0 la forte identit\u00e9 artistique de la ville, compos\u00e9 par Emmanuel Br\u00e9on, pr\u00e9sident d\u2019Art d\u00e9co de France et Hubert Cavaniol, autour des superbes photographies de Laurent Thion.  &nbsp;  &nbsp;\" \/>\n<meta property=\"og:url\" content=\"https:\/\/otbb.org\/en\/product\/boulogne-billancourt-art-deco\/\" \/>\n<meta property=\"og:site_name\" content=\"OTBB\" \/>\n<meta property=\"article:publisher\" content=\"https:\/\/www.facebook.com\/OTBB92\/\" \/>\n<meta property=\"article:modified_time\" content=\"2025-02-25T10:42:38+00:00\" \/>\n<meta property=\"og:image\" content=\"https:\/\/otbb.org\/wp-content\/uploads\/2021\/10\/Livre-Art-Deco_5_photo_Philippe_Fuzeau_2020.jpg\" \/>\n\t<meta property=\"og:image:width\" content=\"1000\" \/>\n\t<meta property=\"og:image:height\" content=\"978\" \/>\n\t<meta property=\"og:image:type\" content=\"image\/jpeg\" \/>\n<meta name=\"twitter:card\" content=\"summary_large_image\" \/>\n<meta name=\"twitter:site\" content=\"@OTBB92\" \/>\n<script type=\"application\/ld+json\" class=\"yoast-schema-graph\">{\"@context\":\"https:\\\/\\\/schema.org\",\"@graph\":[{\"@type\":\"WebPage\",\"@id\":\"https:\\\/\\\/otbb.org\\\/produit\\\/boulogne-billancourt-art-deco\\\/\",\"url\":\"https:\\\/\\\/otbb.org\\\/produit\\\/boulogne-billancourt-art-deco\\\/\",\"name\":\"Livre Boulogne-Billancourt Art D\u00e9co - OTBB\",\"isPartOf\":{\"@id\":\"https:\\\/\\\/otbb.org\\\/#website\"},\"primaryImageOfPage\":{\"@id\":\"https:\\\/\\\/otbb.org\\\/produit\\\/boulogne-billancourt-art-deco\\\/#primaryimage\"},\"image\":{\"@id\":\"https:\\\/\\\/otbb.org\\\/produit\\\/boulogne-billancourt-art-deco\\\/#primaryimage\"},\"thumbnailUrl\":\"https:\\\/\\\/otbb.org\\\/wp-content\\\/uploads\\\/2021\\\/10\\\/Livre-Art-Deco_5_photo_Philippe_Fuzeau_2020.jpg\",\"datePublished\":\"2021-10-06T12:22:20+00:00\",\"dateModified\":\"2025-02-25T10:42:38+00:00\",\"breadcrumb\":{\"@id\":\"https:\\\/\\\/otbb.org\\\/produit\\\/boulogne-billancourt-art-deco\\\/#breadcrumb\"},\"inLanguage\":\"en-GB\",\"potentialAction\":[{\"@type\":\"ReadAction\",\"target\":[\"https:\\\/\\\/otbb.org\\\/produit\\\/boulogne-billancourt-art-deco\\\/\"]}]},{\"@type\":\"ImageObject\",\"inLanguage\":\"en-GB\",\"@id\":\"https:\\\/\\\/otbb.org\\\/produit\\\/boulogne-billancourt-art-deco\\\/#primaryimage\",\"url\":\"https:\\\/\\\/otbb.org\\\/wp-content\\\/uploads\\\/2021\\\/10\\\/Livre-Art-Deco_5_photo_Philippe_Fuzeau_2020.jpg\",\"contentUrl\":\"https:\\\/\\\/otbb.org\\\/wp-content\\\/uploads\\\/2021\\\/10\\\/Livre-Art-Deco_5_photo_Philippe_Fuzeau_2020.jpg\",\"width\":1000,\"height\":978,\"caption\":\"livre art d\u00e9co Boulogne Billancourt\"},{\"@type\":\"BreadcrumbList\",\"@id\":\"https:\\\/\\\/otbb.org\\\/produit\\\/boulogne-billancourt-art-deco\\\/#breadcrumb\",\"itemListElement\":[{\"@type\":\"ListItem\",\"position\":1,\"name\":\"Accueil\",\"item\":\"https:\\\/\\\/otbb.org\\\/\"},{\"@type\":\"ListItem\",\"position\":2,\"name\":\"Boutique\",\"item\":\"https:\\\/\\\/otbb.org\\\/boutique-et-livres\\\/\"},{\"@type\":\"ListItem\",\"position\":3,\"name\":\"LivreBoulogne-Billancourt Art D\u00e9co\"}]},{\"@type\":\"WebSite\",\"@id\":\"https:\\\/\\\/otbb.org\\\/#website\",\"url\":\"https:\\\/\\\/otbb.org\\\/\",\"name\":\"OTBB\",\"description\":\"Bienvenue sur le site de l\u2019office du tourisme de Boulogne Billancourt\",\"publisher\":{\"@id\":\"https:\\\/\\\/otbb.org\\\/#organization\"},\"potentialAction\":[{\"@type\":\"SearchAction\",\"target\":{\"@type\":\"EntryPoint\",\"urlTemplate\":\"https:\\\/\\\/otbb.org\\\/?s={search_term_string}\"},\"query-input\":{\"@type\":\"PropertyValueSpecification\",\"valueRequired\":true,\"valueName\":\"search_term_string\"}}],\"inLanguage\":\"en-GB\"},{\"@type\":\"Organization\",\"@id\":\"https:\\\/\\\/otbb.org\\\/#organization\",\"name\":\"OTBB\",\"url\":\"https:\\\/\\\/otbb.org\\\/\",\"logo\":{\"@type\":\"ImageObject\",\"inLanguage\":\"en-GB\",\"@id\":\"https:\\\/\\\/otbb.org\\\/#\\\/schema\\\/logo\\\/image\\\/\",\"url\":\"https:\\\/\\\/otbb.org\\\/wp-content\\\/uploads\\\/2024\\\/04\\\/cropped-logo_OTBB_horiz_QUADRI.webp\",\"contentUrl\":\"https:\\\/\\\/otbb.org\\\/wp-content\\\/uploads\\\/2024\\\/04\\\/cropped-logo_OTBB_horiz_QUADRI.webp\",\"width\":1035,\"height\":345,\"caption\":\"OTBB\"},\"image\":{\"@id\":\"https:\\\/\\\/otbb.org\\\/#\\\/schema\\\/logo\\\/image\\\/\"},\"sameAs\":[\"https:\\\/\\\/www.facebook.com\\\/OTBB92\\\/\",\"https:\\\/\\\/x.com\\\/OTBB92\",\"https:\\\/\\\/www.instagram.com\\\/otbb92\\\/\"]}]}<\/script>\n<!-- \/ Yoast SEO plugin. -->","yoast_head_json":{"title":"LivreBoulogne-Billancourt Art D\u00e9co - OTBB","robots":{"index":"index","follow":"follow","max-snippet":"max-snippet:-1","max-image-preview":"max-image-preview:large","max-video-preview":"max-video-preview:-1"},"canonical":"https:\/\/otbb.org\/en\/product\/boulogne-billancourt-art-deco\/","og_locale":"en_GB","og_type":"article","og_title":"LivreBoulogne-Billancourt Art D\u00e9co - OTBB","og_description":"\u00ab L\u2019Art d\u00e9co est bien plus qu\u2019un trait de personnalit\u00e9 de Boulogne-Billancourt, c\u2019est un geste culturel et artistique qui en signe l\u2019ADN et inspire son avenir d\u2019un esprit r\u00e9solument pionnier et avant-gardiste \u00bb.   C\u2019est ainsi que le maire Pierre-Christophe Baguet pr\u00e9face le splendide ouvrage d\u00e9di\u00e9 \u00e0 la forte identit\u00e9 artistique de la ville, compos\u00e9 par Emmanuel Br\u00e9on, pr\u00e9sident d\u2019Art d\u00e9co de France et Hubert Cavaniol, autour des superbes photographies de Laurent Thion.  &nbsp;  &nbsp;","og_url":"https:\/\/otbb.org\/en\/product\/boulogne-billancourt-art-deco\/","og_site_name":"OTBB","article_publisher":"https:\/\/www.facebook.com\/OTBB92\/","article_modified_time":"2025-02-25T10:42:38+00:00","og_image":[{"width":1000,"height":978,"url":"https:\/\/otbb.org\/wp-content\/uploads\/2021\/10\/Livre-Art-Deco_5_photo_Philippe_Fuzeau_2020.jpg","type":"image\/jpeg"}],"twitter_card":"summary_large_image","twitter_site":"@OTBB92","schema":{"@context":"https:\/\/schema.org","@graph":[{"@type":"WebPage","@id":"https:\/\/otbb.org\/produit\/boulogne-billancourt-art-deco\/","url":"https:\/\/otbb.org\/produit\/boulogne-billancourt-art-deco\/","name":"Livre Boulogne-Billancourt Art D\u00e9co - OTBB","isPartOf":{"@id":"https:\/\/otbb.org\/#website"},"primaryImageOfPage":{"@id":"https:\/\/otbb.org\/produit\/boulogne-billancourt-art-deco\/#primaryimage"},"image":{"@id":"https:\/\/otbb.org\/produit\/boulogne-billancourt-art-deco\/#primaryimage"},"thumbnailUrl":"https:\/\/otbb.org\/wp-content\/uploads\/2021\/10\/Livre-Art-Deco_5_photo_Philippe_Fuzeau_2020.jpg","datePublished":"2021-10-06T12:22:20+00:00","dateModified":"2025-02-25T10:42:38+00:00","breadcrumb":{"@id":"https:\/\/otbb.org\/produit\/boulogne-billancourt-art-deco\/#breadcrumb"},"inLanguage":"en-GB","potentialAction":[{"@type":"ReadAction","target":["https:\/\/otbb.org\/produit\/boulogne-billancourt-art-deco\/"]}]},{"@type":"ImageObject","inLanguage":"en-GB","@id":"https:\/\/otbb.org\/produit\/boulogne-billancourt-art-deco\/#primaryimage","url":"https:\/\/otbb.org\/wp-content\/uploads\/2021\/10\/Livre-Art-Deco_5_photo_Philippe_Fuzeau_2020.jpg","contentUrl":"https:\/\/otbb.org\/wp-content\/uploads\/2021\/10\/Livre-Art-Deco_5_photo_Philippe_Fuzeau_2020.jpg","width":1000,"height":978,"caption":"livre art d\u00e9co Boulogne Billancourt"},{"@type":"BreadcrumbList","@id":"https:\/\/otbb.org\/produit\/boulogne-billancourt-art-deco\/#breadcrumb","itemListElement":[{"@type":"ListItem","position":1,"name":"Accueil","item":"https:\/\/otbb.org\/"},{"@type":"ListItem","position":2,"name":"Boutique","item":"https:\/\/otbb.org\/boutique-et-livres\/"},{"@type":"ListItem","position":3,"name":"LivreBoulogne-Billancourt Art D\u00e9co"}]},{"@type":"WebSite","@id":"https:\/\/otbb.org\/#website","url":"https:\/\/otbb.org\/","name":"OTBB","description":"Bienvenue sur le site de l\u2019office du tourisme de Boulogne Billancourt","publisher":{"@id":"https:\/\/otbb.org\/#organization"},"potentialAction":[{"@type":"SearchAction","target":{"@type":"EntryPoint","urlTemplate":"https:\/\/otbb.org\/?s={search_term_string}"},"query-input":{"@type":"PropertyValueSpecification","valueRequired":true,"valueName":"search_term_string"}}],"inLanguage":"en-GB"},{"@type":"Organization","@id":"https:\/\/otbb.org\/#organization","name":"OTBB","url":"https:\/\/otbb.org\/","logo":{"@type":"ImageObject","inLanguage":"en-GB","@id":"https:\/\/otbb.org\/#\/schema\/logo\/image\/","url":"https:\/\/otbb.org\/wp-content\/uploads\/2024\/04\/cropped-logo_OTBB_horiz_QUADRI.webp","contentUrl":"https:\/\/otbb.org\/wp-content\/uploads\/2024\/04\/cropped-logo_OTBB_horiz_QUADRI.webp","width":1035,"height":345,"caption":"OTBB"},"image":{"@id":"https:\/\/otbb.org\/#\/schema\/logo\/image\/"},"sameAs":["https:\/\/www.facebook.com\/OTBB92\/","https:\/\/x.com\/OTBB92","https:\/\/www.instagram.com\/otbb92\/"]}]}},"_links":{"self":[{"href":"https:\/\/otbb.org\/en\/wp-json\/wp\/v2\/product\/9094","targetHints":{"allow":["GET"]}}],"collection":[{"href":"https:\/\/otbb.org\/en\/wp-json\/wp\/v2\/product"}],"about":[{"href":"https:\/\/otbb.org\/en\/wp-json\/wp\/v2\/types\/product"}],"replies":[{"embeddable":true,"href":"https:\/\/otbb.org\/en\/wp-json\/wp\/v2\/comments?post=9094"}],"version-history":[{"count":1,"href":"https:\/\/otbb.org\/en\/wp-json\/wp\/v2\/product\/9094\/revisions"}],"predecessor-version":[{"id":38012,"href":"https:\/\/otbb.org\/en\/wp-json\/wp\/v2\/product\/9094\/revisions\/38012"}],"wp:featuredmedia":[{"embeddable":true,"href":"https:\/\/otbb.org\/en\/wp-json\/wp\/v2\/media\/16477"}],"wp:attachment":[{"href":"https:\/\/otbb.org\/en\/wp-json\/wp\/v2\/media?parent=9094"}],"wp:term":[{"taxonomy":"product_brand","embeddable":true,"href":"https:\/\/otbb.org\/en\/wp-json\/wp\/v2\/product_brand?post=9094"},{"taxonomy":"product_cat","embeddable":true,"href":"https:\/\/otbb.org\/en\/wp-json\/wp\/v2\/product_cat?post=9094"},{"taxonomy":"product_tag","embeddable":true,"href":"https:\/\/otbb.org\/en\/wp-json\/wp\/v2\/product_tag?post=9094"}],"curies":[{"name":"wp","href":"https:\/\/api.w.org\/{rel}","templated":true}]}}